{"id":274,"date":"2017-04-24T15:19:38","date_gmt":"2017-04-24T13:19:38","guid":{"rendered":"http:\/\/ww2.ville-blanzat.fr\/?page_id=274"},"modified":"2024-04-23T14:51:15","modified_gmt":"2024-04-23T12:51:15","slug":"les-services","status":"publish","type":"page","link":"https:\/\/www.ville-blanzat.fr\/index.php\/les-services\/","title":{"rendered":"ANNUAIRE"},"content":{"rendered":"\n<div class=\"wp-block-media-text alignwide is-stacked-on-mobile is-vertically-aligned-center is-image-fill\" style=\"grid-template-columns:56% auto\"><figure class=\"wp-block-media-text__media\" style=\"background-image:url(https:\/\/www.ville-blanzat.fr\/wp-content\/uploads\/2024\/04\/Capture-decran-2024-04-15-092502-1024x677.png);background-position:50% 50%\"><img fetchpriority=\"high\" decoding=\"async\" width=\"1024\" height=\"677\" src=\"https:\/\/www.ville-blanzat.fr\/wp-content\/uploads\/2024\/04\/Capture-decran-2024-04-15-092502-1024x677.png\" alt=\"\" class=\"wp-image-7855 size-full\" srcset=\"https:\/\/www.ville-blanzat.fr\/wp-content\/uploads\/2024\/04\/Capture-decran-2024-04-15-092502-1024x677.png 1024w, https:\/\/www.ville-blanzat.fr\/wp-content\/uploads\/2024\/04\/Capture-decran-2024-04-15-092502-300x198.png 300w, https:\/\/www.ville-blanzat.fr\/wp-content\/uploads\/2024\/04\/Capture-decran-2024-04-15-092502-768x508.png 768w, https:\/\/www.ville-blanzat.fr\/wp-content\/uploads\/2024\/04\/Capture-decran-2024-04-15-092502-303x200.png 303w, https:\/\/www.ville-blanzat.fr\/wp-content\/uploads\/2024\/04\/Capture-decran-2024-04-15-092502.png 1145w\" sizes=\"(max-width: 1024px) 100vw, 1024px\" \/><\/figure><div class=\"wp-block-media-text__content\">\n<h2 class=\"wp-block-heading animated fadeInRight has-text-color\" style=\"color:#000000;font-size:32px\"><strong><strong>ASSOCIATIONS<\/strong><\/strong><\/h2>\n\n\n\n<p class=\"has-text-color\" style=\"color:#000000;font-size:17px\">D\u00e9couvrez la diversit\u00e9 des associations actives dans notre commune et trouvez celle qui correspond \u00e0 vos centres d&rsquo;int\u00e9r\u00eat.<\/p>\n\n\n\n<div class=\"wp-block-buttons is-layout-flex wp-block-buttons-is-layout-flex\">\n<div class=\"wp-block-button is-style-fill\"><a class=\"wp-block-button__link wp-element-button\" href=\"https:\/\/www.ville-blanzat.fr\/index.php\/associations\/\">EN SAVOIR PLUS<\/a><\/div>\n<\/div>\n<\/div><\/div>\n\n\n\n<p><\/p>\n\n\n\n<div class=\"wp-block-media-text alignwide is-stacked-on-mobile is-vertically-aligned-center is-image-fill\" style=\"grid-template-columns:56% auto\"><figure class=\"wp-block-media-text__media\" style=\"background-image:url(https:\/\/www.ville-blanzat.fr\/wp-content\/uploads\/2024\/04\/Capture-decran-2024-04-15-113759-1024x675.png);background-position:50% 50%\"><img decoding=\"async\" width=\"1024\" height=\"675\" src=\"https:\/\/www.ville-blanzat.fr\/wp-content\/uploads\/2024\/04\/Capture-decran-2024-04-15-113759-1024x675.png\" alt=\"\" class=\"wp-image-7865 size-full\" srcset=\"https:\/\/www.ville-blanzat.fr\/wp-content\/uploads\/2024\/04\/Capture-decran-2024-04-15-113759-1024x675.png 1024w, https:\/\/www.ville-blanzat.fr\/wp-content\/uploads\/2024\/04\/Capture-decran-2024-04-15-113759-300x198.png 300w, https:\/\/www.ville-blanzat.fr\/wp-content\/uploads\/2024\/04\/Capture-decran-2024-04-15-113759-768x506.png 768w, https:\/\/www.ville-blanzat.fr\/wp-content\/uploads\/2024\/04\/Capture-decran-2024-04-15-113759-303x200.png 303w, https:\/\/www.ville-blanzat.fr\/wp-content\/uploads\/2024\/04\/Capture-decran-2024-04-15-113759.png 1156w\" sizes=\"(max-width: 1024px) 100vw, 1024px\" \/><\/figure><div class=\"wp-block-media-text__content\">\n<h2 class=\"wp-block-heading animated fadeInRight slower has-text-color\" style=\"color:#000000;font-size:32px\"><strong><strong>MAIRIE ET ECOLE<\/strong><\/strong><\/h2>\n\n\n\n<p class=\"has-text-color\" style=\"color:#000000;font-size:17px\">Trouvez ici les coordonn\u00e9es pour contacter les services municipaux et les \u00e9tablissements scolaires de notre commune.<\/p>\n\n\n\n<div class=\"wp-block-buttons is-layout-flex wp-block-buttons-is-layout-flex\">\n<div class=\"wp-block-button is-style-fill\"><a class=\"wp-block-button__link wp-element-button\" href=\"https:\/\/www.ville-blanzat.fr\/index.php\/mairie-et-ecole\/\">EN SAVOIR PLUS<\/a><\/div>\n<\/div>\n<\/div><\/div>\n\n\n\n<p><\/p>\n\n\n\n<p><\/p>\n\n\n\n<div class=\"wp-block-media-text alignwide is-stacked-on-mobile is-vertically-aligned-center is-image-fill\" style=\"grid-template-columns:56% auto\"><figure class=\"wp-block-media-text__media\" style=\"background-image:url(https:\/\/www.ville-blanzat.fr\/wp-content\/uploads\/2024\/04\/Capture-decran-2024-04-16-085901.png);background-position:50% 50%\"><img decoding=\"async\" width=\"587\" height=\"758\" src=\"https:\/\/www.ville-blanzat.fr\/wp-content\/uploads\/2024\/04\/Capture-decran-2024-04-16-085901.png\" alt=\"\" class=\"wp-image-8033 size-full\" srcset=\"https:\/\/www.ville-blanzat.fr\/wp-content\/uploads\/2024\/04\/Capture-decran-2024-04-16-085901.png 587w, https:\/\/www.ville-blanzat.fr\/wp-content\/uploads\/2024\/04\/Capture-decran-2024-04-16-085901-232x300.png 232w, https:\/\/www.ville-blanzat.fr\/wp-content\/uploads\/2024\/04\/Capture-decran-2024-04-16-085901-155x200.png 155w\" sizes=\"(max-width: 587px) 100vw, 587px\" \/><\/figure><div class=\"wp-block-media-text__content\">\n<h2 class=\"wp-block-heading animated fadeInRight slow has-text-color\" style=\"color:#000000;font-size:32px\"><strong><strong>COMMERCES<\/strong><\/strong><\/h2>\n\n\n\n<p class=\"has-text-color\" style=\"color:#000000;font-size:17px\">Retrouvez ici les informations sur les commerces locaux qui contribuent \u00e0 la vie \u00e9conomique et sociale de notre commune.<\/p>\n\n\n\n<div class=\"wp-block-buttons is-layout-flex wp-block-buttons-is-layout-flex\">\n<div class=\"wp-block-button is-style-fill\"><a class=\"wp-block-button__link wp-element-button\" href=\"https:\/\/www.ville-blanzat.fr\/index.php\/commerces\/\">EN SAVOIR PLUS<\/a><\/div>\n<\/div>\n<\/div><\/div>\n","protected":false},"excerpt":{"rendered":"","protected":false},"author":1,"featured_media":7851,"parent":0,"menu_order":0,"comment_status":"closed","ping_status":"closed","template":"","meta":{"footnotes":""},"class_list":["post-274","page","type-page","status-publish","has-post-thumbnail","hentry"],"aioseo_notices":[],"_links":{"self":[{"href":"https:\/\/www.ville-blanzat.fr\/index.php\/wp-json\/wp\/v2\/pages\/274","targetHints":{"allow":["GET"]}}],"collection":[{"href":"https:\/\/www.ville-blanzat.fr\/index.php\/wp-json\/wp\/v2\/pages"}],"about":[{"href":"https:\/\/www.ville-blanzat.fr\/index.php\/wp-json\/wp\/v2\/types\/page"}],"author":[{"embeddable":true,"href":"https:\/\/www.ville-blanzat.fr\/index.php\/wp-json\/wp\/v2\/users\/1"}],"replies":[{"embeddable":true,"href":"https:\/\/www.ville-blanzat.fr\/index.php\/wp-json\/wp\/v2\/comments?post=274"}],"version-history":[{"count":20,"href":"https:\/\/www.ville-blanzat.fr\/index.php\/wp-json\/wp\/v2\/pages\/274\/revisions"}],"predecessor-version":[{"id":8478,"href":"https:\/\/www.ville-blanzat.fr\/index.php\/wp-json\/wp\/v2\/pages\/274\/revisions\/8478"}],"wp:featuredmedia":[{"embeddable":true,"href":"https:\/\/www.ville-blanzat.fr\/index.php\/wp-json\/wp\/v2\/media\/7851"}],"wp:attachment":[{"href":"https:\/\/www.ville-blanzat.fr\/index.php\/wp-json\/wp\/v2\/media?parent=274"}],"curies":[{"name":"wp","href":"https:\/\/api.w.org\/{rel}","templated":true}]}}