{"id":278,"date":"2017-04-24T15:19:38","date_gmt":"2017-04-24T13:19:38","guid":{"rendered":"http:\/\/ww2.ville-blanzat.fr\/?page_id=278"},"modified":"2024-05-07T15:19:33","modified_gmt":"2024-05-07T13:19:33","slug":"centre-de-loisirs","status":"publish","type":"page","link":"https:\/\/www.ville-blanzat.fr\/index.php\/centre-de-loisirs\/","title":{"rendered":"CENTRE DE LOISIRS"},"content":{"rendered":"\n<h4 class=\"wp-block-heading has-text-align-center animated bounceIn\">Le portail num\u00e9rique de l&rsquo;accueil de loisir fait peau neuve !<\/h4>\n\n\n\n<p class=\"has-text-align-center animated fadeIn\">Vous pourrez d\u00e9sormais retrouver toutes les informations relatives au centre de loisir et \u00e0 l&rsquo;accueil p\u00e9riscolaire sur le site internet d\u00e9di\u00e9 !<br><strong>Inscriptions, tarifs, pr\u00e9sentation des activit\u00e9s, tout ce qu&rsquo;il y a \u00e0 savoir est disponible ici :<\/strong><\/p>\n\n\n\n<div class=\"wp-block-buttons is-content-justification-center is-layout-flex wp-container-core-buttons-is-layout-1 wp-block-buttons-is-layout-flex\">\n<div class=\"wp-block-button animated bounceIn\"><a class=\"wp-block-button__link has-accent-1-background-color has-background wp-element-button\" href=\"http:\/\/clsh.blanzat.free.fr\/index.php\">Accueil de loisir de Blanzat<\/a><\/div>\n<\/div>\n","protected":false},"excerpt":{"rendered":"<p>Le portail num\u00e9rique de l&rsquo;accueil de loisir fait peau neuve ! Vous pourrez d\u00e9sormais retrouver toutes les informations relatives au centre de loisir et \u00e0 l&rsquo;accueil p\u00e9riscolaire sur le site internet d\u00e9di\u00e9 !Inscriptions, tarifs, pr\u00e9sentation des activit\u00e9s, tout ce qu&rsquo;il y a \u00e0 savoir est disponible ici :<\/p>\n","protected":false},"author":1,"featured_media":594,"parent":0,"menu_order":0,"comment_status":"closed","ping_status":"closed","template":"","meta":{"footnotes":""},"class_list":["post-278","page","type-page","status-publish","has-post-thumbnail","hentry"],"aioseo_notices":[],"_links":{"self":[{"href":"https:\/\/www.ville-blanzat.fr\/index.php\/wp-json\/wp\/v2\/pages\/278","targetHints":{"allow":["GET"]}}],"collection":[{"href":"https:\/\/www.ville-blanzat.fr\/index.php\/wp-json\/wp\/v2\/pages"}],"about":[{"href":"https:\/\/www.ville-blanzat.fr\/index.php\/wp-json\/wp\/v2\/types\/page"}],"author":[{"embeddable":true,"href":"https:\/\/www.ville-blanzat.fr\/index.php\/wp-json\/wp\/v2\/users\/1"}],"replies":[{"embeddable":true,"href":"https:\/\/www.ville-blanzat.fr\/index.php\/wp-json\/wp\/v2\/comments?post=278"}],"version-history":[{"count":19,"href":"https:\/\/www.ville-blanzat.fr\/index.php\/wp-json\/wp\/v2\/pages\/278\/revisions"}],"predecessor-version":[{"id":8919,"href":"https:\/\/www.ville-blanzat.fr\/index.php\/wp-json\/wp\/v2\/pages\/278\/revisions\/8919"}],"wp:featuredmedia":[{"embeddable":true,"href":"https:\/\/www.ville-blanzat.fr\/index.php\/wp-json\/wp\/v2\/media\/594"}],"wp:attachment":[{"href":"https:\/\/www.ville-blanzat.fr\/index.php\/wp-json\/wp\/v2\/media?parent=278"}],"curies":[{"name":"wp","href":"https:\/\/api.w.org\/{rel}","templated":true}]}}