{"id":281,"date":"2017-04-24T15:19:38","date_gmt":"2017-04-24T13:19:38","guid":{"rendered":"http:\/\/ww2.ville-blanzat.fr\/?page_id=281"},"modified":"2024-04-29T14:46:28","modified_gmt":"2024-04-29T12:46:28","slug":"bassin-vallee-du-bedat","status":"publish","type":"page","link":"https:\/\/www.ville-blanzat.fr\/index.php\/bassin-vallee-du-bedat\/","title":{"rendered":"BASSIN VALL\u00c9E DU B\u00c9DAT"},"content":{"rendered":"<div id=\"metaslider-id-8195\" style=\"width: 100%; margin: 0 auto;\" class=\"ml-slider-3-107-0 metaslider metaslider-flex metaslider-8195 ml-slider has-carousel-mode ms-theme-default nav-hidden\" role=\"region\" aria-label=\"Bassin Vall\u00e9e du B\u00e9dat\" data-height=\"300\" data-width=\"700\">\n    <div id=\"metaslider_container_8195\">\n        <div id=\"metaslider_8195\">\n            <ul class='slides'>\n                <li style=\"display: none; width: 100%;\" class=\"slide-8204 ms-image \" aria-roledescription=\"slide\" data-date=\"2024-04-18 11:21:09\" data-filename=\"0L1A4146-1320x880-1-700x300.jpg\" data-slide-type=\"image\"><img fetchpriority=\"high\" decoding=\"async\" src=\"https:\/\/www.ville-blanzat.fr\/wp-content\/uploads\/2024\/04\/0L1A4146-1320x880-1-700x300.jpg\" height=\"300\" width=\"700\" alt=\"\" class=\"slider-8195 slide-8204 msDefaultImage\" title=\"0L1A4146-1320x880\" \/><\/li>\n                <li style=\"display: none; width: 100%;\" class=\"slide-8205 ms-image \" aria-roledescription=\"slide\" data-date=\"2024-04-18 11:21:12\" data-filename=\"DJI_0856-1320x741-1-700x300.jpg\" data-slide-type=\"image\"><img decoding=\"async\" src=\"https:\/\/www.ville-blanzat.fr\/wp-content\/uploads\/2024\/04\/DJI_0856-1320x741-1-700x300.jpg\" height=\"300\" width=\"700\" alt=\"\" class=\"slider-8195 slide-8205 msDefaultImage\" title=\"DJI_0856-1320x741\" \/><\/li>\n                <li style=\"display: none; width: 100%;\" class=\"slide-8206 ms-image \" aria-roledescription=\"slide\" data-date=\"2024-04-18 11:21:14\" data-filename=\"DJI_0857-1320x662-1-700x300.jpg\" data-slide-type=\"image\"><img decoding=\"async\" src=\"https:\/\/www.ville-blanzat.fr\/wp-content\/uploads\/2024\/04\/DJI_0857-1320x662-1-700x300.jpg\" height=\"300\" width=\"700\" alt=\"\" class=\"slider-8195 slide-8206 msDefaultImage\" title=\"DJI_0857-1320x662\" \/><\/li>\n                <li style=\"display: none; width: 100%;\" class=\"slide-8207 ms-image \" aria-roledescription=\"slide\" data-date=\"2024-04-18 11:21:16\" data-filename=\"DJI_0861-1320x741-1-700x300.jpg\" data-slide-type=\"image\"><img loading=\"lazy\" decoding=\"async\" src=\"https:\/\/www.ville-blanzat.fr\/wp-content\/uploads\/2024\/04\/DJI_0861-1320x741-1-700x300.jpg\" height=\"300\" width=\"700\" alt=\"\" class=\"slider-8195 slide-8207 msDefaultImage\" title=\"DJI_0861-1320x741\" \/><\/li>\n                <li style=\"display: none; width: 100%;\" class=\"slide-8208 ms-image \" aria-roledescription=\"slide\" data-date=\"2024-04-18 11:21:18\" data-filename=\"IMG_4037-1024x684-1-700x300.jpg\" data-slide-type=\"image\"><img loading=\"lazy\" decoding=\"async\" src=\"https:\/\/www.ville-blanzat.fr\/wp-content\/uploads\/2024\/04\/IMG_4037-1024x684-1-700x300.jpg\" height=\"300\" width=\"700\" alt=\"\" class=\"slider-8195 slide-8208 msDefaultImage\" title=\"IMG_4037-1024x684\" \/><\/li>\n                <li style=\"display: none; width: 100%;\" class=\"slide-8209 ms-image \" aria-roledescription=\"slide\" data-date=\"2024-04-18 11:21:20\" data-filename=\"IMG_4042-1024x684-1-700x300.jpg\" data-slide-type=\"image\"><img loading=\"lazy\" decoding=\"async\" src=\"https:\/\/www.ville-blanzat.fr\/wp-content\/uploads\/2024\/04\/IMG_4042-1024x684-1-700x300.jpg\" height=\"300\" width=\"700\" alt=\"\" class=\"slider-8195 slide-8209 msDefaultImage\" title=\"IMG_4042-1024x684\" \/><\/li>\n                <li style=\"display: none; width: 100%;\" class=\"slide-8210 ms-image \" aria-roledescription=\"slide\" data-date=\"2024-04-18 11:21:22\" data-filename=\"IMG_5749-1024x683-1-700x300.jpg\" data-slide-type=\"image\"><img loading=\"lazy\" decoding=\"async\" src=\"https:\/\/www.ville-blanzat.fr\/wp-content\/uploads\/2024\/04\/IMG_5749-1024x683-1-700x300.jpg\" height=\"300\" width=\"700\" alt=\"\" class=\"slider-8195 slide-8210 msDefaultImage\" title=\"IMG_5749-1024x683\" \/><\/li>\n                <li style=\"display: none; width: 100%;\" class=\"slide-8211 ms-image \" aria-roledescription=\"slide\" data-date=\"2024-04-18 11:21:24\" data-filename=\"P1170958-1024x576-1-700x300.jpg\" data-slide-type=\"image\"><img loading=\"lazy\" decoding=\"async\" src=\"https:\/\/www.ville-blanzat.fr\/wp-content\/uploads\/2024\/04\/P1170958-1024x576-1-700x300.jpg\" height=\"300\" width=\"700\" alt=\"\" class=\"slider-8195 slide-8211 msDefaultImage\" title=\"P1170958-1024x576\" \/><\/li>\n                <li style=\"display: none; width: 100%;\" class=\"slide-8215 ms-image \" aria-roledescription=\"slide\" data-date=\"2024-04-18 11:24:48\" data-filename=\"P1170958-1024x576-1-700x300.jpg\" data-slide-type=\"image\"><img loading=\"lazy\" decoding=\"async\" src=\"https:\/\/www.ville-blanzat.fr\/wp-content\/uploads\/2024\/04\/P1170958-1024x576-1-700x300.jpg\" height=\"300\" width=\"700\" alt=\"\" class=\"slider-8195 slide-8215 msDefaultImage\" title=\"P1170958-1024x576\" \/><\/li>\n            <\/ul>\n        <\/div>\n        \n    <\/div>\n<\/div>\n\n\n\n<div style=\"height:100px\" aria-hidden=\"true\" class=\"wp-block-spacer\"><\/div>\n\n\n\n<h2 class=\"wp-block-heading has-text-align-center animated fadeIn delay-1s slower\"><strong>Partez \u00e0 la d\u00e9couverte du Bassin de la Vall\u00e9e du B\u00e9dat<\/strong><\/h2>\n\n\n\n<p>Am\u00e9nag\u00e9 par <a class=\"style_1\" title=\"http:\/\/www.clermontcommunaute.net\/\" href=\"http:\/\/www.clermontmetropole.eu\">Clermont-Auvergne M\u00e9trople<\/a> et le SIVOM de la <span class=\"style_2\">Vall\u00e9e du B\u00e9dat<\/span>, le plan d\u2019eau s\u2019\u00e9tend sur trois communes\u00a0: Blanzat, Nohanent et Sayat.<\/p>\n\n\n\n<p>\u00c9pousant la bordure des C\u00f4tes de Clermont et \u00e0 la confluence des rivi\u00e8res de la Saussade et du B\u00e9dat, il assure une double fonction&nbsp;:<\/p>\n\n\n\n<ul class=\"wp-block-list\">\n<li>Hydraulique en tant que bassin d\u2019orage pouvant retenir les flots lors de crue importante,<\/li>\n\n\n\n<li>Ludique en tant que plan d\u2019eau permanent de 37 000 m3.<\/li>\n<\/ul>\n\n\n\n<p>D\u2019une surface de deux hectares, le site est am\u00e9nag\u00e9 afin d\u2019offrir des activit\u00e9s de loisirs et de d\u00e9tente&nbsp;: promenade, p\u00eache, mod\u00e9lisme nautique et certains \u00e9v\u00e9nements ponctuels.<\/p>\n\n\n\n<p>Ces activit\u00e9s ludiques sont g\u00e9r\u00e9es par le SIVOM et la <span class=\"style_2\">Soci\u00e9t\u00e9 de p\u00eache<\/span> de la Vall\u00e9e du B\u00e9dat.<\/p>\n","protected":false},"excerpt":{"rendered":"<p>Partez \u00e0 la d\u00e9couverte du Bassin de la Vall\u00e9e du B\u00e9dat Am\u00e9nag\u00e9 par Clermont-Auvergne M\u00e9trople et le SIVOM de la Vall\u00e9e du B\u00e9dat, le plan d\u2019eau s\u2019\u00e9tend sur trois communes\u00a0: Blanzat, Nohanent et Sayat. \u00c9pousant la bordure des C\u00f4tes de Clermont et \u00e0 la confluence des rivi\u00e8res de la Saussade &hellip;<\/p>\n","protected":false},"author":1,"featured_media":558,"parent":0,"menu_order":0,"comment_status":"closed","ping_status":"closed","template":"","meta":{"footnotes":""},"class_list":["post-281","page","type-page","status-publish","has-post-thumbnail","hentry"],"aioseo_notices":[],"_links":{"self":[{"href":"https:\/\/www.ville-blanzat.fr\/index.php\/wp-json\/wp\/v2\/pages\/281","targetHints":{"allow":["GET"]}}],"collection":[{"href":"https:\/\/www.ville-blanzat.fr\/index.php\/wp-json\/wp\/v2\/pages"}],"about":[{"href":"https:\/\/www.ville-blanzat.fr\/index.php\/wp-json\/wp\/v2\/types\/page"}],"author":[{"embeddable":true,"href":"https:\/\/www.ville-blanzat.fr\/index.php\/wp-json\/wp\/v2\/users\/1"}],"replies":[{"embeddable":true,"href":"https:\/\/www.ville-blanzat.fr\/index.php\/wp-json\/wp\/v2\/comments?post=281"}],"version-history":[{"count":14,"href":"https:\/\/www.ville-blanzat.fr\/index.php\/wp-json\/wp\/v2\/pages\/281\/revisions"}],"predecessor-version":[{"id":8639,"href":"https:\/\/www.ville-blanzat.fr\/index.php\/wp-json\/wp\/v2\/pages\/281\/revisions\/8639"}],"wp:featuredmedia":[{"embeddable":true,"href":"https:\/\/www.ville-blanzat.fr\/index.php\/wp-json\/wp\/v2\/media\/558"}],"wp:attachment":[{"href":"https:\/\/www.ville-blanzat.fr\/index.php\/wp-json\/wp\/v2\/media?parent=281"}],"curies":[{"name":"wp","href":"https:\/\/api.w.org\/{rel}","templated":true}]}}