{"id":283,"date":"2017-04-24T15:19:38","date_gmt":"2017-04-24T13:19:38","guid":{"rendered":"http:\/\/ww2.ville-blanzat.fr\/?page_id=283"},"modified":"2024-02-15T15:57:53","modified_gmt":"2024-02-15T14:57:53","slug":"collecte-de-dechets","status":"publish","type":"page","link":"https:\/\/www.ville-blanzat.fr\/index.php\/collecte-de-dechets\/","title":{"rendered":"COLLECTE DE DECHETS"},"content":{"rendered":"<h4 class=\"paragraph_style_3\"><strong>Collecte des d\u00e9chets non tri\u00e9s<\/strong> :<\/h4>\n<div id=\"c130\" class=\"csc-default\">\n<p class=\"bodytext\">Que vous habitiez dans une maison individuelle ou dans un appartement, il est toujours utile de savoir quand passent les camions qui viennent collecter les d\u00e9chetsLa direction gestion des d\u00e9chets \u00e9tudie actuellement les tourn\u00e9es de collecte afin de les optimiser et de les organiser en p\u00e9riode de jours f\u00e9ri\u00e9s.<\/p>\n<p><strong>Pour conna\u00eetre les jours de collecte :<\/strong><\/p>\n<\/div>\n<p><a href=\"https:\/\/www.clermontmetropole.eu\/preserver-recycler\/gestion-des-dechets\/jours-de-collecte\/?tx_einfodechets_listemode%5Baction%5D=list&amp;tx_einfodechets_listemode%5Bcontroller%5D=Jcollecte&amp;cHash=dc8a41d1399ce9c4022bb9df4b4900b5\">https:\/\/www.clermontmetropole.eu\/preserver-recycler\/gestion-des-dechets\/jours-de-collecte\/?tx_einfodechets_listemode%5Baction%5D=list&amp;tx_einfodechets_listemode%5Bcontroller%5D=Jcollecte&amp;cHash=dc8a41d1399ce9c4022bb9df4b4900b5<\/a><\/p>\n<h4 class=\"paragraph_style_3\"><strong>Dech<\/strong><strong>etterie<\/strong><strong><br \/>\n<\/strong><\/h4>\n<p class=\"paragraph_style_3\">Les d\u00e9chetteries sont accessibles \u00e0 tous mais avec des conditions diff\u00e9rentes selon la nature du d\u00e9positaire.<\/p>\n<p class=\"paragraph_style_3\">Pour <span class=\"style_2\">les particuliers et les associations<\/span>, le d\u00e9p\u00f4t est gratuit jusqu\u2019\u00e0 50 d\u00e9p\u00f4ts par an, au-del\u00e0 il sera factur\u00e9 10 \u20ac par d\u00e9p\u00f4t suppl\u00e9mentaire.<\/p>\n<p class=\"paragraph_style_3\">Pour <span class=\"style_2\">les professionnels<\/span>, le montant est de 48 \u20ac par d\u00e9p\u00f4t.<\/p>\n<p class=\"paragraph_style_3\">Remarques : l\u2019acc\u00e8s est interdit aux v\u00e9hicules de plus de 3,5 tonnes et les apports sont limit\u00e9s \u00e0 2 voyages par jour pour un m\u00eame type de d\u00e9chet, et \u00e0 2 m3 par apport.<\/p>\n<p class=\"paragraph_style_3\">L&rsquo;acc\u00e8s aux d\u00e9chetteries est possible sur pr\u00e9sentation du Pass D\u00e9chetteries au gardien.<\/p>\n<p class=\"paragraph_style_3\">Si vous \u00eates<span class=\"style_2\"> un particulier<\/span>, scannez un justificatif de domicile et <a class=\"style_5\" title=\"http:\/\/www.pass-dechetteries.clermontcommunaute.net\/compte\/choix\" href=\"https:\/\/pass-dechetteries.clermontmetropole.eu\/authentification\">cliquez ici<\/a><span class=\"style_6\">.<\/span><\/p>\n<p class=\"paragraph_style_3\">Si vous \u00eates <span class=\"style_2\">une association<\/span>, vous devez effectuer une demande \u00e9crite \u00e0 Clermont Communaut\u00e9 (en joignant un r\u00e9c\u00e9piss\u00e9 d&rsquo;enregistrement en Pr\u00e9fecture).<\/p>\n<p class=\"paragraph_style_3\">Si vous \u00eates <span class=\"style_2\">un professionnel<\/span>, scannez un extrait KBIS et <a class=\"style_5\" title=\"http:\/\/www.pass-dechetteries.clermontcommunaute.net\/compte\/choix\" href=\"https:\/\/pass-dechetteries.clermontmetropole.eu\/authentification\">cliquez ici<\/a><span class=\"style_6\">.<\/span><br \/>\nRemarque : vous pouvez demander jusqu&rsquo;\u00e0 5 cartes par entreprise.<\/p>\n<p class=\"paragraph_style_3\"><a href=\"http:\/\/ww2.ville-blanzat.fr\/wp-content\/uploads\/2017\/04\/shapeimage_6-2.png\"><img fetchpriority=\"high\" decoding=\"async\" class=\"alignleft size-full wp-image-178\" src=\"http:\/\/ww2.ville-blanzat.fr\/wp-content\/uploads\/2017\/04\/shapeimage_6-2.png\" alt=\"\" width=\"400\" height=\"300\" srcset=\"https:\/\/www.ville-blanzat.fr\/wp-content\/uploads\/2017\/04\/shapeimage_6-2.png 400w, https:\/\/www.ville-blanzat.fr\/wp-content\/uploads\/2017\/04\/shapeimage_6-2-300x225.png 300w, https:\/\/www.ville-blanzat.fr\/wp-content\/uploads\/2017\/04\/shapeimage_6-2-267x200.png 267w\" sizes=\"(max-width: 400px) 100vw, 400px\" \/><\/a><\/p>\n<p class=\"paragraph_style_2\">Consultez votre compte en ligne<span class=\"style_7\"><br \/>\n<\/span><\/p>\n<p class=\"paragraph_style_5\">Le pass permet de consulter votre compte et de visualiser l\u2019ensemble de vos d\u00e9p\u00f4ts sur l\u2019ann\u00e9e d\u00e8s le lendemain de votre passage en d\u00e9chetterie. Votre compte doit \u00eatre r\u00e9activ\u00e9 tous les 2 ans. A \u00e9ch\u00e9ance, vous recevrez une information indiquant la marche \u00e0 suivre.<\/p>\n<p class=\"paragraph_style_5\">Pour consulter votre compte, <a class=\"style_5\" title=\"http:\/\/www.pass-dechetteries.clermontcommunaute.net\/\" href=\"https:\/\/pass-dechetteries.clermontmetropole.eu\/authentification\">cliquez ici<\/a><span class=\"style_6\">.<\/span><\/p>\n<p class=\"paragraph_style_6\"><span class=\"style_8\">R\u00e9glement int\u00e9rieur\u00a0<\/span><span class=\"style_9\"><br \/>\n<\/span><a class=\"class1\" title=\"http:\/\/www.clermontcommunaute.net\/images\/stories\/Environnement\/dechetteries\/reglement.pdf\" href=\"http:\/\/www.clermontcommunaute.net\/images\/stories\/Environnement\/dechetteries\/reglement.pdf\">Cliquez pour le t\u00e9l\u00e9charger.<\/a><\/p>\n<p>contact: 04.63.66.95.30<\/p>\n","protected":false},"excerpt":{"rendered":"<p>Collecte des d\u00e9chets non tri\u00e9s : Que vous habitiez dans une maison individuelle ou dans un appartement, il est toujours utile de savoir quand passent les camions qui viennent collecter les d\u00e9chetsLa direction gestion des d\u00e9chets \u00e9tudie actuellement les tourn\u00e9es de collecte afin de les optimiser et de les organiser &hellip;<\/p>\n","protected":false},"author":1,"featured_media":0,"parent":0,"menu_order":0,"comment_status":"closed","ping_status":"closed","template":"","meta":{"footnotes":""},"class_list":["post-283","page","type-page","status-publish","hentry"],"aioseo_notices":[],"_links":{"self":[{"href":"https:\/\/www.ville-blanzat.fr\/index.php\/wp-json\/wp\/v2\/pages\/283","targetHints":{"allow":["GET"]}}],"collection":[{"href":"https:\/\/www.ville-blanzat.fr\/index.php\/wp-json\/wp\/v2\/pages"}],"about":[{"href":"https:\/\/www.ville-blanzat.fr\/index.php\/wp-json\/wp\/v2\/types\/page"}],"author":[{"embeddable":true,"href":"https:\/\/www.ville-blanzat.fr\/index.php\/wp-json\/wp\/v2\/users\/1"}],"replies":[{"embeddable":true,"href":"https:\/\/www.ville-blanzat.fr\/index.php\/wp-json\/wp\/v2\/comments?post=283"}],"version-history":[{"count":14,"href":"https:\/\/www.ville-blanzat.fr\/index.php\/wp-json\/wp\/v2\/pages\/283\/revisions"}],"predecessor-version":[{"id":7343,"href":"https:\/\/www.ville-blanzat.fr\/index.php\/wp-json\/wp\/v2\/pages\/283\/revisions\/7343"}],"wp:attachment":[{"href":"https:\/\/www.ville-blanzat.fr\/index.php\/wp-json\/wp\/v2\/media?parent=283"}],"curies":[{"name":"wp","href":"https:\/\/api.w.org\/{rel}","templated":true}]}}