{"id":285,"date":"2017-04-24T15:19:39","date_gmt":"2017-04-24T13:19:39","guid":{"rendered":"http:\/\/ww2.ville-blanzat.fr\/?page_id=285"},"modified":"2026-02-11T10:47:01","modified_gmt":"2026-02-11T09:47:01","slug":"centre-de-loisirs-peri-scolaire","status":"publish","type":"page","link":"https:\/\/www.ville-blanzat.fr\/index.php\/centre-de-loisirs-peri-scolaire\/","title":{"rendered":"CENTRE DE LOISIRS PERI-SCOLAIRE"},"content":{"rendered":"\n<h2 class=\"wp-block-heading animated backInLeft\">Renseignements et inscriptions<\/h2>\n\n\n\n<p>Adresse: Ecole&nbsp;Louis Blanc &#8211; 63112 Blanzat<\/p>\n\n\n\n<h2 class=\"wp-block-heading animated fadeIn\"><br>Contact<\/h2>\n\n\n\n<p>Aur\u00e9lie Goncalves<\/p>\n\n\n\n<p>T\u00e9l\u00e9phone: 04.73.88.10.59<br><a href=\"mailto:c.dionnet@ville-blanzat.fr\">service.periscolaire@ville-blanzat.fr<\/a><\/p>\n\n\n\n<div class=\"wp-block-buttons is-content-justification-center is-layout-flex wp-container-core-buttons-is-layout-1 wp-block-buttons-is-layout-flex\">\n<div class=\"wp-block-button animated bounceIn\"><a class=\"wp-block-button__link has-accent-1-background-color has-background wp-element-button\" href=\"https:\/\/www.ville-blanzat.fr\/wp-content\/uploads\/2024\/01\/reglementinterieurperiscolaire.pdf\">R\u00e8glement int\u00e9rieur 2023-2024<\/a><\/div>\n<\/div>\n\n\n\n<h2 class=\"wp-block-heading animated backInLeft\">Horaires garderie<\/h2>\n\n\n\n<p>De 7h \u00e0 8h20 et de 16h30 \u00e0 18h<\/p>\n","protected":false},"excerpt":{"rendered":"<p>Renseignements et inscriptions Adresse: Ecole&nbsp;Louis Blanc &#8211; 63112 Blanzat Contact Aur\u00e9lie Goncalves T\u00e9l\u00e9phone: 04.73.88.10.59service.periscolaire@ville-blanzat.fr Horaires garderie De 7h \u00e0 8h20 et de 16h30 \u00e0 18h<\/p>\n","protected":false},"author":1,"featured_media":4762,"parent":0,"menu_order":0,"comment_status":"closed","ping_status":"closed","template":"","meta":{"footnotes":""},"class_list":["post-285","page","type-page","status-publish","has-post-thumbnail","hentry"],"aioseo_notices":[],"_links":{"self":[{"href":"https:\/\/www.ville-blanzat.fr\/index.php\/wp-json\/wp\/v2\/pages\/285","targetHints":{"allow":["GET"]}}],"collection":[{"href":"https:\/\/www.ville-blanzat.fr\/index.php\/wp-json\/wp\/v2\/pages"}],"about":[{"href":"https:\/\/www.ville-blanzat.fr\/index.php\/wp-json\/wp\/v2\/types\/page"}],"author":[{"embeddable":true,"href":"https:\/\/www.ville-blanzat.fr\/index.php\/wp-json\/wp\/v2\/users\/1"}],"replies":[{"embeddable":true,"href":"https:\/\/www.ville-blanzat.fr\/index.php\/wp-json\/wp\/v2\/comments?post=285"}],"version-history":[{"count":24,"href":"https:\/\/www.ville-blanzat.fr\/index.php\/wp-json\/wp\/v2\/pages\/285\/revisions"}],"predecessor-version":[{"id":10321,"href":"https:\/\/www.ville-blanzat.fr\/index.php\/wp-json\/wp\/v2\/pages\/285\/revisions\/10321"}],"wp:featuredmedia":[{"embeddable":true,"href":"https:\/\/www.ville-blanzat.fr\/index.php\/wp-json\/wp\/v2\/media\/4762"}],"wp:attachment":[{"href":"https:\/\/www.ville-blanzat.fr\/index.php\/wp-json\/wp\/v2\/media?parent=285"}],"curies":[{"name":"wp","href":"https:\/\/api.w.org\/{rel}","templated":true}]}}