{"id":286,"date":"2017-04-24T15:19:39","date_gmt":"2017-04-24T13:19:39","guid":{"rendered":"http:\/\/ww2.ville-blanzat.fr\/?page_id=286"},"modified":"2026-01-15T16:22:04","modified_gmt":"2026-01-15T15:22:04","slug":"hatle-garderie","status":"publish","type":"page","link":"https:\/\/www.ville-blanzat.fr\/index.php\/hatle-garderie\/","title":{"rendered":"MULTI-ACCUEIL PAIN D&rsquo;EPICES"},"content":{"rendered":"\n<p class=\"has-text-align-center\">La halte garderie PAIN D\u2019\u00c9PICES est n\u00e9e en avril 1990 \u00e0 l\u2019initiative de parents d\u00e9sireux d\u2019apporter une r\u00e9ponse \u00e0 ce besoin qu\u2019est la garde temporaire des petits enfants. Pain d\u2019\u00e9pices est une structure associative g\u00e9r\u00e9e par des parents b\u00e9n\u00e9voles.<\/p>\n\n\n\n<p class=\"has-text-align-center\">Depuis 2000, la halte garderie s\u2019est transform\u00e9e en multi accueil. C\u2019est \u00e0 dire qu\u2019en plus de sa fonction de halte garderie, la structure est aussi devenue une cr\u00e8che et accueille les enfants dont les parents exercent une activit\u00e9 salari\u00e9e. Pain d\u2019\u00e9pices reste une structure associative g\u00e9r\u00e9e par des parents b\u00e9n\u00e9voles.<\/p>\n\n\n\n<p class=\"has-text-align-center\">La structure peut accueillir 17 enfants de 3 mois \u00e0 4 ans. Les enfants peuvent \u00eatre accueillis \u00e0 plein temps (cr\u00e8che) ou \u00e0 temps partiel (halte garderie) de fa\u00e7on r\u00e9guli\u00e8re ou occasionnelle. Les enfants des communes de Blanzat et de Nohanent sont accueillis de fa\u00e7on prioritaire et sont les seules \u00e0 pouvoir b\u00e9n\u00e9ficier d\u2019un accueil r\u00e9gulier. La participation financi\u00e8re des familles est calcul\u00e9e en lien avec la CAF selon le quotient familial.<\/p>\n\n\n\n<h2 class=\"wp-block-heading animated fadeIn\">Contact<\/h2>\n\n\n\n<p>Pr\u00e9sidente : Marand Camille<br>49 Place des Amandiers<br>04 73 79 20 44<br><span style=\"color: #000000;\"><a href=\"https:\/\/paindepicesblanzat.wixsite.com\/multiaccueil\/qui-sommes-nous--\">https:\/\/paindepicesblanzat.wixsite.com\/multiaccueil\/qui-sommes-nous&#8211;<\/a><\/span><\/p>\n\n\n\n<h2 class=\"wp-block-heading animated bounce\">Inscription<\/h2>\n\n\n\n<p class=\"has-text-align-center\">Pour toute demande de renseignement ou d\u2019inscription merci de contacter directement le multi accueil Pain d\u2019\u00e9pices au 04 73 79 20 44 de 9h \u00e0 11h et de 13h \u00e0 17h. Un rendez-vous sera fix\u00e9.<\/p>\n\n\n\n<figure class=\"wp-block-gallery has-nested-images columns-default is-cropped wp-block-gallery-1 is-layout-flex wp-block-gallery-is-layout-flex\">\n<figure class=\"wp-block-image size-large\"><img fetchpriority=\"high\" decoding=\"async\" width=\"1024\" height=\"683\" data-id=\"10061\" src=\"https:\/\/www.ville-blanzat.fr\/wp-content\/uploads\/2025\/10\/2D5A3629-copie-1024x683.jpg\" alt=\"\" class=\"wp-image-10061\" srcset=\"https:\/\/www.ville-blanzat.fr\/wp-content\/uploads\/2025\/10\/2D5A3629-copie-1024x683.jpg 1024w, https:\/\/www.ville-blanzat.fr\/wp-content\/uploads\/2025\/10\/2D5A3629-copie-300x200.jpg 300w, https:\/\/www.ville-blanzat.fr\/wp-content\/uploads\/2025\/10\/2D5A3629-copie-768x512.jpg 768w, https:\/\/www.ville-blanzat.fr\/wp-content\/uploads\/2025\/10\/2D5A3629-copie-1536x1025.jpg 1536w, https:\/\/www.ville-blanzat.fr\/wp-content\/uploads\/2025\/10\/2D5A3629-copie-2048x1366.jpg 2048w\" sizes=\"(max-width: 1024px) 100vw, 1024px\" \/><\/figure>\n\n\n\n<figure class=\"wp-block-image size-large\"><img decoding=\"async\" width=\"1024\" height=\"683\" data-id=\"10060\" src=\"https:\/\/www.ville-blanzat.fr\/wp-content\/uploads\/2025\/10\/2D5A3586-copie-1024x683.jpg\" alt=\"\" class=\"wp-image-10060\" srcset=\"https:\/\/www.ville-blanzat.fr\/wp-content\/uploads\/2025\/10\/2D5A3586-copie-1024x683.jpg 1024w, https:\/\/www.ville-blanzat.fr\/wp-content\/uploads\/2025\/10\/2D5A3586-copie-300x200.jpg 300w, https:\/\/www.ville-blanzat.fr\/wp-content\/uploads\/2025\/10\/2D5A3586-copie-768x512.jpg 768w, https:\/\/www.ville-blanzat.fr\/wp-content\/uploads\/2025\/10\/2D5A3586-copie-1536x1025.jpg 1536w, https:\/\/www.ville-blanzat.fr\/wp-content\/uploads\/2025\/10\/2D5A3586-copie-2048x1366.jpg 2048w\" sizes=\"(max-width: 1024px) 100vw, 1024px\" \/><\/figure>\n\n\n\n<figure class=\"wp-block-image size-large\"><img decoding=\"async\" width=\"1024\" height=\"683\" data-id=\"10059\" src=\"https:\/\/www.ville-blanzat.fr\/wp-content\/uploads\/2025\/10\/2D5A3576-copie-1024x683.jpg\" alt=\"\" class=\"wp-image-10059\" srcset=\"https:\/\/www.ville-blanzat.fr\/wp-content\/uploads\/2025\/10\/2D5A3576-copie-1024x683.jpg 1024w, https:\/\/www.ville-blanzat.fr\/wp-content\/uploads\/2025\/10\/2D5A3576-copie-300x200.jpg 300w, https:\/\/www.ville-blanzat.fr\/wp-content\/uploads\/2025\/10\/2D5A3576-copie-768x512.jpg 768w, https:\/\/www.ville-blanzat.fr\/wp-content\/uploads\/2025\/10\/2D5A3576-copie-1536x1025.jpg 1536w, https:\/\/www.ville-blanzat.fr\/wp-content\/uploads\/2025\/10\/2D5A3576-copie-2048x1366.jpg 2048w\" sizes=\"(max-width: 1024px) 100vw, 1024px\" \/><\/figure>\n\n\n\n<figure class=\"wp-block-image size-large\"><img loading=\"lazy\" decoding=\"async\" width=\"1024\" height=\"683\" data-id=\"10058\" src=\"https:\/\/www.ville-blanzat.fr\/wp-content\/uploads\/2025\/10\/2D5A3502-copie-1024x683.jpg\" alt=\"\" class=\"wp-image-10058\" srcset=\"https:\/\/www.ville-blanzat.fr\/wp-content\/uploads\/2025\/10\/2D5A3502-copie-1024x683.jpg 1024w, https:\/\/www.ville-blanzat.fr\/wp-content\/uploads\/2025\/10\/2D5A3502-copie-300x200.jpg 300w, https:\/\/www.ville-blanzat.fr\/wp-content\/uploads\/2025\/10\/2D5A3502-copie-768x512.jpg 768w, https:\/\/www.ville-blanzat.fr\/wp-content\/uploads\/2025\/10\/2D5A3502-copie-1536x1024.jpg 1536w, https:\/\/www.ville-blanzat.fr\/wp-content\/uploads\/2025\/10\/2D5A3502-copie-2048x1366.jpg 2048w\" sizes=\"(max-width: 1024px) 100vw, 1024px\" \/><\/figure>\n\n\n\n<figure class=\"wp-block-image size-large\"><img loading=\"lazy\" decoding=\"async\" width=\"1024\" height=\"683\" data-id=\"10057\" src=\"https:\/\/www.ville-blanzat.fr\/wp-content\/uploads\/2025\/10\/2D5A3501-copie-1024x683.jpg\" alt=\"\" class=\"wp-image-10057\" srcset=\"https:\/\/www.ville-blanzat.fr\/wp-content\/uploads\/2025\/10\/2D5A3501-copie-1024x683.jpg 1024w, https:\/\/www.ville-blanzat.fr\/wp-content\/uploads\/2025\/10\/2D5A3501-copie-300x200.jpg 300w, https:\/\/www.ville-blanzat.fr\/wp-content\/uploads\/2025\/10\/2D5A3501-copie-768x512.jpg 768w, https:\/\/www.ville-blanzat.fr\/wp-content\/uploads\/2025\/10\/2D5A3501-copie-1536x1025.jpg 1536w, https:\/\/www.ville-blanzat.fr\/wp-content\/uploads\/2025\/10\/2D5A3501-copie-2048x1366.jpg 2048w\" sizes=\"(max-width: 1024px) 100vw, 1024px\" \/><\/figure>\n\n\n\n<figure class=\"wp-block-image size-large\"><img loading=\"lazy\" decoding=\"async\" width=\"714\" height=\"1024\" data-id=\"10056\" src=\"https:\/\/www.ville-blanzat.fr\/wp-content\/uploads\/2025\/10\/2D5A3490-copie-714x1024.jpg\" alt=\"\" class=\"wp-image-10056\" srcset=\"https:\/\/www.ville-blanzat.fr\/wp-content\/uploads\/2025\/10\/2D5A3490-copie-714x1024.jpg 714w, https:\/\/www.ville-blanzat.fr\/wp-content\/uploads\/2025\/10\/2D5A3490-copie-209x300.jpg 209w, https:\/\/www.ville-blanzat.fr\/wp-content\/uploads\/2025\/10\/2D5A3490-copie-768x1102.jpg 768w, https:\/\/www.ville-blanzat.fr\/wp-content\/uploads\/2025\/10\/2D5A3490-copie-1070x1536.jpg 1070w, https:\/\/www.ville-blanzat.fr\/wp-content\/uploads\/2025\/10\/2D5A3490-copie-1427x2048.jpg 1427w, https:\/\/www.ville-blanzat.fr\/wp-content\/uploads\/2025\/10\/2D5A3490-copie-139x200.jpg 139w, https:\/\/www.ville-blanzat.fr\/wp-content\/uploads\/2025\/10\/2D5A3490-copie-scaled.jpg 1784w\" sizes=\"(max-width: 714px) 100vw, 714px\" \/><\/figure>\n\n\n\n<figure class=\"wp-block-image size-large\"><img loading=\"lazy\" decoding=\"async\" width=\"1024\" height=\"683\" data-id=\"10055\" src=\"https:\/\/www.ville-blanzat.fr\/wp-content\/uploads\/2025\/10\/2D5A3489-copie-1024x683.jpg\" alt=\"\" class=\"wp-image-10055\" srcset=\"https:\/\/www.ville-blanzat.fr\/wp-content\/uploads\/2025\/10\/2D5A3489-copie-1024x683.jpg 1024w, https:\/\/www.ville-blanzat.fr\/wp-content\/uploads\/2025\/10\/2D5A3489-copie-300x200.jpg 300w, https:\/\/www.ville-blanzat.fr\/wp-content\/uploads\/2025\/10\/2D5A3489-copie-768x512.jpg 768w, https:\/\/www.ville-blanzat.fr\/wp-content\/uploads\/2025\/10\/2D5A3489-copie-1536x1025.jpg 1536w, https:\/\/www.ville-blanzat.fr\/wp-content\/uploads\/2025\/10\/2D5A3489-copie-2048x1366.jpg 2048w\" sizes=\"(max-width: 1024px) 100vw, 1024px\" \/><\/figure>\n\n\n\n<figure class=\"wp-block-image size-large\"><img loading=\"lazy\" decoding=\"async\" width=\"1024\" height=\"683\" data-id=\"10054\" src=\"https:\/\/www.ville-blanzat.fr\/wp-content\/uploads\/2025\/10\/2D5A3473-copie-1024x683.jpg\" alt=\"\" class=\"wp-image-10054\" srcset=\"https:\/\/www.ville-blanzat.fr\/wp-content\/uploads\/2025\/10\/2D5A3473-copie-1024x683.jpg 1024w, https:\/\/www.ville-blanzat.fr\/wp-content\/uploads\/2025\/10\/2D5A3473-copie-300x200.jpg 300w, https:\/\/www.ville-blanzat.fr\/wp-content\/uploads\/2025\/10\/2D5A3473-copie-768x512.jpg 768w, https:\/\/www.ville-blanzat.fr\/wp-content\/uploads\/2025\/10\/2D5A3473-copie-1536x1025.jpg 1536w, https:\/\/www.ville-blanzat.fr\/wp-content\/uploads\/2025\/10\/2D5A3473-copie-2048x1366.jpg 2048w\" sizes=\"(max-width: 1024px) 100vw, 1024px\" \/><\/figure>\n<\/figure>\n\n\n\n<p><\/p>\n\n\n\n<figure class=\"wp-block-embed is-type-video is-provider-youtube wp-block-embed-youtube wp-embed-aspect-16-9 wp-has-aspect-ratio\"><div class=\"wp-block-embed__wrapper\">\n<iframe title=\"CR\u00c8CHE MULTI-ACCUEIL PAIN D&#039;E\u0301PICES\" width=\"1225\" height=\"689\" src=\"https:\/\/www.youtube.com\/embed\/IX3RCLGe3Vg?feature=oembed\" frameborder=\"0\" allow=\"accelerometer; autoplay; clipboard-write; encrypted-media; gyroscope; picture-in-picture; web-share\" referrerpolicy=\"strict-origin-when-cross-origin\" allowfullscreen><\/iframe>\n<\/div><\/figure>\n","protected":false},"excerpt":{"rendered":"<p>La halte garderie PAIN D\u2019\u00c9PICES est n\u00e9e en avril 1990 \u00e0 l\u2019initiative de parents d\u00e9sireux d\u2019apporter une r\u00e9ponse \u00e0 ce besoin qu\u2019est la garde temporaire des petits enfants. Pain d\u2019\u00e9pices est une structure associative g\u00e9r\u00e9e par des parents b\u00e9n\u00e9voles. Depuis 2000, la halte garderie s\u2019est transform\u00e9e en multi accueil. C\u2019est &hellip;<\/p>\n","protected":false},"author":1,"featured_media":0,"parent":0,"menu_order":0,"comment_status":"closed","ping_status":"closed","template":"","meta":{"footnotes":""},"class_list":["post-286","page","type-page","status-publish","hentry"],"aioseo_notices":[],"_links":{"self":[{"href":"https:\/\/www.ville-blanzat.fr\/index.php\/wp-json\/wp\/v2\/pages\/286","targetHints":{"allow":["GET"]}}],"collection":[{"href":"https:\/\/www.ville-blanzat.fr\/index.php\/wp-json\/wp\/v2\/pages"}],"about":[{"href":"https:\/\/www.ville-blanzat.fr\/index.php\/wp-json\/wp\/v2\/types\/page"}],"author":[{"embeddable":true,"href":"https:\/\/www.ville-blanzat.fr\/index.php\/wp-json\/wp\/v2\/users\/1"}],"replies":[{"embeddable":true,"href":"https:\/\/www.ville-blanzat.fr\/index.php\/wp-json\/wp\/v2\/comments?post=286"}],"version-history":[{"count":17,"href":"https:\/\/www.ville-blanzat.fr\/index.php\/wp-json\/wp\/v2\/pages\/286\/revisions"}],"predecessor-version":[{"id":10284,"href":"https:\/\/www.ville-blanzat.fr\/index.php\/wp-json\/wp\/v2\/pages\/286\/revisions\/10284"}],"wp:attachment":[{"href":"https:\/\/www.ville-blanzat.fr\/index.php\/wp-json\/wp\/v2\/media?parent=286"}],"curies":[{"name":"wp","href":"https:\/\/api.w.org\/{rel}","templated":true}]}}