{"id":358,"date":"2017-04-24T16:42:53","date_gmt":"2017-04-24T14:42:53","guid":{"rendered":"http:\/\/ww2.ville-blanzat.fr\/?page_id=358"},"modified":"2025-01-17T15:28:26","modified_gmt":"2025-01-17T14:28:26","slug":"location-de-salle","status":"publish","type":"page","link":"https:\/\/www.ville-blanzat.fr\/index.php\/les-services\/location-de-salle\/","title":{"rendered":"LOCATION SALLE CITOYENNE"},"content":{"rendered":"\n<div class=\"wp-block-columns is-layout-flex wp-container-core-columns-is-layout-1 wp-block-columns-is-layout-flex\">\n<div class=\"wp-block-column is-layout-flow wp-block-column-is-layout-flow\"><\/div>\n\n\n\n<div class=\"wp-block-column is-layout-flow wp-block-column-is-layout-flow\"><\/div>\n<\/div>\n\n\n\n<h2 class=\"wp-block-heading has-text-align-center animated flip slow\"><mark style=\"background-color:rgba(0, 0, 0, 0);color:#ff0000\" class=\"has-inline-color\"><strong>MERCI DE NE PAS R\u00c9SERVER PLUSIEURS DATES NON CONS\u00c9CUTIVES !<\/strong><\/mark><\/h2>\n\n\n\n<\/p>\n <div id=\"form_id1202894218778\" class=\"wpbc_container wpbc_form wpbc_container_booking_form \" ><form id=\"booking_form1\" class=\"booking_form vertical\" method=\"post\" action=\"\"><div id=\"ajax_respond_insert1\" class=\"ajax_respond_insert\" style=\"display:none;\"><\/div><a name=\"bklnk1\" id=\"bklnk1\"><\/a><div id=\"booking_form_div1\" class=\"booking_form_div\"><style type=\"text\/css\">.wpbc_container_booking_form .block_hints, .wpbc_booking_form_simple.wpbc_form_center .wpbc__form__div .wpbc__row.wpbc_r_calendar, .wpbc_booking_form_simple .wpbc__form__div .wpbc__row:not(.wpbc_r_calendar){max-width:440px;} <\/style>\n<div class=\"wpbc_booking_form_simple \">\n<div class=\"wpbc__form__div\">\n\t\t\t<div class=\"wpbc_r_calendar wpbc__row\">\n\t\t\t\t<div class=\"wpbc_r_calendar wpbc__field\"> <label><\/label><br><div class=\"wpbc_calendar_wraper wpbc_change_over_triangle wpbc_calendar_skin_legacy\"><div class=\"wpbc_cal_container bk_calendar_frame wpbc_no_custom_width  months_num_in_row_ cal_month_num_1 wpbc_timeslot_day_bg_as_available\" style=\"\"><div id=\"calendar_booking1\"  class=\"wpbc_calendar_id_1\" >\t<div class=\"calendar_loader_frame calendar_loader_frame1\"\r\n\t\tdata-wpbc-rid=\"1\"\r\n\t\tdata-wpbc-grace=\"8000\"\r\n\t\tstyle=\"--wpbc-loader-cols: 1;\"\r\n\t>\r\n\t\t<div class=\"calendar_loader_text\">Loading...<\/div>\r\n\t\t<div class=\"calendar_loader_frame__progress_line_container\">\r\n\t\t\t<div class=\"calendar_loader_frame__progress_line\"><\/div>\r\n\t\t<\/div>\r\n\t<\/div>\r\n\t<\/div><\/div><textarea id=\"date_booking1\" name=\"date_booking1\" autocomplete=\"off\" style=\"display:none;\"><\/textarea><div class=\"block_hints datepick \"><div class=\"wpdev_hint_with_text\"><div class=\"\"><div class=\"datepick-inline wpbc_calendar_legend_table_width_height\"><table class=\"datepick wpbc_calendar\" style=\"\"><tbody><tr><td class=\"datepick-days-cell date_available wpbc_calendar_legend_day_cell_height\"><div class=\"wpbc-cell-box\">\t<div class=\"date-cell-content\">\t\t<div class=\"date-content-top\"><\/div>\t\t<a>&nbsp;<\/a>\t\t<div class=\"date-content-bottom\"><\/div>\t<\/div><\/div><\/td><\/tr><\/tbody><\/table><\/div><\/div><div class=\"block_text\">- <\/div><div class=\"block_text\">Disponible<\/div><\/div><div class=\"wpdev_hint_with_text\"><div class=\"\"><div class=\"datepick-inline wpbc_calendar_legend_table_width_height\"><table class=\"datepick wpbc_calendar\" style=\"\"><tbody><tr><td class=\"datepick-days-cell datepick-unselectable date_user_unavailable full_day_booking date_approved wpbc_calendar_legend_day_cell_height\"><div class=\"wpbc-cell-box\">\t<div class=\"date-cell-content\">\t\t<div class=\"date-content-top\"><\/div>\t\t<span>&nbsp;<\/span>\t\t<div class=\"date-content-bottom\"><\/div>\t<\/div><\/div><\/td><\/tr><\/tbody><\/table><\/div><\/div><div class=\"block_text\">- <\/div><div class=\"block_text\">R\u00e9serv\u00e9<\/div><\/div><div class=\"wpdev_hint_with_text\"><div class=\"\"><div class=\"datepick-inline wpbc_calendar_legend_table_width_height\"><table class=\"datepick wpbc_calendar\" style=\"\"><tbody><tr><td class=\"datepick-days-cell datepick-unselectable date_user_unavailable full_day_booking date2approve wpbc_calendar_legend_day_cell_height\"><div class=\"wpbc-cell-box\">\t<div class=\"date-cell-content\">\t\t<div class=\"date-content-top\"><\/div>\t\t<span>&nbsp;<\/span>\t\t<div class=\"date-content-bottom\"><\/div>\t<\/div><\/div><\/td><\/tr><\/tbody><\/table><\/div><\/div><div class=\"block_text\">- <\/div><div class=\"block_text\">En attente<\/div><\/div><div class=\"wpdev_hint_with_text\"><div class=\"\"><span class=\" wpbc_timeslot_day_bg_as_available wpbc_change_over_triangle\"><div class=\"datepick-inline wpbc_calendar_legend_table_width_height\"><table class=\"datepick wpbc_calendar\" style=\"\"><tbody><tr><td class=\"datepick-days-cell date_available date2approve timespartly times_clock wpbc_calendar_legend_day_cell_height\"><div class=\"wpbc-cell-box\">\t<div class=\"wpbc-diagonal-el\">\t\t<div class=\"wpbc-co-out\"><svg height=\"100%\" width=\"100%\" viewBox=\"0 0 100 100\" preserveAspectRatio=\"none\"><polygon points=\"0,0 0,99 99,0\"><\/polygon><polygon points=\"0,0 0,100 49,100 49,0\"><\/polygon><\/svg><\/div>\t\t<div class=\"wpbc-co-in\"><svg height=\"100%\" width=\"100%\" viewBox=\"0 0 98 98\" preserveAspectRatio=\"none\"><polygon points=\"0,99 99,99 99,0\"><\/polygon><polygon points=\"50,98 98,98 98,0 50,0\"><\/polygon><\/svg><\/div>\t<\/div>\t<div class=\"date-cell-content\">\t\t<div class=\"date-content-top\"><div class=\"wpbc_time_dots\">\u00b7<\/div><\/div>\t\t<a>&nbsp;<\/a>\t\t<div class=\"date-content-bottom\"><\/div>\t<\/div><\/div><\/td><\/tr><\/tbody><\/table><\/div><\/span><\/div><div class=\"block_text\">- <\/div><div class=\"block_text\">Partiellement r\u00e9serv\u00e9<\/div><\/div><\/div><\/div> <\/div>\n\t\t\t<\/div>\n\t\t\t<div class=\"wpbc__row\">\n\t\t\t\t<div class=\"wpbc_r_name wpbc__field\"> <label>NOM*<\/label><br><span class=\"wpbc_wrap_text wpdev-form-control-wrap name1\"><input type=\"text\" name=\"name1\" value=\"\" autocomplete=\"name\" class=\"wpdev-validates-as-required\" size=\"40\" \/><\/span> <\/div>\n\t\t\t<\/div>\n\t\t\t<div class=\"wpbc__row\">\n\t\t\t\t<div class=\"wpbc_r_secondname wpbc__field\"> <label>PRENOM*<\/label><br><span class=\"wpbc_wrap_text wpdev-form-control-wrap secondname1\"><input type=\"text\" name=\"secondname1\" value=\"\" autocomplete=\"secondname\" class=\"wpdev-validates-as-required\" size=\"40\" \/><\/span> <\/div>\n\t\t\t<\/div>\n\t\t\t<div class=\"wpbc__row\">\n\t\t\t\t<div class=\"wpbc_r_email wpbc__field\"> <label>Email*<\/label><br><span class=\"wpbc_wrap_text wpdev-form-control-wrap email1\"><input type=\"email\" name=\"email1\" value=\"\" autocomplete=\"email\" class=\"wpdev-validates-as-email wpdev-validates-as-required\" size=\"40\" \/><\/span> <\/div>\n\t\t\t<\/div>\n\t\t\t<div class=\"wpbc__row\">\n\t\t\t\t<div class=\"wpbc_r_phone wpbc__field\"> <label>TELEPHONE*<\/label><br><span class=\"wpbc_wrap_text wpdev-form-control-wrap phone1\"><input type=\"text\" name=\"phone1\" value=\"\" autocomplete=\"phone\" class=\"wpdev-validates-as-required\" size=\"40\" \/><\/span> <\/div>\n\t\t\t<\/div>\n\t\t\t<div class=\"wpbc__row\">\n\t\t\t\t<div class=\"wpbc_r_details wpbc__field\"> <label>MESSAGE*<\/label><br><span class=\"wpbc_wrap_textarea wpdev-form-control-wrap details1\"><textarea name=\"details1\" autocomplete=\"details\" class=\"wpdev-validates-as-required\"><\/textarea><\/span> <\/div>\n\t\t\t<\/div>\n\t\t\t<div class=\"wpbc__row\">\n\t\t\t\t<div class=\"wpbc_r_adresse wpbc__field\"> <label>ADRESSE*<\/label><br><span class=\"wpbc_wrap_text wpdev-form-control-wrap adresse1\"><input type=\"text\" name=\"adresse1\" value=\"\" autocomplete=\"adresse\" class=\"wpdev-validates-as-required\" size=\"40\" \/><\/span> <\/div>\n\t\t\t<\/div>\n\t\t\t<div class=\"wpbc__row\">\n\t\t\t\t<div class=\"wpbc_r_codepostaleetville wpbc__field\"> <label>CODE POSTAL*<\/label><br><span class=\"wpbc_wrap_text wpdev-form-control-wrap codepostaleetville1\"><input type=\"text\" name=\"codepostaleetville1\" value=\"\" autocomplete=\"codepostaleetville\" class=\"wpdev-validates-as-required\" size=\"40\" \/><\/span> <\/div>\n\t\t\t<\/div>\n\t\t\t<div class=\"wpbc__row\">\n\t\t\t\t<div class=\"wpbc_r_ville wpbc__field\"> <label>VILLE*<\/label><br><span class=\"wpbc_wrap_text wpdev-form-control-wrap ville1\"><input type=\"text\" name=\"ville1\" value=\"\" autocomplete=\"ville\" class=\"wpdev-validates-as-required\" size=\"40\" \/><\/span> <\/div>\n\t\t\t<\/div>\n\t\t\t<div class=\"wpbc__row\">\n\t\t\t\t<div class=\"wpbc_r_captcha wpbc__field\"> <label><\/label><br><span class=\"wpbc_text_captcha_container wpdev-form-control-wrap \"><input  autocomplete=\"off\" type=\"hidden\" name=\"wpdev_captcha_challenge_1\"  id=\"wpdev_captcha_challenge_1\" value=\"3177550362\" \/><input  autocomplete=\"off\" type=\"text\" class=\"captachinput\" value=\"\" name=\"captcha_input1\" id=\"captcha_input1\" \/><img decoding=\"async\" class=\"captcha_img\"  id=\"captcha_img1\" alt=\"To show CAPTCHA, please deactivate cache plugin or exclude this page from caching or disable CAPTCHA at WP Booking Calendar - Settings General page in Form Options section.\" src=\"https:\/\/www.ville-blanzat.fr\/wp-content\/plugins\/booking\/js\/captcha\/tmp\/3177550362.png\" \/><\/span> <\/div>\n\t\t\t<\/div>\n\t\t\t<div class=\"wpbc__row\">\n\t\t\t\t<div class=\"wpbc_r_submit wpbc__field\"><input type=\"button\" value=\"Envoyer\" class=\"wpbc_button_light  btn btn\" onclick=\"wpbc_booking_form_submit(this.form,1, 'fr_FR');\" \/> <\/div>\n\t\t\t<\/div>\n<\/div>\n<\/div><input id=\"bk_type1\" name=\"bk_type1\" class=\"\" type=\"hidden\" value=\"1\" \/><\/div><div id=\"submiting1\"><\/div><div class=\"form_bk_messages\" id=\"form_bk_messages1\" ><\/div><input type=\"hidden\" id=\"wpbc_nonceCALCULATE_THE_COST1\" name=\"wpbc_nonceCALCULATE_THE_COST1\" value=\"f220f6e0f3\" \/><input type=\"hidden\" name=\"_wp_http_referer\" value=\"\/index.php\/wp-json\/wp\/v2\/pages\/358\" \/><\/form><\/div><div id=\"booking_form_garbage1\" class=\"booking_form_garbage\"><\/div> \n<em style=\"color: rgb(0, 0, 255); text-transform: uppercase;\"><strong>capacit\u00e9 : max 140 (80 \u00e0 100 personnes assises)<\/strong><\/em>\n\n\n\n<div class=\"wp-block-columns is-layout-flex wp-container-core-columns-is-layout-3 wp-block-columns-is-layout-flex\">\n<div class=\"wp-block-column is-layout-flow wp-block-column-is-layout-flow\">\n<figure class=\"wp-block-embed is-type-video is-provider-youtube wp-block-embed-youtube wp-embed-aspect-16-9 wp-has-aspect-ratio\"><div class=\"wp-block-embed__wrapper\">\n<iframe title=\"location salle citoyenne blanzat\" width=\"1225\" height=\"689\" src=\"https:\/\/www.youtube.com\/embed\/g2rKm8q3b74?feature=oembed\" frameborder=\"0\" allow=\"accelerometer; autoplay; clipboard-write; encrypted-media; gyroscope; picture-in-picture; web-share\" referrerpolicy=\"strict-origin-when-cross-origin\" allowfullscreen><\/iframe>\n<\/div><\/figure>\n\n\n\n<p><\/p>\n<\/div>\n\n\n\n<div class=\"wp-block-column is-layout-flow wp-block-column-is-layout-flow\">\n<h2 class=\"wp-block-heading animated fadeInLeft\">Equipements disponibles<\/h2>\n\n\n\n<div class=\"wp-block-columns is-layout-flex wp-container-core-columns-is-layout-2 wp-block-columns-is-layout-flex\">\n<div class=\"wp-block-column is-layout-flow wp-block-column-is-layout-flow\">\n<ul class=\"wp-block-list\">\n<li>Deux armoires frigo<\/li>\n\n\n\n<li>Un cong\u00e9lateur top<\/li>\n\n\n\n<li>Un micro-ondes<\/li>\n\n\n\n<li>Un four \u00e0 chaleur tournante<\/li>\n\n\n\n<li>Une plaque vitroc\u00e9ramique<\/li>\n\n\n\n<li>14 tables rondes de 1,50m de diam\u00e8tre  et 100 chaises<\/li>\n<\/ul>\n<\/div>\n<\/div>\n<\/div>\n<\/div>\n\n\n\n<p><\/p>\n\n\n\n<div class=\"wp-block-columns is-layout-flex wp-container-core-columns-is-layout-4 wp-block-columns-is-layout-flex\">\n<div class=\"wp-block-column is-layout-flow wp-block-column-is-layout-flow\">\n<p><\/p>\n\n\n\n<p><\/p>\n\n\n\n<h2 class=\"wp-block-heading animated fadeInLeft\">Tarifs<\/h2>\n\n\n\n<h4 class=\"wp-block-heading animated fadeIn delay-500ms\" style=\"text-decoration:underline\">Pour les habitants de Blanzat<\/h4>\n\n\n\n<p>\u2022 200\u20ac pour une journ\u00e9e (soit de 9 heures \u00e0 9 heures le lendemain)<br>\u2022 292\u20ac pour deux journ\u00e9es (soit de 9 heures \u00e0 21 heures le lendemain)<\/p>\n\n\n\n<p>Suppl\u00e9ment de 57 \u20ac pour une location<br>\u00e0 compter du vendredi 14 heures ou jusqu\u2019au lundi 12 heures.<\/p>\n\n\n\n<h4 class=\"wp-block-heading animated fadeIn delay-500ms\" style=\"text-decoration:underline\">Pour les personnes ext\u00e9rieures \u00e0 la commune<\/h4>\n\n\n\n<p>\u2022 240 \u20ac pour une journ\u00e9e (soit de 9 heures \u00e0 9 heures le lendemain)<br>\u2022 360 \u20ac pour deux journ\u00e9es (soit de 9 heures \u00e0 21 heures le lendemain)<\/p>\n\n\n\n<p>Suppl\u00e9ment de 72 \u20ac pour une location \u00e0 compter<br>du vendredi 14 heures ou jusqu\u2019au lundi 12 heures.<\/p>\n\n\n\n<p>Caution de&nbsp; 575 \u20ac (pour le mat\u00e9riel et la salle) + 150 \u20ac <br>(correspondant \u00e0 un d\u00e9faut de nettoyage)<\/p>\n<\/div>\n\n\n\n<div class=\"wp-block-column is-layout-flow wp-block-column-is-layout-flow\">\n<figure class=\"wp-block-gallery has-nested-images columns-default is-cropped wp-block-gallery-1 is-layout-flex wp-block-gallery-is-layout-flex\">\n<figure class=\"wp-block-image size-large\"><img fetchpriority=\"high\" decoding=\"async\" width=\"1024\" height=\"1024\" src=\"https:\/\/www.ville-blanzat.fr\/wp-content\/uploads\/2025\/01\/2D5A1369-1024x1024.jpg\" alt=\"\" class=\"wp-image-9454\" srcset=\"https:\/\/www.ville-blanzat.fr\/wp-content\/uploads\/2025\/01\/2D5A1369-1024x1024.jpg 1024w, https:\/\/www.ville-blanzat.fr\/wp-content\/uploads\/2025\/01\/2D5A1369-300x300.jpg 300w, https:\/\/www.ville-blanzat.fr\/wp-content\/uploads\/2025\/01\/2D5A1369-150x150.jpg 150w, https:\/\/www.ville-blanzat.fr\/wp-content\/uploads\/2025\/01\/2D5A1369-1536x1536.jpg 1536w, https:\/\/www.ville-blanzat.fr\/wp-content\/uploads\/2025\/01\/2D5A1369-2048x2048.jpg 2048w\" sizes=\"(max-width: 1024px) 100vw, 1024px\" \/><\/figure>\n\n\n\n<figure class=\"wp-block-image size-large\"><img decoding=\"async\" width=\"1024\" height=\"1024\" src=\"https:\/\/www.ville-blanzat.fr\/wp-content\/uploads\/2025\/01\/2D5A1359-1024x1024.jpg\" alt=\"\" class=\"wp-image-9453\" srcset=\"https:\/\/www.ville-blanzat.fr\/wp-content\/uploads\/2025\/01\/2D5A1359-1024x1024.jpg 1024w, https:\/\/www.ville-blanzat.fr\/wp-content\/uploads\/2025\/01\/2D5A1359-300x300.jpg 300w, https:\/\/www.ville-blanzat.fr\/wp-content\/uploads\/2025\/01\/2D5A1359-150x150.jpg 150w, https:\/\/www.ville-blanzat.fr\/wp-content\/uploads\/2025\/01\/2D5A1359-1536x1536.jpg 1536w, https:\/\/www.ville-blanzat.fr\/wp-content\/uploads\/2025\/01\/2D5A1359-2048x2048.jpg 2048w\" sizes=\"(max-width: 1024px) 100vw, 1024px\" \/><\/figure>\n\n\n\n<figure class=\"wp-block-image size-large\"><img decoding=\"async\" width=\"1024\" height=\"1024\" src=\"https:\/\/www.ville-blanzat.fr\/wp-content\/uploads\/2025\/01\/2D5A1367-1024x1024.jpg\" alt=\"\" class=\"wp-image-9452\" srcset=\"https:\/\/www.ville-blanzat.fr\/wp-content\/uploads\/2025\/01\/2D5A1367-1024x1024.jpg 1024w, https:\/\/www.ville-blanzat.fr\/wp-content\/uploads\/2025\/01\/2D5A1367-300x300.jpg 300w, https:\/\/www.ville-blanzat.fr\/wp-content\/uploads\/2025\/01\/2D5A1367-150x150.jpg 150w, https:\/\/www.ville-blanzat.fr\/wp-content\/uploads\/2025\/01\/2D5A1367-1536x1536.jpg 1536w, https:\/\/www.ville-blanzat.fr\/wp-content\/uploads\/2025\/01\/2D5A1367-2048x2048.jpg 2048w\" sizes=\"(max-width: 1024px) 100vw, 1024px\" \/><\/figure>\n\n\n\n<figure class=\"wp-block-image size-large\"><img loading=\"lazy\" decoding=\"async\" width=\"1024\" height=\"1024\" src=\"https:\/\/www.ville-blanzat.fr\/wp-content\/uploads\/2025\/01\/2D5A1364-1024x1024.jpg\" alt=\"\" class=\"wp-image-9450\" srcset=\"https:\/\/www.ville-blanzat.fr\/wp-content\/uploads\/2025\/01\/2D5A1364-1024x1024.jpg 1024w, https:\/\/www.ville-blanzat.fr\/wp-content\/uploads\/2025\/01\/2D5A1364-300x300.jpg 300w, https:\/\/www.ville-blanzat.fr\/wp-content\/uploads\/2025\/01\/2D5A1364-150x150.jpg 150w, https:\/\/www.ville-blanzat.fr\/wp-content\/uploads\/2025\/01\/2D5A1364-1536x1536.jpg 1536w, https:\/\/www.ville-blanzat.fr\/wp-content\/uploads\/2025\/01\/2D5A1364-2048x2048.jpg 2048w\" sizes=\"(max-width: 1024px) 100vw, 1024px\" \/><\/figure>\n\n\n\n<figure class=\"wp-block-image size-large\"><img loading=\"lazy\" decoding=\"async\" width=\"1024\" height=\"1024\" src=\"https:\/\/www.ville-blanzat.fr\/wp-content\/uploads\/2025\/01\/2D5A1363-1024x1024.jpg\" alt=\"\" class=\"wp-image-9449\" srcset=\"https:\/\/www.ville-blanzat.fr\/wp-content\/uploads\/2025\/01\/2D5A1363-1024x1024.jpg 1024w, https:\/\/www.ville-blanzat.fr\/wp-content\/uploads\/2025\/01\/2D5A1363-300x300.jpg 300w, https:\/\/www.ville-blanzat.fr\/wp-content\/uploads\/2025\/01\/2D5A1363-150x150.jpg 150w, https:\/\/www.ville-blanzat.fr\/wp-content\/uploads\/2025\/01\/2D5A1363-1536x1536.jpg 1536w, https:\/\/www.ville-blanzat.fr\/wp-content\/uploads\/2025\/01\/2D5A1363-2048x2048.jpg 2048w\" sizes=\"(max-width: 1024px) 100vw, 1024px\" \/><\/figure>\n\n\n\n<figure class=\"wp-block-image size-large\"><img loading=\"lazy\" decoding=\"async\" width=\"1024\" height=\"1024\" src=\"https:\/\/www.ville-blanzat.fr\/wp-content\/uploads\/2025\/01\/2D5A1350-1024x1024.jpg\" alt=\"\" class=\"wp-image-9448\" srcset=\"https:\/\/www.ville-blanzat.fr\/wp-content\/uploads\/2025\/01\/2D5A1350-1024x1024.jpg 1024w, https:\/\/www.ville-blanzat.fr\/wp-content\/uploads\/2025\/01\/2D5A1350-300x300.jpg 300w, https:\/\/www.ville-blanzat.fr\/wp-content\/uploads\/2025\/01\/2D5A1350-150x150.jpg 150w, https:\/\/www.ville-blanzat.fr\/wp-content\/uploads\/2025\/01\/2D5A1350-1536x1536.jpg 1536w, https:\/\/www.ville-blanzat.fr\/wp-content\/uploads\/2025\/01\/2D5A1350-2048x2048.jpg 2048w\" sizes=\"(max-width: 1024px) 100vw, 1024px\" \/><\/figure>\n\n\n\n<figure class=\"wp-block-image size-large\"><img loading=\"lazy\" decoding=\"async\" width=\"1024\" height=\"1024\" src=\"https:\/\/www.ville-blanzat.fr\/wp-content\/uploads\/2025\/01\/2D5A1348-1024x1024.jpg\" alt=\"\" class=\"wp-image-9447\" srcset=\"https:\/\/www.ville-blanzat.fr\/wp-content\/uploads\/2025\/01\/2D5A1348-1024x1024.jpg 1024w, https:\/\/www.ville-blanzat.fr\/wp-content\/uploads\/2025\/01\/2D5A1348-300x300.jpg 300w, https:\/\/www.ville-blanzat.fr\/wp-content\/uploads\/2025\/01\/2D5A1348-150x150.jpg 150w, https:\/\/www.ville-blanzat.fr\/wp-content\/uploads\/2025\/01\/2D5A1348-1536x1536.jpg 1536w, https:\/\/www.ville-blanzat.fr\/wp-content\/uploads\/2025\/01\/2D5A1348-2048x2048.jpg 2048w\" sizes=\"(max-width: 1024px) 100vw, 1024px\" \/><\/figure>\n\n\n\n<figure class=\"wp-block-image size-large\"><img loading=\"lazy\" decoding=\"async\" width=\"1024\" height=\"1024\" src=\"https:\/\/www.ville-blanzat.fr\/wp-content\/uploads\/2025\/01\/2D5A1346-1024x1024.jpg\" alt=\"\" class=\"wp-image-9446\" srcset=\"https:\/\/www.ville-blanzat.fr\/wp-content\/uploads\/2025\/01\/2D5A1346-1024x1024.jpg 1024w, https:\/\/www.ville-blanzat.fr\/wp-content\/uploads\/2025\/01\/2D5A1346-300x300.jpg 300w, https:\/\/www.ville-blanzat.fr\/wp-content\/uploads\/2025\/01\/2D5A1346-150x150.jpg 150w, https:\/\/www.ville-blanzat.fr\/wp-content\/uploads\/2025\/01\/2D5A1346-1536x1536.jpg 1536w, https:\/\/www.ville-blanzat.fr\/wp-content\/uploads\/2025\/01\/2D5A1346-2048x2048.jpg 2048w\" sizes=\"(max-width: 1024px) 100vw, 1024px\" \/><\/figure>\n\n\n\n<figure class=\"wp-block-image size-large\"><img loading=\"lazy\" decoding=\"async\" width=\"1024\" height=\"1024\" src=\"https:\/\/www.ville-blanzat.fr\/wp-content\/uploads\/2025\/01\/2D5A1341-1024x1024.jpg\" alt=\"\" class=\"wp-image-9445\" srcset=\"https:\/\/www.ville-blanzat.fr\/wp-content\/uploads\/2025\/01\/2D5A1341-1024x1024.jpg 1024w, https:\/\/www.ville-blanzat.fr\/wp-content\/uploads\/2025\/01\/2D5A1341-300x300.jpg 300w, https:\/\/www.ville-blanzat.fr\/wp-content\/uploads\/2025\/01\/2D5A1341-150x150.jpg 150w, https:\/\/www.ville-blanzat.fr\/wp-content\/uploads\/2025\/01\/2D5A1341-1536x1536.jpg 1536w, https:\/\/www.ville-blanzat.fr\/wp-content\/uploads\/2025\/01\/2D5A1341-2048x2048.jpg 2048w\" sizes=\"(max-width: 1024px) 100vw, 1024px\" \/><\/figure>\n\n\n\n<figure class=\"wp-block-image size-large\"><img loading=\"lazy\" decoding=\"async\" width=\"1024\" height=\"1024\" src=\"https:\/\/www.ville-blanzat.fr\/wp-content\/uploads\/2025\/01\/2D5A1345-1024x1024.jpg\" alt=\"\" class=\"wp-image-9444\" srcset=\"https:\/\/www.ville-blanzat.fr\/wp-content\/uploads\/2025\/01\/2D5A1345-1024x1024.jpg 1024w, https:\/\/www.ville-blanzat.fr\/wp-content\/uploads\/2025\/01\/2D5A1345-300x300.jpg 300w, https:\/\/www.ville-blanzat.fr\/wp-content\/uploads\/2025\/01\/2D5A1345-150x150.jpg 150w, https:\/\/www.ville-blanzat.fr\/wp-content\/uploads\/2025\/01\/2D5A1345-1536x1536.jpg 1536w, https:\/\/www.ville-blanzat.fr\/wp-content\/uploads\/2025\/01\/2D5A1345-2048x2048.jpg 2048w\" sizes=\"(max-width: 1024px) 100vw, 1024px\" \/><\/figure>\n\n\n\n<figure class=\"wp-block-image size-large\"><img loading=\"lazy\" decoding=\"async\" width=\"1024\" height=\"1024\" src=\"https:\/\/www.ville-blanzat.fr\/wp-content\/uploads\/2025\/01\/2D5A1343-1024x1024.jpg\" alt=\"\" class=\"wp-image-9443\" srcset=\"https:\/\/www.ville-blanzat.fr\/wp-content\/uploads\/2025\/01\/2D5A1343-1024x1024.jpg 1024w, https:\/\/www.ville-blanzat.fr\/wp-content\/uploads\/2025\/01\/2D5A1343-300x300.jpg 300w, https:\/\/www.ville-blanzat.fr\/wp-content\/uploads\/2025\/01\/2D5A1343-150x150.jpg 150w, https:\/\/www.ville-blanzat.fr\/wp-content\/uploads\/2025\/01\/2D5A1343-1536x1536.jpg 1536w, https:\/\/www.ville-blanzat.fr\/wp-content\/uploads\/2025\/01\/2D5A1343-2048x2048.jpg 2048w\" sizes=\"(max-width: 1024px) 100vw, 1024px\" \/><\/figure>\n\n\n\n<figure class=\"wp-block-image size-large\"><img loading=\"lazy\" decoding=\"async\" width=\"1024\" height=\"1024\" src=\"https:\/\/www.ville-blanzat.fr\/wp-content\/uploads\/2025\/01\/2D5A1336-1024x1024.jpg\" alt=\"\" class=\"wp-image-9441\" srcset=\"https:\/\/www.ville-blanzat.fr\/wp-content\/uploads\/2025\/01\/2D5A1336-1024x1024.jpg 1024w, https:\/\/www.ville-blanzat.fr\/wp-content\/uploads\/2025\/01\/2D5A1336-300x300.jpg 300w, https:\/\/www.ville-blanzat.fr\/wp-content\/uploads\/2025\/01\/2D5A1336-150x150.jpg 150w, https:\/\/www.ville-blanzat.fr\/wp-content\/uploads\/2025\/01\/2D5A1336-1536x1536.jpg 1536w, https:\/\/www.ville-blanzat.fr\/wp-content\/uploads\/2025\/01\/2D5A1336-2048x2048.jpg 2048w\" sizes=\"(max-width: 1024px) 100vw, 1024px\" \/><\/figure>\n\n\n\n<figure class=\"wp-block-image size-large\"><img loading=\"lazy\" decoding=\"async\" width=\"1024\" height=\"1024\" src=\"https:\/\/www.ville-blanzat.fr\/wp-content\/uploads\/2025\/01\/2D5A1337-1024x1024.jpg\" alt=\"\" class=\"wp-image-9440\" srcset=\"https:\/\/www.ville-blanzat.fr\/wp-content\/uploads\/2025\/01\/2D5A1337-1024x1024.jpg 1024w, https:\/\/www.ville-blanzat.fr\/wp-content\/uploads\/2025\/01\/2D5A1337-300x300.jpg 300w, https:\/\/www.ville-blanzat.fr\/wp-content\/uploads\/2025\/01\/2D5A1337-150x150.jpg 150w, https:\/\/www.ville-blanzat.fr\/wp-content\/uploads\/2025\/01\/2D5A1337-1536x1536.jpg 1536w, https:\/\/www.ville-blanzat.fr\/wp-content\/uploads\/2025\/01\/2D5A1337-2048x2048.jpg 2048w\" sizes=\"(max-width: 1024px) 100vw, 1024px\" \/><\/figure>\n\n\n\n<figure class=\"wp-block-image size-large\"><img loading=\"lazy\" decoding=\"async\" width=\"1024\" height=\"1024\" src=\"https:\/\/www.ville-blanzat.fr\/wp-content\/uploads\/2025\/01\/2D5A1333-1024x1024.jpg\" alt=\"\" class=\"wp-image-9439\" srcset=\"https:\/\/www.ville-blanzat.fr\/wp-content\/uploads\/2025\/01\/2D5A1333-1024x1024.jpg 1024w, https:\/\/www.ville-blanzat.fr\/wp-content\/uploads\/2025\/01\/2D5A1333-300x300.jpg 300w, https:\/\/www.ville-blanzat.fr\/wp-content\/uploads\/2025\/01\/2D5A1333-150x150.jpg 150w, https:\/\/www.ville-blanzat.fr\/wp-content\/uploads\/2025\/01\/2D5A1333-1536x1536.jpg 1536w, https:\/\/www.ville-blanzat.fr\/wp-content\/uploads\/2025\/01\/2D5A1333-2048x2048.jpg 2048w\" sizes=\"(max-width: 1024px) 100vw, 1024px\" \/><\/figure>\n\n\n\n<figure class=\"wp-block-image size-large\"><img loading=\"lazy\" decoding=\"async\" width=\"1024\" height=\"1024\" src=\"https:\/\/www.ville-blanzat.fr\/wp-content\/uploads\/2025\/01\/2D5A1338-1024x1024.jpg\" alt=\"\" class=\"wp-image-9436\" srcset=\"https:\/\/www.ville-blanzat.fr\/wp-content\/uploads\/2025\/01\/2D5A1338-1024x1024.jpg 1024w, https:\/\/www.ville-blanzat.fr\/wp-content\/uploads\/2025\/01\/2D5A1338-300x300.jpg 300w, https:\/\/www.ville-blanzat.fr\/wp-content\/uploads\/2025\/01\/2D5A1338-150x150.jpg 150w, https:\/\/www.ville-blanzat.fr\/wp-content\/uploads\/2025\/01\/2D5A1338-1536x1536.jpg 1536w, https:\/\/www.ville-blanzat.fr\/wp-content\/uploads\/2025\/01\/2D5A1338-2048x2048.jpg 2048w\" sizes=\"(max-width: 1024px) 100vw, 1024px\" \/><\/figure>\n<\/figure>\n<\/div>\n<\/div>\n\n\n\n<hr class=\"wp-block-separator has-alpha-channel-opacity\"\/>\n\n\n\n<p><\/p>\n\n\n\n<p><\/p>\n\n\n\n<p><\/p>\n","protected":false},"excerpt":{"rendered":"<p>MERCI DE NE PAS R\u00c9SERVER PLUSIEURS DATES NON CONS\u00c9CUTIVES ! capacit\u00e9 : max 140 (80 \u00e0 100 personnes assises) Equipements disponibles Tarifs Pour les habitants de Blanzat \u2022 200\u20ac pour une journ\u00e9e (soit de 9 heures \u00e0 9 heures le lendemain)\u2022 292\u20ac pour deux journ\u00e9es (soit de 9 heures \u00e0 &hellip;<\/p>\n","protected":false},"author":1,"featured_media":0,"parent":274,"menu_order":0,"comment_status":"closed","ping_status":"closed","template":"","meta":{"footnotes":""},"class_list":["post-358","page","type-page","status-publish","hentry"],"aioseo_notices":[],"_links":{"self":[{"href":"https:\/\/www.ville-blanzat.fr\/index.php\/wp-json\/wp\/v2\/pages\/358","targetHints":{"allow":["GET"]}}],"collection":[{"href":"https:\/\/www.ville-blanzat.fr\/index.php\/wp-json\/wp\/v2\/pages"}],"about":[{"href":"https:\/\/www.ville-blanzat.fr\/index.php\/wp-json\/wp\/v2\/types\/page"}],"author":[{"embeddable":true,"href":"https:\/\/www.ville-blanzat.fr\/index.php\/wp-json\/wp\/v2\/users\/1"}],"replies":[{"embeddable":true,"href":"https:\/\/www.ville-blanzat.fr\/index.php\/wp-json\/wp\/v2\/comments?post=358"}],"version-history":[{"count":173,"href":"https:\/\/www.ville-blanzat.fr\/index.php\/wp-json\/wp\/v2\/pages\/358\/revisions"}],"predecessor-version":[{"id":9538,"href":"https:\/\/www.ville-blanzat.fr\/index.php\/wp-json\/wp\/v2\/pages\/358\/revisions\/9538"}],"up":[{"embeddable":true,"href":"https:\/\/www.ville-blanzat.fr\/index.php\/wp-json\/wp\/v2\/pages\/274"}],"wp:attachment":[{"href":"https:\/\/www.ville-blanzat.fr\/index.php\/wp-json\/wp\/v2\/media?parent=358"}],"curies":[{"name":"wp","href":"https:\/\/api.w.org\/{rel}","templated":true}]}}