{"id":3961,"date":"2020-05-18T16:03:56","date_gmt":"2020-05-18T14:03:56","guid":{"rendered":"http:\/\/www.ville-blanzat.fr\/?page_id=3961"},"modified":"2024-04-15T14:43:13","modified_gmt":"2024-04-15T12:43:13","slug":"infos-pratiques","status":"publish","type":"page","link":"https:\/\/www.ville-blanzat.fr\/index.php\/infos-pratiques\/","title":{"rendered":"INFOS BILLETTERIE ET R\u00c9SERVATIONS"},"content":{"rendered":"\n<p style=\"font-size:19px\">L&rsquo;espace culturel de la Ville de Blanzat se situe dans un cadre de verdure au coeur de la Vall\u00e9e du B\u00e9dat, entre le site des C\u00f4tes et le plateau de la Bade, avec la cha\u00eene des Puys en toile de fond. Facile d&rsquo;acc\u00e8s par les diff\u00e9rentes autoroutes (sortie Gerzat), \u00e0 20 minutes du centre de Clermont-Ferrand, capitale r\u00e9gionale, La Muscade constitue un lieu d&rsquo;\u00e9change culturel. <\/p>\n\n\n\n<h1 class=\"has-accent-2-color has-text-color wp-block-heading\"><strong>Billetterie  <\/strong><\/h1>\n\n\n\n<h2 class=\"has-sitebg-color has-text-color wp-block-heading\"><strong>EN MAIRIE<br>LUNDI : 14h00 &#8211; 17h00<br>MARDI, JEUDI : 9h00 &#8211; 12h00 \/ 14h00 &#8211; 17h00<br>MERCREDI, VENDREDI : 9h00 &#8211; 12h00<\/strong><\/h2>\n\n\n\n<ul class=\"wp-block-list\"><li><strong>PAR T\u00c9L\u00c9PHONE : 04 73 87 40 40<\/strong><br>Aux horaires d\u2019ouverture de la billetterie. R\u00e8glement par ch\u00e8que sous 48 h suivant la r\u00e9servation. <\/li><li><strong>PAR COURRIER :<\/strong> En joignant le r\u00e8glement (ch\u00e8que \u00e0 l\u2019ordre du Tr\u00e9sor Public) et tout justificatif de r\u00e9duction \u00e9ventuelle. <\/li><li><strong>SUR PLACE :<\/strong> Le jour du spectacle et <strong>dans la limite des places disponibles<\/strong>. Ouverture de la billetterie 30 minutes avant le d\u00e9but de la repr\u00e9sentation.<\/li><li><strong><a rel=\"noreferrer noopener\" href=\"https:\/\/www.vostickets.fr\/Billet?id=SERVICE_CULTUREL_BLANZAT\" target=\"_blank\">BILLETTERIE EN LIGNE (ICI)<\/a><\/strong><\/li><\/ul>\n\n\n\n<hr class=\"wp-block-separator is-style-wide\"\/>\n\n\n\n<h2 class=\"has-accent-2-color has-text-color wp-block-heading\">Les <strong>Tarifs<\/strong> <\/h2>\n\n\n\n<ul class=\"wp-block-list\"><li><strong>TARIF PLEIN : 12\u20ac<\/strong> &#8211; Tarif unique pour chaque spectacle de la saison.<\/li><li><strong>TARIF R\u00c9DUIT : 8\u20ac <\/strong>&#8211; Ce tarif s&rsquo;applique aux scolaires (moins de 18 ans), aux \u00e9tudiants, aux ch\u00f4meurs, aux b\u00e9n\u00e9ficiaires du RSA et aux intermittents du spectacle sur pr\u00e9sentation d&rsquo;un justificatif. (<span class=\"has-inline-color has-accent-1-color\">Pour les places achet\u00e9es en ligne, le justificatif vous sera demand\u00e9 \u00e0 l&rsquo;entr\u00e9e<\/span>)<\/li><li><strong>TARIF ABONNEMENT : 10\u20ac <\/strong>&#8211; A partir de 3 spectacles achet\u00e9s (<span class=\"has-inline-color has-accent-1-color\">les abonn\u00e9s de la saison de S\u00e9maphore b\u00e9n\u00e9ficient \u00e9galement de ce tarif<\/span> sur pr\u00e9sentation d&rsquo;un justificatif)<\/li><\/ul>\n\n\n\n<ul class=\"wp-block-list\"><li><strong>TARIF UNIQUE : 5\u20ac<\/strong> &#8211; S\u00e9ances de cin\u00e9ma et spectacle jeune public.<\/li><li><strong>TARIF UNIQUE : 5\u20ac<\/strong> &#8211; Soir\u00e9e de cl\u00f4ture de la 15\u00e8me saison culturelle.<\/li><\/ul>\n\n\n\n<hr class=\"wp-block-separator is-style-wide\"\/>\n\n\n\n<h1 class=\"has-accent-2-color has-text-color wp-block-heading\"><strong>Abonnement <\/strong><\/h1>\n\n\n\n<p><strong>Abonnement 3 spectacles et <\/strong>+<\/p>\n\n\n\n<p>L\u2019abonnement est nominatif (un par personne), il permet de garantir le choix de vos places et de prendre date dans votre agenda personnel.<\/p>\n\n\n\n<p>Vous pourrez vous abonner \u00e0 tout moment de la saison (dans la limite des places disponibles). <\/p>\n\n\n\n<p>Pour b\u00e9n\u00e9ficier des tarifs abonnement, vous devez choisir et r\u00e9gler au moins 3\nspectacles hors spectacle Jeune Public .\n<\/p>\n\n\n\n<p>Au-del\u00e0 des 3 premiers spectacles, il est possible de r\u00e9server des spectacles\nsuppl\u00e9mentaires tout au long de la saison. Toutefois, si vous n\u2019avez pas r\u00e9gl\u00e9 15 jours\navant la date du spectacle, votre place sera remise en vente.\n<\/p>\n\n\n\n<p>Aucun billet ne pourra \u00eatre rembours\u00e9. Dans le cas d\u2019un abonnement, un spectacle pourra \u00e9ventuellement \u00eatre \u00e9chang\u00e9 avant la repr\u00e9sentation et seulement en mairie. Les retardataires risquent de se voir refuser l\u2019entr\u00e9e au spectacle sans remboursement, ni \u00e9change possible. <\/p>\n","protected":false},"excerpt":{"rendered":"<p>L&rsquo;espace culturel de la Ville de Blanzat se situe dans un cadre de verdure au coeur de la Vall\u00e9e du B\u00e9dat, entre le site des C\u00f4tes et le plateau de la Bade, avec la cha\u00eene des Puys en toile de fond. Facile d&rsquo;acc\u00e8s par les diff\u00e9rentes autoroutes (sortie Gerzat), \u00e0 &hellip;<\/p>\n","protected":false},"author":1,"featured_media":0,"parent":0,"menu_order":0,"comment_status":"closed","ping_status":"closed","template":"","meta":{"footnotes":""},"class_list":["post-3961","page","type-page","status-publish","hentry"],"aioseo_notices":[],"_links":{"self":[{"href":"https:\/\/www.ville-blanzat.fr\/index.php\/wp-json\/wp\/v2\/pages\/3961","targetHints":{"allow":["GET"]}}],"collection":[{"href":"https:\/\/www.ville-blanzat.fr\/index.php\/wp-json\/wp\/v2\/pages"}],"about":[{"href":"https:\/\/www.ville-blanzat.fr\/index.php\/wp-json\/wp\/v2\/types\/page"}],"author":[{"embeddable":true,"href":"https:\/\/www.ville-blanzat.fr\/index.php\/wp-json\/wp\/v2\/users\/1"}],"replies":[{"embeddable":true,"href":"https:\/\/www.ville-blanzat.fr\/index.php\/wp-json\/wp\/v2\/comments?post=3961"}],"version-history":[{"count":20,"href":"https:\/\/www.ville-blanzat.fr\/index.php\/wp-json\/wp\/v2\/pages\/3961\/revisions"}],"predecessor-version":[{"id":6653,"href":"https:\/\/www.ville-blanzat.fr\/index.php\/wp-json\/wp\/v2\/pages\/3961\/revisions\/6653"}],"wp:attachment":[{"href":"https:\/\/www.ville-blanzat.fr\/index.php\/wp-json\/wp\/v2\/media?parent=3961"}],"curies":[{"name":"wp","href":"https:\/\/api.w.org\/{rel}","templated":true}]}}