{"id":434,"date":"2017-04-25T13:43:50","date_gmt":"2017-04-25T11:43:50","guid":{"rendered":"http:\/\/ww2.ville-blanzat.fr\/?page_id=434"},"modified":"2024-12-20T11:31:38","modified_gmt":"2024-12-20T10:31:38","slug":"commerces","status":"publish","type":"page","link":"https:\/\/www.ville-blanzat.fr\/index.php\/commerces\/","title":{"rendered":"COMMERCES"},"content":{"rendered":"\n<div class=\"wp-block-columns is-layout-flex wp-container-core-columns-is-layout-1 wp-block-columns-is-layout-flex\">\n<div class=\"wp-block-column is-layout-flow wp-block-column-is-layout-flow\">\n<h5 class=\"wp-block-heading\"><strong>BOULANGERIE<\/strong><\/h5>\n\n\n\n<p><strong><mark style=\"background-color:rgba(0, 0, 0, 0);color:#ff0000\" class=\"has-inline-color\">LES DOUCEURS DE L&rsquo;ATELIER<br><\/mark><\/strong><a href=\"https:\/\/www.facebook.com\/lesdouceursdelatelier\/\">https:\/\/www.facebook.com\/lesdouceursdelatelier\/<br><\/a>3 rue de la Pradat<br>04.73.87.94.14<\/p>\n\n\n\n<h5 class=\"wp-block-heading\"><strong>BAR\/RESTAURANT<\/strong><\/h5>\n\n\n\n<p><strong><mark style=\"background-color:rgba(0, 0, 0, 0);color:#ff0000\" class=\"has-inline-color\">LE XV BAR<br><\/mark><\/strong><a href=\"https:\/\/www.facebook.com\/search\/top?q=le%20bio%20r%C3%A9gal\">https:\/\/www.facebook.com\/search\/top?q=le%20bio%20r%C3%A9gal<br><\/a>18 place de la Poste<br>04.73.87.99.54<\/p>\n\n\n\n<p><strong><mark style=\"background-color:rgba(0, 0, 0, 0);color:#ff0000\" class=\"has-inline-color\">LE DUO<br><\/mark><\/strong>23 rue Saint-Vincent<br>04.73.87.21.81<\/p>\n\n\n\n<p><mark style=\"background-color:rgba(0, 0, 0, 0);color:#f10d0d\" class=\"has-inline-color\"><strong>CHEZ LISETTE<\/strong><\/mark><br>45 Rue R\u00e9publique<br>04.73.83.09.93<\/p>\n\n\n\n<h5 class=\"wp-block-heading\"><strong>ALIMENTATION<\/strong><\/h5>\n\n\n\n<p><strong><mark style=\"background-color:rgba(0, 0, 0, 0);color:#ff0000\" class=\"has-inline-color\">CREMERIE COSTE<br><\/mark><\/strong>57 rue de la Lib\u00e9ration<br>04.73.87.99.71<br><a href=\"https:\/\/www.fromagerie-coste.fr\/\">https:\/\/www.fromagerie-coste.fr\/<\/a><\/p>\n\n\n\n<p><strong><mark style=\"background-color:rgba(0, 0, 0, 0);color:#ff0000\" class=\"has-inline-color\">LA MAISON DU KOJI : Produits alimentaires naturels japonais<br><\/mark><\/strong>81 rue de Rochefort<br><a href=\"https:\/\/www.facebook.com\/maisondukoji\/\">https:\/\/www.facebook.com\/maisondukoji\/<br><\/a>lamaisondukoji@laposte.net<\/p>\n\n\n\n<p><strong><mark style=\"background-color:rgba(0, 0, 0, 0);color:#ff0000\" class=\"has-inline-color\">INTERMARCH\u00c9<br><\/mark><\/strong>235 route de Nohanent<br>04.73.87.91.93<br><a href=\"https:\/\/www.facebook.com\/Intermarcheblanzat63\/?locale=fr_FR\">https:\/\/www.facebook.com\/Intermarcheblanzat63\/?locale=fr_FR<\/a><\/p>\n\n\n\n<p><strong><mark style=\"background-color:rgba(0, 0, 0, 0);color:#ff0000\" class=\"has-inline-color\">GAEC BONJEAN : VIN<br><\/mark><\/strong>12 rue de la Tour<br>04.73.87.90.50<br><a href=\"https:\/\/stephane-bonjean.com\/\">https:\/\/stephane-bonjean.com\/<\/a><strong><mark style=\"background-color:rgba(0, 0, 0, 0);color:#ff0000\" class=\"has-inline-color\"><\/mark><\/strong><\/p>\n\n\n\n<h5 class=\"wp-block-heading\"><strong>COIFFURE<\/strong><\/h5>\n\n\n\n<p><strong><mark style=\"background-color:rgba(0, 0, 0, 0);color:#ff0000\" class=\"has-inline-color\">CHRISTEL\u2019HAIR<br><\/mark><\/strong>15 route des Mauvaises<br>04.73.87.63.57<\/p>\n\n\n\n<p><strong><mark style=\"background-color:rgba(0, 0, 0, 0);color:#ff0000\" class=\"has-inline-color\">COIFFURE A DOMICILE MME PILVEN<br><\/mark><\/strong>374 rue du B\u00e9dat<br>06.08.84.82.28<\/p>\n\n\n\n<p><strong><mark style=\"background-color:rgba(0, 0, 0, 0);color:#ff0000\" class=\"has-inline-color\">M.A. Cr\u00e9ation<br><\/mark><\/strong>9 rue de la R\u00e9publique<br>04.73.87.98.20<\/p>\n\n\n\n<h5 class=\"wp-block-heading\"><strong>INSTITUTS DE BEAUTE<\/strong><\/h5>\n\n\n\n<p><strong><mark style=\"background-color:rgba(0, 0, 0, 0);color:#ff0000\" class=\"has-inline-color\">LES SECRETS D&rsquo;AMELIE<br><\/mark><\/strong>Esth\u00e9ticienne \u00e0 Domicile<br>06 65 28 57 98<\/p>\n\n\n\n<p><strong><mark style=\"background-color:rgba(0, 0, 0, 0);color:#ff0000\" class=\"has-inline-color\">SC BIEN-\u00caTRE<br><\/mark><\/strong>Massages et soins esth\u00e9tiques \u00e0 domicile<br>06 41 47 80 04<\/p>\n\n\n\n<p><strong><mark style=\"background-color:rgba(0, 0, 0, 0);color:#ff0000\" class=\"has-inline-color\">EKOE &#8211; Massages &amp; Bien-\u00catre<br><\/mark><\/strong>Prestations disponibles \u00e0 l&rsquo;institut \u00e0 Blanzat ou directement chez vous \u00e0 domicile.<br>Sur Rendez-Vous uniquement<br>7 rue des Grosli\u00e8res<br>06 68 74 31 27<\/p>\n\n\n\n<p><strong><mark style=\"background-color:rgba(0, 0, 0, 0);color:#ff0000\" class=\"has-inline-color\">ANANAILS (Onglerie, Manucure)<br><\/mark><\/strong>235 rue de la Jarzy<br>ananailspro@gmail.com<\/p>\n\n\n\n<p><strong><mark style=\"background-color:rgba(0, 0, 0, 0);color:#ff0000\" class=\"has-inline-color\">OCENAILS<\/mark><\/strong><br>44 rue de la R\u00e9publique<br>06 19 09 73 22<\/p>\n\n\n\n<h5 class=\"wp-block-heading\"><strong>TABAC\/PRESSE<\/strong><\/h5>\n\n\n\n<p><strong><mark style=\"background-color:rgba(0, 0, 0, 0);color:#ff0000\" class=\"has-inline-color\">BUREAU DE TABAC<br><\/mark><\/strong>74 Rue de la Lib\u00e9ration<br>04.73.87.99.36<\/p>\n\n\n\n<h5 class=\"wp-block-heading\"><strong>PHARMACIE<\/strong><\/h5>\n\n\n\n<p><strong><mark style=\"background-color:rgba(0, 0, 0, 0);color:#ff0000\" class=\"has-inline-color\">MMES ROUGELIN ET MATHEVET<br><\/mark><\/strong>18 route du Ch\u00e2teau<br>04.73.87.99.48<\/p>\n\n\n\n<p><strong><mark style=\"background-color:rgba(0, 0, 0, 0);color:#ff0000\" class=\"has-inline-color\">M L\u2019HERITIER\/ MME MALECKI<br><\/mark><\/strong> 246 Route de C\u00e9bazat<br>04.73.87.98.83<\/p>\n\n\n\n<h5 class=\"wp-block-heading\"><strong>MARA\u00ceCHER<\/strong><\/h5>\n\n\n\n<p><strong><mark style=\"background-color:rgba(0, 0, 0, 0);color:#ff0000\" class=\"has-inline-color\">MATHIEU R\u00c9GAL<\/mark><\/strong><br>Boulevard du Peyrat<br>06 64 77 08 91<strong><mark style=\"background-color:rgba(0, 0, 0, 0);color:#ff0000\" class=\"has-inline-color\"><br><\/mark><\/strong><a href=\"https:\/\/www.facebook.com\/Le-bio-R%C3%A9gal-102583128234303?locale=fr_FR\">https:\/\/www.facebook.com\/Le-bio-R\u00e9gal-102583128234303?locale=fr_FR<\/a><\/p>\n\n\n\n<p><strong><mark style=\"background-color:rgba(0, 0, 0, 0);color:#ff0000\" class=\"has-inline-color\">LES JARDINS DE LA MUSCADE<br><\/mark><\/strong>11 rue de la Fonleite<br>06 73 00 09 53<\/p>\n\n\n\n<p><strong><mark style=\"background-color:rgba(0, 0, 0, 0);color:#ff0000\" class=\"has-inline-color\">VENTE JUS DE FRUITS<br><\/mark><\/strong>Montagnon Bertrand<br>146 rue du Sauzet<br>04.73.87.93.38<\/p>\n\n\n\n<p><strong><mark style=\"background-color:rgba(0, 0, 0, 0);color:#ff0000\" class=\"has-inline-color\">DIDIER RANCE<\/mark><\/strong><br>68 rue Saint-Vincent<br>06 37 09 86 45<\/p>\n\n\n\n<h5 class=\"wp-block-heading\"><strong>SERVICE<\/strong><\/h5>\n\n\n\n<p><strong><mark style=\"background-color:rgba(0, 0, 0, 0);color:#ff0000\" class=\"has-inline-color\">CABINET COMPTABLE ALAIN MAVET<br><\/mark><\/strong>517 rue du Clos<br>06 77 45 28 76<\/p>\n\n\n\n<p><strong><mark style=\"background-color:rgba(0, 0, 0, 0);color:#ff0000\" class=\"has-inline-color\">M2GS CONSEILS &amp; ASSISTANCE<br><\/mark><\/strong>680, route des Mauvaises<br>06 74 77 44 52<\/p>\n\n\n\n<p><strong><mark style=\"background-color:rgba(0, 0, 0, 0);color:#ff0000\" class=\"has-inline-color\">AH ELEC<br><\/mark><\/strong> 97 impasse du Puy Robert<\/p>\n\n\n\n<p><strong><mark style=\"background-color:rgba(0, 0, 0, 0);color:#ff0000\" class=\"has-inline-color\">L&rsquo;INATTENDU 63<br><\/mark><\/strong>H\u00e9bergement courte dur\u00e9e en cabane et appartement SPA<br>06 98 68 50 86<\/p>\n\n\n\n<p><strong><mark style=\"background-color:rgba(0, 0, 0, 0);color:#ff0000\" class=\"has-inline-color\">RESONNE<br><\/mark><\/strong>Accompagnement et soutient au deuil<br>resonne63@gmail.com<br>06 68 74 31 27<\/p>\n\n\n\n<h5 class=\"wp-block-heading\"><strong>MARCHAND AMBULANT<\/strong><\/h5>\n\n\n\n<p>JEUDI DE 8H \u00e0 12H:<\/p>\n\n\n\n<p><strong><mark style=\"background-color:rgba(0, 0, 0, 0);color:#ff0000\" class=\"has-inline-color\">LE PARC A FLO &#8211; BOUCHER TRAITEUR<br><\/mark><\/strong>R\u00e9servation possible au 04 73 33 52 94<\/p>\n\n\n\n<p>VENDREDI DE 18H \u00e0 22H:<\/p>\n\n\n\n<p><strong><mark style=\"background-color:rgba(0, 0, 0, 0);color:#ff0000\" class=\"has-inline-color\">LA FRITE MOBILE<br><\/mark><\/strong>Commande possible par t\u00e9l\u00e9phone au 06 58 05 84 98<\/p>\n<\/div>\n<\/div>\n","protected":false},"excerpt":{"rendered":"<p>BOULANGERIE LES DOUCEURS DE L&rsquo;ATELIERhttps:\/\/www.facebook.com\/lesdouceursdelatelier\/3 rue de la Pradat04.73.87.94.14 BAR\/RESTAURANT LE XV BARhttps:\/\/www.facebook.com\/search\/top?q=le%20bio%20r%C3%A9gal18 place de la Poste04.73.87.99.54 LE DUO23 rue Saint-Vincent04.73.87.21.81 CHEZ LISETTE45 Rue R\u00e9publique04.73.83.09.93 ALIMENTATION CREMERIE COSTE57 rue de la Lib\u00e9ration04.73.87.99.71https:\/\/www.fromagerie-coste.fr\/ LA MAISON DU KOJI : Produits alimentaires naturels japonais81 rue de Rocheforthttps:\/\/www.facebook.com\/maisondukoji\/lamaisondukoji@laposte.net INTERMARCH\u00c9235 route de Nohanent04.73.87.91.93https:\/\/www.facebook.com\/Intermarcheblanzat63\/?locale=fr_FR GAEC BONJEAN &hellip;<\/p>\n","protected":false},"author":1,"featured_media":0,"parent":0,"menu_order":0,"comment_status":"closed","ping_status":"closed","template":"","meta":{"footnotes":""},"class_list":["post-434","page","type-page","status-publish","hentry"],"aioseo_notices":[],"_links":{"self":[{"href":"https:\/\/www.ville-blanzat.fr\/index.php\/wp-json\/wp\/v2\/pages\/434","targetHints":{"allow":["GET"]}}],"collection":[{"href":"https:\/\/www.ville-blanzat.fr\/index.php\/wp-json\/wp\/v2\/pages"}],"about":[{"href":"https:\/\/www.ville-blanzat.fr\/index.php\/wp-json\/wp\/v2\/types\/page"}],"author":[{"embeddable":true,"href":"https:\/\/www.ville-blanzat.fr\/index.php\/wp-json\/wp\/v2\/users\/1"}],"replies":[{"embeddable":true,"href":"https:\/\/www.ville-blanzat.fr\/index.php\/wp-json\/wp\/v2\/comments?post=434"}],"version-history":[{"count":38,"href":"https:\/\/www.ville-blanzat.fr\/index.php\/wp-json\/wp\/v2\/pages\/434\/revisions"}],"predecessor-version":[{"id":9387,"href":"https:\/\/www.ville-blanzat.fr\/index.php\/wp-json\/wp\/v2\/pages\/434\/revisions\/9387"}],"wp:attachment":[{"href":"https:\/\/www.ville-blanzat.fr\/index.php\/wp-json\/wp\/v2\/media?parent=434"}],"curies":[{"name":"wp","href":"https:\/\/api.w.org\/{rel}","templated":true}]}}