{"id":4446,"date":"2020-10-14T10:04:07","date_gmt":"2020-10-14T08:04:07","guid":{"rendered":"http:\/\/www.ville-blanzat.fr\/?page_id=4446"},"modified":"2024-05-28T15:10:55","modified_gmt":"2024-05-28T13:10:55","slug":"portail-famille","status":"publish","type":"page","link":"https:\/\/www.ville-blanzat.fr\/index.php\/portail-famille\/","title":{"rendered":"PORTAIL FAMILLE"},"content":{"rendered":"\n<p class=\"has-text-align-center animated bounceIn slow\">Le Portail Famille est un espace virtuel et accessible \u00e0 tous qui rassemble toutes les informations utiles aux familles (services et inscriptions la cantine, garderie du matin et du soir, activit\u00e9s propos\u00e9es le mercredi ou durant les vacances scolaire.<\/p>\n\n\n<div class=\"wp-block-image\">\n<figure class=\"aligncenter size-full is-resized\"><img fetchpriority=\"high\" decoding=\"async\" width=\"512\" height=\"512\" src=\"https:\/\/www.ville-blanzat.fr\/wp-content\/uploads\/2024\/04\/image-13.png\" alt=\"\" class=\"wp-image-8577\" style=\"width:318px;height:auto\" srcset=\"https:\/\/www.ville-blanzat.fr\/wp-content\/uploads\/2024\/04\/image-13.png 512w, https:\/\/www.ville-blanzat.fr\/wp-content\/uploads\/2024\/04\/image-13-300x300.png 300w, https:\/\/www.ville-blanzat.fr\/wp-content\/uploads\/2024\/04\/image-13-150x150.png 150w, https:\/\/www.ville-blanzat.fr\/wp-content\/uploads\/2024\/04\/image-13-200x200.png 200w\" sizes=\"(max-width: 512px) 100vw, 512px\" \/><\/figure><\/div>\n\n\n<div class=\"wp-block-button is-style-fill aligncenter\"><a class=\"wp-block-button__link has-accent-1-background-color has-background wp-element-button\" href=\"https:\/\/parents.logiciel-enfance.fr\/blanzat\">Acc\u00e9der au Portail Famille<\/a><\/div>\n\n\n\n<div class=\"wp-block-buttons is-content-justification-center is-layout-flex wp-container-core-buttons-is-layout-1 wp-block-buttons-is-layout-flex\">\n<div class=\"wp-block-button\"><a class=\"wp-block-button__link wp-element-button\" href=\"https:\/\/www.ville-blanzat.fr\/wp-content\/uploads\/2020\/11\/Guide-utilisateur-portail-parents-Standard_v2.pdf\">T\u00e9l\u00e9charger le guide utilisateur<\/a><\/div>\n<\/div>\n\n\n\n<div style=\"height:100px\" aria-hidden=\"true\" class=\"wp-block-spacer\"><\/div>\n\n\n\n<p class=\"has-text-align-center\">La cr\u00e9ation de votre compte personnel vous permet de vous connecter \u00e0 votre espace d\u2019\u00e9change d\u00e9di\u00e9 aux d\u00e9marches familiales. Cet espace vous permettra notamment de modifier vos informations personnelles (adresse, num\u00e9ros de t\u00e9l\u00e9phone\u2026), pr\u00e9-inscrire vos enfants aux activit\u00e9s ou signaler une absence \u00e0 la cantine.<\/p>\n\n\n\n<figure class=\"wp-block-embed is-type-video is-provider-youtube wp-block-embed-youtube wp-embed-aspect-16-9 wp-has-aspect-ratio\"><div class=\"wp-block-embed__wrapper\">\n<iframe title=\"PORTAIL FAMILLE\" width=\"1225\" height=\"689\" src=\"https:\/\/www.youtube.com\/embed\/cyNKNAKwax8?feature=oembed\" frameborder=\"0\" allow=\"accelerometer; autoplay; clipboard-write; encrypted-media; gyroscope; picture-in-picture; web-share\" referrerpolicy=\"strict-origin-when-cross-origin\" allowfullscreen><\/iframe>\n<\/div><\/figure>\n\n\n\n<p><\/p>\n\n\n\n<h1 class=\"wp-block-heading animated fadeInRight\">Payer ses factures via PayFip<\/h1>\n\n\n\n<p class=\"has-text-align-center\">Nous sommes heureux de vous offrir la possibilit\u00e9 de r\u00e9gler vos factures municipales en ligne gr\u00e2ce \u00e0 notre service s\u00e9curis\u00e9, PayFib !<\/p>\n\n\n<div class=\"wp-block-image\">\n<figure class=\"aligncenter size-full\"><img decoding=\"async\" width=\"117\" height=\"65\" src=\"https:\/\/www.ville-blanzat.fr\/wp-content\/uploads\/2024\/05\/image-2.png\" alt=\"\" class=\"wp-image-9025\"\/><\/figure><\/div>\n\n\n<div class=\"wp-block-buttons is-content-justification-center is-layout-flex wp-container-core-buttons-is-layout-2 wp-block-buttons-is-layout-flex\">\n<div class=\"wp-block-button is-style-fill\"><a class=\"wp-block-button__link has-sitebg-color has-accent-1-background-color has-text-color has-background wp-element-button\" href=\"https:\/\/www.payfip.gouv.fr\" target=\"_blank\" rel=\"noreferrer noopener\">Payez vos factures ici<\/a><\/div>\n<\/div>\n","protected":false},"excerpt":{"rendered":"<p>Le Portail Famille est un espace virtuel et accessible \u00e0 tous qui rassemble toutes les informations utiles aux familles (services et inscriptions la cantine, garderie du matin et du soir, activit\u00e9s propos\u00e9es le mercredi ou durant les vacances scolaire. La cr\u00e9ation de votre compte personnel vous permet de vous connecter &hellip;<\/p>\n","protected":false},"author":1,"featured_media":8118,"parent":0,"menu_order":0,"comment_status":"closed","ping_status":"closed","template":"","meta":{"footnotes":""},"class_list":["post-4446","page","type-page","status-publish","has-post-thumbnail","hentry"],"aioseo_notices":[],"_links":{"self":[{"href":"https:\/\/www.ville-blanzat.fr\/index.php\/wp-json\/wp\/v2\/pages\/4446","targetHints":{"allow":["GET"]}}],"collection":[{"href":"https:\/\/www.ville-blanzat.fr\/index.php\/wp-json\/wp\/v2\/pages"}],"about":[{"href":"https:\/\/www.ville-blanzat.fr\/index.php\/wp-json\/wp\/v2\/types\/page"}],"author":[{"embeddable":true,"href":"https:\/\/www.ville-blanzat.fr\/index.php\/wp-json\/wp\/v2\/users\/1"}],"replies":[{"embeddable":true,"href":"https:\/\/www.ville-blanzat.fr\/index.php\/wp-json\/wp\/v2\/comments?post=4446"}],"version-history":[{"count":25,"href":"https:\/\/www.ville-blanzat.fr\/index.php\/wp-json\/wp\/v2\/pages\/4446\/revisions"}],"predecessor-version":[{"id":9026,"href":"https:\/\/www.ville-blanzat.fr\/index.php\/wp-json\/wp\/v2\/pages\/4446\/revisions\/9026"}],"wp:featuredmedia":[{"embeddable":true,"href":"https:\/\/www.ville-blanzat.fr\/index.php\/wp-json\/wp\/v2\/media\/8118"}],"wp:attachment":[{"href":"https:\/\/www.ville-blanzat.fr\/index.php\/wp-json\/wp\/v2\/media?parent=4446"}],"curies":[{"name":"wp","href":"https:\/\/api.w.org\/{rel}","templated":true}]}}