{"id":449,"date":"2017-04-25T13:50:10","date_gmt":"2017-04-25T11:50:10","guid":{"rendered":"http:\/\/ww2.ville-blanzat.fr\/?page_id=449"},"modified":"2024-01-30T14:47:42","modified_gmt":"2024-01-30T13:47:42","slug":"culture-2","status":"publish","type":"page","link":"https:\/\/www.ville-blanzat.fr\/index.php\/culture-2\/","title":{"rendered":"CULTURE"},"content":{"rendered":"\t\t<div data-elementor-type=\"wp-page\" data-elementor-id=\"449\" class=\"elementor elementor-449\" data-elementor-post-type=\"page\">\n\t\t\t\t\t\t<section class=\"elementor-section elementor-top-section elementor-element elementor-element-153da0d1 elementor-section-boxed elementor-section-height-default elementor-section-height-default\" data-id=\"153da0d1\" data-element_type=\"section\" data-e-type=\"section\">\n\t\t\t\t\t\t<div class=\"elementor-container elementor-column-gap-default\">\n\t\t\t\t\t<div class=\"elementor-column elementor-col-100 elementor-top-column elementor-element elementor-element-9497704\" data-id=\"9497704\" data-element_type=\"column\" data-e-type=\"column\">\n\t\t\t<div class=\"elementor-widget-wrap elementor-element-populated\">\n\t\t\t\t\t\t<div class=\"elementor-element elementor-element-15684d26 elementor-widget elementor-widget-text-editor\" data-id=\"15684d26\" data-element_type=\"widget\" data-e-type=\"widget\" data-widget_type=\"text-editor.default\">\n\t\t\t\t<div class=\"elementor-widget-container\">\n\t\t\t\t\t\t\t\t\t<figure id=\"attachment_536\" aria-describedby=\"caption-attachment-536\" style=\"width: 150px\" class=\"wp-caption alignleft\"><a href=\"http:\/\/www.ville-blanzat.fr\/index.php\/lamuscade\/\"><img decoding=\"async\" class=\"wp-image-536 size-thumbnail\" src=\"http:\/\/www.ville-blanzat.fr\/wp-content\/uploads\/2017\/04\/muscade-N\u00b08-150x150.jpg\" alt=\"\" width=\"150\" height=\"150\" \/><\/a><figcaption id=\"caption-attachment-536\" class=\"wp-caption-text\"><b>LA MUSCADE<\/b><\/figcaption><\/figure><figure id=\"attachment_593\" aria-describedby=\"caption-attachment-593\" style=\"width: 150px\" class=\"wp-caption alignleft\"><a href=\"http:\/\/www.ville-blanzat.fr\/index.php\/ecole-de-musique\/\"><img decoding=\"async\" class=\"wp-image-593 size-thumbnail\" src=\"http:\/\/www.ville-blanzat.fr\/wp-content\/uploads\/2017\/04\/IMG_0659-150x150.jpg\" alt=\"\" width=\"150\" height=\"150\" \/><\/a><figcaption id=\"caption-attachment-593\" class=\"wp-caption-text\"><b>ECOLE DE MUSIQUE<\/b><\/figcaption><\/figure><figure id=\"attachment_1191\" aria-describedby=\"caption-attachment-1191\" style=\"width: 150px\" class=\"wp-caption alignleft\"><a href=\"http:\/\/www.ville-blanzat.fr\/index.php\/mediatheque\/\"><img decoding=\"async\" class=\"wp-image-1191 size-thumbnail\" src=\"http:\/\/www.ville-blanzat.fr\/wp-content\/uploads\/2017\/04\/MG_3663-150x150.jpg\" alt=\"\" width=\"150\" height=\"150\" \/><\/a><figcaption id=\"caption-attachment-1191\" class=\"wp-caption-text\"><b>MEDIATH\u00c8QUE AIM\u00c9 C\u00c9SAIRE<\/b><\/figcaption><\/figure>\t\t\t\t\t\t\t\t<\/div>\n\t\t\t\t<\/div>\n\t\t\t\t\t<\/div>\n\t\t<\/div>\n\t\t\t\t\t<\/div>\n\t\t<\/section>\n\t\t\t\t<\/div>\n\t\t","protected":false},"excerpt":{"rendered":"","protected":false},"author":1,"featured_media":191,"parent":0,"menu_order":0,"comment_status":"closed","ping_status":"closed","template":"","meta":{"footnotes":""},"class_list":["post-449","page","type-page","status-publish","has-post-thumbnail","hentry"],"aioseo_notices":[],"_links":{"self":[{"href":"https:\/\/www.ville-blanzat.fr\/index.php\/wp-json\/wp\/v2\/pages\/449","targetHints":{"allow":["GET"]}}],"collection":[{"href":"https:\/\/www.ville-blanzat.fr\/index.php\/wp-json\/wp\/v2\/pages"}],"about":[{"href":"https:\/\/www.ville-blanzat.fr\/index.php\/wp-json\/wp\/v2\/types\/page"}],"author":[{"embeddable":true,"href":"https:\/\/www.ville-blanzat.fr\/index.php\/wp-json\/wp\/v2\/users\/1"}],"replies":[{"embeddable":true,"href":"https:\/\/www.ville-blanzat.fr\/index.php\/wp-json\/wp\/v2\/comments?post=449"}],"version-history":[{"count":22,"href":"https:\/\/www.ville-blanzat.fr\/index.php\/wp-json\/wp\/v2\/pages\/449\/revisions"}],"predecessor-version":[{"id":7044,"href":"https:\/\/www.ville-blanzat.fr\/index.php\/wp-json\/wp\/v2\/pages\/449\/revisions\/7044"}],"wp:featuredmedia":[{"embeddable":true,"href":"https:\/\/www.ville-blanzat.fr\/index.php\/wp-json\/wp\/v2\/media\/191"}],"wp:attachment":[{"href":"https:\/\/www.ville-blanzat.fr\/index.php\/wp-json\/wp\/v2\/media?parent=449"}],"curies":[{"name":"wp","href":"https:\/\/api.w.org\/{rel}","templated":true}]}}