{"id":5311,"date":"2021-09-22T10:20:23","date_gmt":"2021-09-22T08:20:23","guid":{"rendered":"http:\/\/www.ville-blanzat.fr\/?page_id=5311"},"modified":"2024-11-15T10:05:26","modified_gmt":"2024-11-15T09:05:26","slug":"cantine-scolaire","status":"publish","type":"page","link":"https:\/\/www.ville-blanzat.fr\/index.php\/cantine-scolaire\/","title":{"rendered":"MENU CANTINE SCOLAIRE"},"content":{"rendered":"\n<p class=\"has-text-align-center animated fadeInUp\">Vous retrouverez ici toutes les informations concernant les menus de la cantine de l&rsquo;\u00e9cole Louis Blanc de Blanzat.<\/p>\n\n\n\n<p class=\"has-text-align-center\">Les informations sont r\u00e9guli\u00e8rement mises \u00e0 jour donc n&rsquo;h\u00e9sitez pas \u00e0 venir vous renseigner !<\/p>\n\n\n\n<div class=\"wp-block-buttons is-content-justification-center is-layout-flex wp-container-core-buttons-is-layout-1 wp-block-buttons-is-layout-flex\">\n<div class=\"wp-block-button\"><a class=\"wp-block-button__link has-sitebg-color has-accent-1-background-color has-text-color has-background has-text-align-center wp-element-button\" href=\"https:\/\/sites.google.com\/api-restauration.com\/05364\/les-infos-de-mon-restaurant\" target=\"_blank\" rel=\"noreferrer noopener\">Les infos de mon restaurant<\/a><\/div>\n<\/div>\n","protected":false},"excerpt":{"rendered":"<p>Vous retrouverez ici toutes les informations concernant les menus de la cantine de l&rsquo;\u00e9cole Louis Blanc de Blanzat. Les informations sont r\u00e9guli\u00e8rement mises \u00e0 jour donc n&rsquo;h\u00e9sitez pas \u00e0 venir vous renseigner !<\/p>\n","protected":false},"author":1,"featured_media":0,"parent":0,"menu_order":0,"comment_status":"closed","ping_status":"closed","template":"","meta":{"footnotes":""},"class_list":["post-5311","page","type-page","status-publish","hentry"],"aioseo_notices":[],"_links":{"self":[{"href":"https:\/\/www.ville-blanzat.fr\/index.php\/wp-json\/wp\/v2\/pages\/5311","targetHints":{"allow":["GET"]}}],"collection":[{"href":"https:\/\/www.ville-blanzat.fr\/index.php\/wp-json\/wp\/v2\/pages"}],"about":[{"href":"https:\/\/www.ville-blanzat.fr\/index.php\/wp-json\/wp\/v2\/types\/page"}],"author":[{"embeddable":true,"href":"https:\/\/www.ville-blanzat.fr\/index.php\/wp-json\/wp\/v2\/users\/1"}],"replies":[{"embeddable":true,"href":"https:\/\/www.ville-blanzat.fr\/index.php\/wp-json\/wp\/v2\/comments?post=5311"}],"version-history":[{"count":5,"href":"https:\/\/www.ville-blanzat.fr\/index.php\/wp-json\/wp\/v2\/pages\/5311\/revisions"}],"predecessor-version":[{"id":9344,"href":"https:\/\/www.ville-blanzat.fr\/index.php\/wp-json\/wp\/v2\/pages\/5311\/revisions\/9344"}],"wp:attachment":[{"href":"https:\/\/www.ville-blanzat.fr\/index.php\/wp-json\/wp\/v2\/media?parent=5311"}],"curies":[{"name":"wp","href":"https:\/\/api.w.org\/{rel}","templated":true}]}}