{"id":5461,"date":"2021-10-21T09:31:25","date_gmt":"2021-10-21T07:31:25","guid":{"rendered":"http:\/\/www.ville-blanzat.fr\/?page_id=5461"},"modified":"2025-06-17T16:51:41","modified_gmt":"2025-06-17T14:51:41","slug":"arretes-municipaux","status":"publish","type":"page","link":"https:\/\/www.ville-blanzat.fr\/index.php\/publications\/arretes-municipaux\/","title":{"rendered":"Arr\u00eat\u00e9s Municipaux"},"content":{"rendered":"\n<\/p>\n<h2 class=\"wp-block-heading\">Retrouvez ici les arr\u00eat\u00e9s municipaux \u00e9mis par votre mairie.<\/h2>\n<p>\n\n\n\n<div class=\"wp-block-columns alignwide is-layout-flex wp-container-core-columns-is-layout-1 wp-block-columns-is-layout-flex\" style=\"margin-bottom:0\">\n<div class=\"wp-block-column has-accent-1-background-color has-text-color has-background has-link-color wp-elements-4ab7e042e50ca378b9049eb4f97d760a is-layout-flow wp-block-column-is-layout-flow\" style=\"color:#000000;padding-top:2em;padding-right:2em;padding-bottom:2em;padding-left:2em\">\n<h2 class=\"wp-block-heading has-text-align-center\" style=\"font-size:40px\"><strong><a title=\"Arr\u00eat\u00e9 Municipal\" href=\"https:\/\/www.ville-blanzat.fr\/wp-content\/uploads\/2024\/03\/arrete-n005-2024-interdisant-la-divagation-des-chiens-et-des-chats.pdf\"><mark style=\"background-color: rgba(0, 0, 0, 0); color: #ffffff;\">Arr\u00eat\u00e9 Municipal<\/mark><\/a><\/strong><\/h2>\n\n\n\n<p class=\"has-text-align-center\">arr\u00eat\u00e9 interdisant la divagation des chiens et chats<\/p>\n\n\n\n<hr class=\"wp-block-separator has-text-color has-css-opacity has-background\" style=\"background-color:#000000;color:#000000\"\/>\n\n\n\n<div class=\"wp-block-buttons alignfull is-horizontal is-content-justification-center is-layout-flex wp-container-core-buttons-is-layout-1 wp-block-buttons-is-layout-flex\">\n<div class=\"wp-block-button has-custom-width wp-block-button__width-100\"><a class=\"wp-block-button__link has-white-color has-text-color has-background no-border-radius wp-element-button\" href=\"https:\/\/www.ville-blanzat.fr\/wp-content\/uploads\/2024\/03\/arrete-n005-2024-interdisant-la-divagation-des-chiens-et-des-chats.pdf\" style=\"background-color:#000000\">T\u00e9l\u00e9charger<\/a><\/div>\n<\/div>\n<\/div>\n\n\n\n<div class=\"wp-block-column has-text-color has-background has-link-color wp-elements-adf0d64d33f6dd2208d3cfb2d69a102b is-layout-flow wp-block-column-is-layout-flow\" style=\"color:#000000;background-color:#093a7e;padding-top:2em;padding-right:2em;padding-bottom:2em;padding-left:2em\">\n<h2 class=\"wp-block-heading has-text-align-center\" style=\"font-size:40px\"><strong><strong><a title=\"Arr\u00eat\u00e9 Municipal\" href=\"https:\/\/www.ville-blanzat.fr\/wp-content\/uploads\/2021\/11\/ST-166-21-V-SCOPELEC-Implantation-nouvel-appui-te\u0301le\u0301com-impasse-de-la-Gaiete\u0301-08-11-au-12-11-21.pdf\"><mark style=\"background-color: rgba(0, 0, 0, 0); color: #ffffff;\">Arr\u00eat\u00e9 Municipal<\/mark><\/a><\/strong><\/strong><\/h2>\n\n\n\n<p class=\"has-text-align-center has-normal-font-size\" style=\"line-height:1.5\">arr\u00eat\u00e9 de mise en s\u00e9curit\u00e9 <\/p>\n\n\n\n<hr class=\"wp-block-separator has-css-opacity\"\/>\n\n\n\n<div class=\"wp-block-buttons alignfull is-horizontal is-content-justification-center is-layout-flex wp-container-core-buttons-is-layout-2 wp-block-buttons-is-layout-flex\">\n<div class=\"wp-block-button has-custom-width wp-block-button__width-100\"><a class=\"wp-block-button__link has-white-color has-text-color has-background no-border-radius wp-element-button\" href=\"https:\/\/www.ville-blanzat.fr\/wp-content\/uploads\/2025\/02\/001-2025_Arrete_de_Mise_en_securite_procedure_urgente.pdf\" style=\"background-color:#000000\">T\u00e9l\u00e9charger<\/a><\/div>\n<\/div>\n<\/div>\n\n\n\n<div class=\"wp-block-column has-accent-1-background-color has-text-color has-background has-link-color wp-elements-587f0f962550c7cccb086207d666f942 is-layout-flow wp-block-column-is-layout-flow\" style=\"color:#000000;padding-top:2em;padding-right:2em;padding-bottom:2em;padding-left:2em\">\n<h2 class=\"wp-block-heading has-text-align-center\" style=\"font-size:40px\"><strong><strong><a title=\"Arr\u00eat\u00e9 Municipal\" href=\"https:\/\/www.ville-blanzat.fr\/wp-content\/uploads\/2021\/11\/ST-166-21-V-SCOPELEC-Implantation-nouvel-appui-te\u0301le\u0301com-impasse-de-la-Gaiete\u0301-08-11-au-12-11-21.pdf\"><mark style=\"background-color: rgba(0, 0, 0, 0); color: #ffffff;\">Arr\u00eat\u00e9 Municipal<\/mark><\/a><\/strong><\/strong><\/h2>\n\n\n\n<p class=\"has-text-align-center has-normal-font-size\" style=\"line-height:1.5\">&nbsp;Cr\u00e9ation d\u2019une zone \u00e0 faibles \u00e9missions mobilit\u00e9 sur le territoire de la commune de Blanzat&nbsp;\u00bb.<\/p>\n\n\n\n<hr class=\"wp-block-separator has-css-opacity\"\/>\n\n\n\n<div class=\"wp-block-buttons alignfull is-horizontal is-content-justification-center is-layout-flex wp-container-core-buttons-is-layout-3 wp-block-buttons-is-layout-flex\">\n<div class=\"wp-block-button has-custom-width wp-block-button__width-100\"><a class=\"wp-block-button__link has-white-color has-text-color has-background no-border-radius wp-element-button\" href=\"https:\/\/www.ville-blanzat.fr\/wp-content\/uploads\/2025\/03\/ST-054-25-RR-Creation-dune-zone-a-faibles-emissions-mobilite-sur-le-territoire-de-la-commune-de-BLANZAT.pdf\" style=\"background-color:#000000\">T\u00e9l\u00e9charger<\/a><\/div>\n<\/div>\n<\/div>\n\n\n\n<div class=\"wp-block-column has-accent-1-background-color has-text-color has-background has-link-color wp-elements-2969231d918cb1d8b9e89575f2494ad6 is-layout-flow wp-block-column-is-layout-flow\" style=\"color:#000000;padding-top:2em;padding-right:2em;padding-bottom:2em;padding-left:2em\">\n<h2 class=\"wp-block-heading has-text-align-center\" style=\"font-size:40px\"><strong><strong><a title=\"Arr\u00eat\u00e9 Municipal\" href=\"https:\/\/www.ville-blanzat.fr\/wp-content\/uploads\/2021\/11\/ST-166-21-V-SCOPELEC-Implantation-nouvel-appui-te\u0301le\u0301com-impasse-de-la-Gaiete\u0301-08-11-au-12-11-21.pdf\"><mark style=\"background-color: rgba(0, 0, 0, 0); color: #ffffff;\">Arr\u00eat\u00e9 Municipal<\/mark><\/a><\/strong><\/strong><\/h2>\n\n\n\n<p class=\"has-text-align-center has-normal-font-size\" style=\"line-height:1.5\">\u00a0arr\u00eat\u00e9 r\u00e9glementant la circulation rue du Ch\u00e2teau lors d\u2019obs\u00e8ques<\/p>\n\n\n\n<hr class=\"wp-block-separator has-css-opacity\"\/>\n\n\n\n<div class=\"wp-block-buttons alignfull is-horizontal is-content-justification-center is-layout-flex wp-container-core-buttons-is-layout-4 wp-block-buttons-is-layout-flex\">\n<div class=\"wp-block-button has-custom-width wp-block-button__width-100\"><a class=\"wp-block-button__link has-white-color has-text-color has-background no-border-radius wp-element-button\" href=\"https:\/\/www.ville-blanzat.fr\/wp-content\/uploads\/2025\/06\/ST-103-25-V-COMMUNE-Circulation-interdite-rue-du-Chateau-Obseques.pdf\" style=\"background-color:#000000\">T\u00e9l\u00e9charger<\/a><\/div>\n<\/div>\n<\/div>\n<\/div>\n\n\n\n<\/p>\n<p>\n\n\n\n<\/p>\n<p>\n\n\n\n<\/p>\n<p>\n\n\n\n<\/p>\n&nbsp;\n<p class=\"is-layout-flex wp-container-core-columns-is-layout-2 wp-block-columns-is-layout-flex\">\n\n\n\n<\/p>\n<p>\n\n\n<\/p>","protected":false},"excerpt":{"rendered":"<p>Retrouvez ici les arr\u00eat\u00e9s municipaux \u00e9mis par votre mairie. Arr\u00eat\u00e9 Municipal arr\u00eat\u00e9 interdisant la divagation des chiens et chats Arr\u00eat\u00e9 Municipal arr\u00eat\u00e9 de mise en s\u00e9curit\u00e9 Arr\u00eat\u00e9 Municipal &nbsp;Cr\u00e9ation d\u2019une zone \u00e0 faibles \u00e9missions mobilit\u00e9 sur le territoire de la commune de Blanzat&nbsp;\u00bb. Arr\u00eat\u00e9 Municipal \u00a0arr\u00eat\u00e9 r\u00e9glementant la circulation rue &hellip;<\/p>\n","protected":false},"author":1,"featured_media":0,"parent":240,"menu_order":0,"comment_status":"closed","ping_status":"closed","template":"","meta":{"footnotes":""},"class_list":["post-5461","page","type-page","status-publish","hentry"],"aioseo_notices":[],"_links":{"self":[{"href":"https:\/\/www.ville-blanzat.fr\/index.php\/wp-json\/wp\/v2\/pages\/5461","targetHints":{"allow":["GET"]}}],"collection":[{"href":"https:\/\/www.ville-blanzat.fr\/index.php\/wp-json\/wp\/v2\/pages"}],"about":[{"href":"https:\/\/www.ville-blanzat.fr\/index.php\/wp-json\/wp\/v2\/types\/page"}],"author":[{"embeddable":true,"href":"https:\/\/www.ville-blanzat.fr\/index.php\/wp-json\/wp\/v2\/users\/1"}],"replies":[{"embeddable":true,"href":"https:\/\/www.ville-blanzat.fr\/index.php\/wp-json\/wp\/v2\/comments?post=5461"}],"version-history":[{"count":38,"href":"https:\/\/www.ville-blanzat.fr\/index.php\/wp-json\/wp\/v2\/pages\/5461\/revisions"}],"predecessor-version":[{"id":9772,"href":"https:\/\/www.ville-blanzat.fr\/index.php\/wp-json\/wp\/v2\/pages\/5461\/revisions\/9772"}],"up":[{"embeddable":true,"href":"https:\/\/www.ville-blanzat.fr\/index.php\/wp-json\/wp\/v2\/pages\/240"}],"wp:attachment":[{"href":"https:\/\/www.ville-blanzat.fr\/index.php\/wp-json\/wp\/v2\/media?parent=5461"}],"curies":[{"name":"wp","href":"https:\/\/api.w.org\/{rel}","templated":true}]}}