{"id":599,"date":"2017-04-27T08:28:18","date_gmt":"2017-04-27T06:28:18","guid":{"rendered":"http:\/\/ww2.ville-blanzat.fr\/?page_id=599"},"modified":"2024-04-22T15:31:13","modified_gmt":"2024-04-22T13:31:13","slug":"vos-demarches","status":"publish","type":"page","link":"https:\/\/www.ville-blanzat.fr\/index.php\/vos-demarches\/","title":{"rendered":"MES D\u00c9MARCHES"},"content":{"rendered":"\n<div class=\"wp-block-cover alignfull is-light\" style=\"min-height:548px;aspect-ratio:unset;\"><span aria-hidden=\"true\" class=\"wp-block-cover__background has-background-dim-100 has-background-dim\" style=\"background-color:#ffffff\"><\/span><div class=\"wp-block-cover__inner-container is-layout-flow wp-block-cover-is-layout-flow\">\n<div class=\"wp-block-media-text alignwide is-stacked-on-mobile is-vertically-aligned-center is-image-fill\" style=\"grid-template-columns:56% auto\"><figure class=\"wp-block-media-text__media\" style=\"background-image:url(https:\/\/www.ville-blanzat.fr\/wp-content\/uploads\/2024\/04\/luma-pimentel-1vnB2l7j3bY-unsplash-1024x683.jpg);background-position:50% 50%\"><img fetchpriority=\"high\" decoding=\"async\" width=\"1024\" height=\"683\" src=\"https:\/\/www.ville-blanzat.fr\/wp-content\/uploads\/2024\/04\/luma-pimentel-1vnB2l7j3bY-unsplash-1024x683.jpg\" alt=\"\" class=\"wp-image-7717 size-full\" srcset=\"https:\/\/www.ville-blanzat.fr\/wp-content\/uploads\/2024\/04\/luma-pimentel-1vnB2l7j3bY-unsplash-1024x683.jpg 1024w, https:\/\/www.ville-blanzat.fr\/wp-content\/uploads\/2024\/04\/luma-pimentel-1vnB2l7j3bY-unsplash-300x200.jpg 300w, https:\/\/www.ville-blanzat.fr\/wp-content\/uploads\/2024\/04\/luma-pimentel-1vnB2l7j3bY-unsplash-768x512.jpg 768w, https:\/\/www.ville-blanzat.fr\/wp-content\/uploads\/2024\/04\/luma-pimentel-1vnB2l7j3bY-unsplash-1536x1024.jpg 1536w, https:\/\/www.ville-blanzat.fr\/wp-content\/uploads\/2024\/04\/luma-pimentel-1vnB2l7j3bY-unsplash-2048x1365.jpg 2048w, https:\/\/www.ville-blanzat.fr\/wp-content\/uploads\/2024\/04\/luma-pimentel-1vnB2l7j3bY-unsplash-1320x880.jpg 1320w\" sizes=\"(max-width: 1024px) 100vw, 1024px\" \/><\/figure><div class=\"wp-block-media-text__content\">\n<h2 class=\"wp-block-heading animated backInRight delay-1s faster has-text-color\" style=\"color:#000000;font-size:32px\"><strong><strong>ACTE DE NAISSANCE<\/strong><\/strong><\/h2>\n\n\n\n<p class=\"has-text-color\" style=\"color:#000000;font-size:17px\">Cette page est con\u00e7ue pour faciliter l&rsquo;acc\u00e8s aux actes de naissance pour les r\u00e9sidents de Blanzat et ceux qui ont des liens avec notre commune. L&rsquo;acte de naissance est un document officiel qui atteste de la naissance d&rsquo;une personne et qui est souvent n\u00e9cessaire pour diff\u00e9rentes d\u00e9marches administratives, telles que l&rsquo;inscription \u00e0 l&rsquo;\u00e9cole, la demande de passeport ou de carte d&rsquo;identit\u00e9, ou encore pour des d\u00e9marches li\u00e9es \u00e0 l&rsquo;\u00e9tat civil.<\/p>\n\n\n\n<div class=\"wp-block-buttons is-layout-flex wp-block-buttons-is-layout-flex\">\n<div class=\"wp-block-button is-style-fill\"><a class=\"wp-block-button__link wp-element-button\" href=\"https:\/\/www.ville-blanzat.fr\/index.php\/acte-de-naissance\/\">EN SAVOIR PLUS<\/a><\/div>\n<\/div>\n<\/div><\/div>\n<\/div><\/div>\n\n\n\n<div class=\"wp-block-cover alignfull is-light\" style=\"min-height:524px;aspect-ratio:unset;\"><span aria-hidden=\"true\" class=\"wp-block-cover__background has-background-dim-100 has-background-dim\" style=\"background-color:#ffffff\"><\/span><div class=\"wp-block-cover__inner-container is-layout-flow wp-block-cover-is-layout-flow\">\n<div class=\"wp-block-media-text alignwide is-stacked-on-mobile is-vertically-aligned-center is-image-fill\" style=\"grid-template-columns:56% auto\"><figure class=\"wp-block-media-text__media\" style=\"background-image:url(https:\/\/www.ville-blanzat.fr\/wp-content\/uploads\/2024\/04\/jeremy-wong-weddings-464ps_nOflw-unsplash-1024x683.jpg);background-position:50% 50%\"><img decoding=\"async\" width=\"1024\" height=\"683\" src=\"https:\/\/www.ville-blanzat.fr\/wp-content\/uploads\/2024\/04\/jeremy-wong-weddings-464ps_nOflw-unsplash-1024x683.jpg\" alt=\"\" class=\"wp-image-7718 size-full\" srcset=\"https:\/\/www.ville-blanzat.fr\/wp-content\/uploads\/2024\/04\/jeremy-wong-weddings-464ps_nOflw-unsplash-1024x683.jpg 1024w, https:\/\/www.ville-blanzat.fr\/wp-content\/uploads\/2024\/04\/jeremy-wong-weddings-464ps_nOflw-unsplash-300x200.jpg 300w, https:\/\/www.ville-blanzat.fr\/wp-content\/uploads\/2024\/04\/jeremy-wong-weddings-464ps_nOflw-unsplash-768x512.jpg 768w, https:\/\/www.ville-blanzat.fr\/wp-content\/uploads\/2024\/04\/jeremy-wong-weddings-464ps_nOflw-unsplash-1536x1024.jpg 1536w, https:\/\/www.ville-blanzat.fr\/wp-content\/uploads\/2024\/04\/jeremy-wong-weddings-464ps_nOflw-unsplash-2048x1365.jpg 2048w, https:\/\/www.ville-blanzat.fr\/wp-content\/uploads\/2024\/04\/jeremy-wong-weddings-464ps_nOflw-unsplash-1320x880.jpg 1320w\" sizes=\"(max-width: 1024px) 100vw, 1024px\" \/><\/figure><div class=\"wp-block-media-text__content\">\n<h2 class=\"wp-block-heading animated backInRight has-text-color\" style=\"color:#000000;font-size:32px\"><strong><strong>ACTE DE MARIAGE<\/strong><\/strong><\/h2>\n\n\n\n<p class=\"has-text-color\" style=\"color:#000000;font-size:17px\">Cette page a \u00e9t\u00e9 cr\u00e9\u00e9e pour vous aider \u00e0 obtenir des informations et \u00e0 faire une demande d&rsquo;acte de mariage en ligne. L&rsquo;acte de mariage est un document essentiel qui atteste de l&rsquo;union l\u00e9gale entre deux personnes et qui peut \u00eatre n\u00e9cessaire pour diverses d\u00e9marches administratives et juridiques.<\/p>\n\n\n\n<div class=\"wp-block-buttons is-layout-flex wp-block-buttons-is-layout-flex\">\n<div class=\"wp-block-button is-style-fill\"><a class=\"wp-block-button__link wp-element-button\" href=\"https:\/\/www.ville-blanzat.fr\/index.php\/acte-de-mariage\/\">EN SAVOIR PLUS<\/a><\/div>\n<\/div>\n<\/div><\/div>\n<\/div><\/div>\n\n\n\n<div class=\"wp-block-cover alignfull is-light\" style=\"min-height:565px;aspect-ratio:unset;\"><span aria-hidden=\"true\" class=\"wp-block-cover__background has-background-dim-100 has-background-dim\" style=\"background-color:#ffffff\"><\/span><div class=\"wp-block-cover__inner-container is-layout-flow wp-block-cover-is-layout-flow\">\n<div class=\"wp-block-media-text alignwide is-stacked-on-mobile is-vertically-aligned-center is-image-fill\" style=\"grid-template-columns:56% auto\"><figure class=\"wp-block-media-text__media\" style=\"background-image:url(https:\/\/www.ville-blanzat.fr\/wp-content\/uploads\/2024\/04\/fey-marin-IjaKTePIu60-unsplash-683x1024.jpg);background-position:73% 6%\"><img decoding=\"async\" src=\"https:\/\/www.ville-blanzat.fr\/wp-content\/uploads\/2024\/04\/fey-marin-IjaKTePIu60-unsplash-683x1024.jpg\" alt=\"\" class=\"wp-image-7719 size-full\"\/><\/figure><div class=\"wp-block-media-text__content\">\n<h2 class=\"wp-block-heading animated backInRight has-text-color\" style=\"color:#000000;font-size:32px\"><strong><strong>ACTE DE DECES<\/strong><\/strong><\/h2>\n\n\n\n<p class=\"has-text-color\" style=\"color:#000000;font-size:17px\">Cette page a pour objectif de vous informer sur la proc\u00e9dure \u00e0 suivre pour obtenir un acte de d\u00e9c\u00e8s ainsi que sur les d\u00e9marches associ\u00e9es. L&rsquo;acte de d\u00e9c\u00e8s est un document officiel essentiel attestant du d\u00e9c\u00e8s d&rsquo;une personne et pouvant \u00eatre n\u00e9cessaire pour diverses formalit\u00e9s administratives et juridiques.<\/p>\n\n\n\n<div class=\"wp-block-buttons is-layout-flex wp-block-buttons-is-layout-flex\">\n<div class=\"wp-block-button is-style-fill\"><a class=\"wp-block-button__link wp-element-button\" href=\"https:\/\/www.ville-blanzat.fr\/index.php\/acte-de-deces\/\">EN SAVOIR PLUS<\/a><\/div>\n<\/div>\n<\/div><\/div>\n<\/div><\/div>\n\n\n\n<div class=\"wp-block-cover alignfull is-light\" style=\"min-height:519px;aspect-ratio:unset;\"><span aria-hidden=\"true\" class=\"wp-block-cover__background has-background-dim-100 has-background-dim\" style=\"background-color:#ffffff\"><\/span><div class=\"wp-block-cover__inner-container is-layout-flow wp-block-cover-is-layout-flow\">\n<div class=\"wp-block-media-text alignwide is-stacked-on-mobile is-vertically-aligned-center is-image-fill\" style=\"grid-template-columns:56% auto\"><figure class=\"wp-block-media-text__media\" style=\"background-image:url(https:\/\/www.ville-blanzat.fr\/wp-content\/uploads\/2024\/04\/arnaud-jaegers-IBWJsMObnnU-unsplash-1024x683.jpg);background-position:50% 50%\"><img decoding=\"async\" width=\"1024\" height=\"683\" src=\"https:\/\/www.ville-blanzat.fr\/wp-content\/uploads\/2024\/04\/arnaud-jaegers-IBWJsMObnnU-unsplash-1024x683.jpg\" alt=\"\" class=\"wp-image-7722 size-full\" srcset=\"https:\/\/www.ville-blanzat.fr\/wp-content\/uploads\/2024\/04\/arnaud-jaegers-IBWJsMObnnU-unsplash-1024x683.jpg 1024w, https:\/\/www.ville-blanzat.fr\/wp-content\/uploads\/2024\/04\/arnaud-jaegers-IBWJsMObnnU-unsplash-300x200.jpg 300w, https:\/\/www.ville-blanzat.fr\/wp-content\/uploads\/2024\/04\/arnaud-jaegers-IBWJsMObnnU-unsplash-768x512.jpg 768w, https:\/\/www.ville-blanzat.fr\/wp-content\/uploads\/2024\/04\/arnaud-jaegers-IBWJsMObnnU-unsplash-1536x1024.jpg 1536w, https:\/\/www.ville-blanzat.fr\/wp-content\/uploads\/2024\/04\/arnaud-jaegers-IBWJsMObnnU-unsplash-2048x1365.jpg 2048w, https:\/\/www.ville-blanzat.fr\/wp-content\/uploads\/2024\/04\/arnaud-jaegers-IBWJsMObnnU-unsplash-1320x880.jpg 1320w\" sizes=\"(max-width: 1024px) 100vw, 1024px\" \/><\/figure><div class=\"wp-block-media-text__content\">\n<h2 class=\"wp-block-heading animated backInRight has-text-color\" style=\"color:#000000;font-size:32px\"><strong><strong>INSCRIPTION SUR LES LISTES ELECTORALES<\/strong><\/strong><\/h2>\n\n\n\n<p class=\"has-text-color\" style=\"color:#000000;font-size:17px\">Cette page vous explique les d\u00e9marches \u00e0 suivre pour vous inscrire sur les listes \u00e9lectorales de la commune, vous permettant ainsi de participer aux diff\u00e9rentes \u00e9lections.<\/p>\n\n\n\n<div class=\"wp-block-buttons is-layout-flex wp-block-buttons-is-layout-flex\">\n<div class=\"wp-block-button is-style-fill\"><a class=\"wp-block-button__link wp-element-button\" href=\"https:\/\/www.ville-blanzat.fr\/index.php\/inscription-sur-les-listes-electorales\/\">EN SAVOIR PLUS<\/a><\/div>\n<\/div>\n<\/div><\/div>\n<\/div><\/div>\n","protected":false},"excerpt":{"rendered":"","protected":false},"author":1,"featured_media":8170,"parent":0,"menu_order":0,"comment_status":"closed","ping_status":"closed","template":"","meta":{"footnotes":""},"class_list":["post-599","page","type-page","status-publish","has-post-thumbnail","hentry"],"aioseo_notices":[],"_links":{"self":[{"href":"https:\/\/www.ville-blanzat.fr\/index.php\/wp-json\/wp\/v2\/pages\/599","targetHints":{"allow":["GET"]}}],"collection":[{"href":"https:\/\/www.ville-blanzat.fr\/index.php\/wp-json\/wp\/v2\/pages"}],"about":[{"href":"https:\/\/www.ville-blanzat.fr\/index.php\/wp-json\/wp\/v2\/types\/page"}],"author":[{"embeddable":true,"href":"https:\/\/www.ville-blanzat.fr\/index.php\/wp-json\/wp\/v2\/users\/1"}],"replies":[{"embeddable":true,"href":"https:\/\/www.ville-blanzat.fr\/index.php\/wp-json\/wp\/v2\/comments?post=599"}],"version-history":[{"count":24,"href":"https:\/\/www.ville-blanzat.fr\/index.php\/wp-json\/wp\/v2\/pages\/599\/revisions"}],"predecessor-version":[{"id":8372,"href":"https:\/\/www.ville-blanzat.fr\/index.php\/wp-json\/wp\/v2\/pages\/599\/revisions\/8372"}],"wp:featuredmedia":[{"embeddable":true,"href":"https:\/\/www.ville-blanzat.fr\/index.php\/wp-json\/wp\/v2\/media\/8170"}],"wp:attachment":[{"href":"https:\/\/www.ville-blanzat.fr\/index.php\/wp-json\/wp\/v2\/media?parent=599"}],"curies":[{"name":"wp","href":"https:\/\/api.w.org\/{rel}","templated":true}]}}