{"id":606,"date":"2017-04-27T08:40:32","date_gmt":"2017-04-27T06:40:32","guid":{"rendered":"http:\/\/ww2.ville-blanzat.fr\/?page_id=606"},"modified":"2024-04-23T14:45:09","modified_gmt":"2024-04-23T12:45:09","slug":"etat-civil","status":"publish","type":"page","link":"https:\/\/www.ville-blanzat.fr\/index.php\/etat-civil\/","title":{"rendered":"ETAT CIVIL"},"content":{"rendered":"\n<p><strong>La ville de Blanzat &nbsp;ne peut fournir que les actes des personnes n\u00e9es dans la commune. Elle peut les d\u00e9livrer uniquement aux personnes autoris\u00e9es et sur justification de leur identit\u00e9.<\/strong><\/p>\n\n\n\n<p>A distinguer&nbsp;: les copies int\u00e9grales et les extraits.<\/p>\n\n\n\n<h2 class=\"wp-block-heading\"><strong>La copie int\u00e9grale<\/strong><\/h2>\n\n\n\n<h3 class=\"wp-block-heading animated backInLeft\"><strong>QUI PEUT LA DEMANDER&nbsp;?<\/strong><\/h3>\n\n\n\n<ul class=\"wp-block-list\">\n<li>L\u2019int\u00e9ress\u00e9 majeur ou \u00e9mancip\u00e9<\/li>\n\n\n\n<li>Ses ascendants et descendants<\/li>\n\n\n\n<li>Le conjoint<\/li>\n\n\n\n<li>Le repr\u00e9sentant l\u00e9gal\u00a0: parent, tuteur ou curateur<\/li>\n\n\n\n<li>Tout requ\u00e9rant si l\u2019acte a plus de 75 ans ou lorsqu\u2019un d\u00e9lai de 25 ans s\u2019est \u00e9coul\u00e9 depuis le d\u00e9c\u00e8s de l\u2019int\u00e9ress\u00e9<\/li>\n<\/ul>\n\n\n\n<hr class=\"wp-block-separator has-alpha-channel-opacity\"\/>\n\n\n\n<h3 class=\"wp-block-heading animated backInLeft\"><strong>QUE COMPORTE-T-ELLE<\/strong><strong>&nbsp;?<\/strong><\/h3>\n\n\n\n<ul class=\"wp-block-list\">\n<li>le nom, les pr\u00e9noms et le sexe de la personne concern\u00e9e<\/li>\n\n\n\n<li>l&rsquo;ann\u00e9e, le jour, l&rsquo;heure et le lieu de naissance<\/li>\n\n\n\n<li>les noms et pr\u00e9noms, dates et lieux de naissance des p\u00e8re et m\u00e8re<\/li>\n<\/ul>\n","protected":false},"excerpt":{"rendered":"<p>La ville de Blanzat &nbsp;ne peut fournir que les actes des personnes n\u00e9es dans la commune. Elle peut les d\u00e9livrer uniquement aux personnes autoris\u00e9es et sur justification de leur identit\u00e9. A distinguer&nbsp;: les copies int\u00e9grales et les extraits. La copie int\u00e9grale QUI PEUT LA DEMANDER&nbsp;? QUE COMPORTE-T-ELLE&nbsp;?<\/p>\n","protected":false},"author":1,"featured_media":620,"parent":0,"menu_order":0,"comment_status":"closed","ping_status":"closed","template":"","meta":{"footnotes":""},"class_list":["post-606","page","type-page","status-publish","has-post-thumbnail","hentry"],"aioseo_notices":[],"_links":{"self":[{"href":"https:\/\/www.ville-blanzat.fr\/index.php\/wp-json\/wp\/v2\/pages\/606","targetHints":{"allow":["GET"]}}],"collection":[{"href":"https:\/\/www.ville-blanzat.fr\/index.php\/wp-json\/wp\/v2\/pages"}],"about":[{"href":"https:\/\/www.ville-blanzat.fr\/index.php\/wp-json\/wp\/v2\/types\/page"}],"author":[{"embeddable":true,"href":"https:\/\/www.ville-blanzat.fr\/index.php\/wp-json\/wp\/v2\/users\/1"}],"replies":[{"embeddable":true,"href":"https:\/\/www.ville-blanzat.fr\/index.php\/wp-json\/wp\/v2\/comments?post=606"}],"version-history":[{"count":7,"href":"https:\/\/www.ville-blanzat.fr\/index.php\/wp-json\/wp\/v2\/pages\/606\/revisions"}],"predecessor-version":[{"id":8472,"href":"https:\/\/www.ville-blanzat.fr\/index.php\/wp-json\/wp\/v2\/pages\/606\/revisions\/8472"}],"wp:featuredmedia":[{"embeddable":true,"href":"https:\/\/www.ville-blanzat.fr\/index.php\/wp-json\/wp\/v2\/media\/620"}],"wp:attachment":[{"href":"https:\/\/www.ville-blanzat.fr\/index.php\/wp-json\/wp\/v2\/media?parent=606"}],"curies":[{"name":"wp","href":"https:\/\/api.w.org\/{rel}","templated":true}]}}