{"id":609,"date":"2017-04-27T08:40:32","date_gmt":"2017-04-27T06:40:32","guid":{"rendered":"http:\/\/ww2.ville-blanzat.fr\/?page_id=609"},"modified":"2024-04-29T16:39:10","modified_gmt":"2024-04-29T14:39:10","slug":"inscription-sur-les-listes-electorales","status":"publish","type":"page","link":"https:\/\/www.ville-blanzat.fr\/index.php\/inscription-sur-les-listes-electorales\/","title":{"rendered":"INSCRIPTION SUR LES LISTES ELECTORALES"},"content":{"rendered":"\n<p class=\"has-text-align-center animated fadeIn\">Tous les Fran\u00e7ais et Fran\u00e7aises majeurs jouissant de leurs droits civils et politiques et qui ne sont pas d\u00e9j\u00e0 inscrits sur une liste \u00e9lectorale ou qui ont chang\u00e9 de commune de r\u00e9sidence peuvent solliciter leur inscription \u00e0 tout moment de l&rsquo;ann\u00e9e !<\/p>\n\n\n\n<p>L&rsquo;inscription n&rsquo;est pas seulement un devoir civique, elle r\u00e9sulte d&rsquo;une obligation l\u00e9gale.<\/p>\n\n\n\n<p>Les inscriptions sur les listes \u00e9lectorales sont re\u00e7ues en mairie et peuvent se faire \u00e9galement en ligne sur le site <a href=\"https:\/\/www.service-public.fr\/\">www.service-public.fr.<\/a><\/p>\n\n\n\n<p>Les jeunes qui ont \u00e9t\u00e9 recens\u00e9s \u00e0 16 ans \u00e0 Blanzat et qui auront 18 ans en 2024 sont automatiquement inscrits sur la liste \u00e9lectorale.<\/p>\n\n\n\n<h2 class=\"wp-block-heading animated backInLeft\">Documents \u00e0 l&rsquo;appui d&rsquo;une demande d&rsquo;inscription<\/h2>\n\n\n\n<ul class=\"wp-block-list\">\n<li>Un titre permettant aux ressortissants fran\u00e7ais de justifier de leur nationalit\u00e9 et de leur identit\u00e9 :<\/li>\n\n\n\n<li>Une carte d&rsquo;identit\u00e9 ou passeport valide (\u00e0 d\u00e9faut fournir un acte de naissance de moins de 3 mois, ou un certificat de nationalit\u00e9 ou d\u00e9cret de naturalisation.<\/li>\n\n\n\n<li>Un justificatif de domicile de moins de 3 mois (avis d&rsquo;imposition, factures d&rsquo;\u00e9lectricit\u00e9, de gaz, loyer, t\u00e9l\u00e9phone&#8230;)<\/li>\n<\/ul>\n","protected":false},"excerpt":{"rendered":"<p>Tous les Fran\u00e7ais et Fran\u00e7aises majeurs jouissant de leurs droits civils et politiques et qui ne sont pas d\u00e9j\u00e0 inscrits sur une liste \u00e9lectorale ou qui ont chang\u00e9 de commune de r\u00e9sidence peuvent solliciter leur inscription \u00e0 tout moment de l&rsquo;ann\u00e9e ! L&rsquo;inscription n&rsquo;est pas seulement un devoir civique, elle &hellip;<\/p>\n","protected":false},"author":1,"featured_media":617,"parent":0,"menu_order":0,"comment_status":"closed","ping_status":"closed","template":"","meta":{"footnotes":""},"class_list":["post-609","page","type-page","status-publish","has-post-thumbnail","hentry"],"aioseo_notices":[],"_links":{"self":[{"href":"https:\/\/www.ville-blanzat.fr\/index.php\/wp-json\/wp\/v2\/pages\/609","targetHints":{"allow":["GET"]}}],"collection":[{"href":"https:\/\/www.ville-blanzat.fr\/index.php\/wp-json\/wp\/v2\/pages"}],"about":[{"href":"https:\/\/www.ville-blanzat.fr\/index.php\/wp-json\/wp\/v2\/types\/page"}],"author":[{"embeddable":true,"href":"https:\/\/www.ville-blanzat.fr\/index.php\/wp-json\/wp\/v2\/users\/1"}],"replies":[{"embeddable":true,"href":"https:\/\/www.ville-blanzat.fr\/index.php\/wp-json\/wp\/v2\/comments?post=609"}],"version-history":[{"count":6,"href":"https:\/\/www.ville-blanzat.fr\/index.php\/wp-json\/wp\/v2\/pages\/609\/revisions"}],"predecessor-version":[{"id":8716,"href":"https:\/\/www.ville-blanzat.fr\/index.php\/wp-json\/wp\/v2\/pages\/609\/revisions\/8716"}],"wp:featuredmedia":[{"embeddable":true,"href":"https:\/\/www.ville-blanzat.fr\/index.php\/wp-json\/wp\/v2\/media\/617"}],"wp:attachment":[{"href":"https:\/\/www.ville-blanzat.fr\/index.php\/wp-json\/wp\/v2\/media?parent=609"}],"curies":[{"name":"wp","href":"https:\/\/api.w.org\/{rel}","templated":true}]}}