{"id":645,"date":"2017-04-27T10:53:32","date_gmt":"2017-04-27T08:53:32","guid":{"rendered":"http:\/\/ww2.ville-blanzat.fr\/?page_id=645"},"modified":"2024-04-19T08:51:20","modified_gmt":"2024-04-19T06:51:20","slug":"acte-de-naissance","status":"publish","type":"page","link":"https:\/\/www.ville-blanzat.fr\/index.php\/acte-de-naissance\/","title":{"rendered":"ACTE DE NAISSANCE"},"content":{"rendered":"<p>La ville de Blanzat ne peut fournir que les actes des personnes n\u00e9es dans la commune. Elle peut les d\u00e9livrer uniquement aux personnes autoris\u00e9es et sur justification de leur identit\u00e9.<\/p>\n<p>A distinguer : Les copies int\u00e9grales ET les extraits.<\/p>\n<h4><strong>QUI PEUT LA DEMANDER LA COPIE INTEGRALE ?<\/strong><\/h4>\n<ul>\n<li>L\u2019int\u00e9ress\u00e9 majeur ou \u00e9mancip\u00e9<\/li>\n<li>Ses ascendants et descendants<\/li>\n<li>Le conjoint<\/li>\n<li>Le repr\u00e9sentant l\u00e9gal : parent, tuteur ou curateur<\/li>\n<li>Tout requ\u00e9rant si l\u2019acte a plus de 75 ans ou lorsqu\u2019un d\u00e9lai de 25 ans s\u2019est \u00e9coul\u00e9 depuis le d\u00e9c\u00e8s de l\u2019int\u00e9ress\u00e9<\/li>\n<\/ul>\n<hr \/>\n<h4><strong>QUE COMPORTE-T-ELLE ?<\/strong><\/h4>\n<ul>\n<li>Le nom, les pr\u00e9noms et le sexe de la personne concern\u00e9e<\/li>\n<li>L&rsquo;ann\u00e9e, le jour, l&rsquo;heure et le lieu de naissance<\/li>\n<li>Les noms et pr\u00e9noms, dates et lieux de naissance des p\u00e8re et m\u00e8re<\/li>\n<\/ul>\n","protected":false},"excerpt":{"rendered":"<p>La ville de Blanzat ne peut fournir que les actes des personnes n\u00e9es dans la commune. Elle peut les d\u00e9livrer uniquement aux personnes autoris\u00e9es et sur justification de leur identit\u00e9. A distinguer : Les copies int\u00e9grales ET les extraits. QUI PEUT LA DEMANDER LA COPIE INTEGRALE ? L\u2019int\u00e9ress\u00e9 majeur ou &hellip;<\/p>\n","protected":false},"author":1,"featured_media":7717,"parent":0,"menu_order":0,"comment_status":"closed","ping_status":"closed","template":"","meta":{"footnotes":""},"class_list":["post-645","page","type-page","status-publish","has-post-thumbnail","hentry"],"aioseo_notices":[],"_links":{"self":[{"href":"https:\/\/www.ville-blanzat.fr\/index.php\/wp-json\/wp\/v2\/pages\/645","targetHints":{"allow":["GET"]}}],"collection":[{"href":"https:\/\/www.ville-blanzat.fr\/index.php\/wp-json\/wp\/v2\/pages"}],"about":[{"href":"https:\/\/www.ville-blanzat.fr\/index.php\/wp-json\/wp\/v2\/types\/page"}],"author":[{"embeddable":true,"href":"https:\/\/www.ville-blanzat.fr\/index.php\/wp-json\/wp\/v2\/users\/1"}],"replies":[{"embeddable":true,"href":"https:\/\/www.ville-blanzat.fr\/index.php\/wp-json\/wp\/v2\/comments?post=645"}],"version-history":[{"count":23,"href":"https:\/\/www.ville-blanzat.fr\/index.php\/wp-json\/wp\/v2\/pages\/645\/revisions"}],"predecessor-version":[{"id":7565,"href":"https:\/\/www.ville-blanzat.fr\/index.php\/wp-json\/wp\/v2\/pages\/645\/revisions\/7565"}],"wp:featuredmedia":[{"embeddable":true,"href":"https:\/\/www.ville-blanzat.fr\/index.php\/wp-json\/wp\/v2\/media\/7717"}],"wp:attachment":[{"href":"https:\/\/www.ville-blanzat.fr\/index.php\/wp-json\/wp\/v2\/media?parent=645"}],"curies":[{"name":"wp","href":"https:\/\/api.w.org\/{rel}","templated":true}]}}