{"id":7534,"date":"2024-04-05T16:57:30","date_gmt":"2024-04-05T14:57:30","guid":{"rendered":"https:\/\/www.ville-blanzat.fr\/?page_id=7534"},"modified":"2024-04-29T15:09:57","modified_gmt":"2024-04-29T13:09:57","slug":"dde-materiel-manifestation","status":"publish","type":"page","link":"https:\/\/www.ville-blanzat.fr\/index.php\/dde-materiel-manifestation\/","title":{"rendered":"demande mat\u00e9riel manifestation"},"content":{"rendered":"\n<p class=\"has-text-align-center\">Afin d&rsquo;aider les organisateurs de manifestations \u00e0 mieux g\u00e9rer leurs d\u00e9chets tant du point de vue de la r\u00e9duction des d\u00e9chets que de l&rsquo;am\u00e9lioration du tri, Clermont Auvergne M\u00e9tropole propose des pr\u00eats gratuits de mat\u00e9riels\u00a0: des bacs de collecte pour papiers et emballages, d\u00e9chets non recyclables, biod\u00e9chets, verre\u00a0et des gobelets r\u00e9utilisables. Les gobelets sont \u00e0 aller chercher et \u00e0 rapporter sales \u00e0 Cournon ou au Br\u00e9zet en fonction du volume.<\/p>\n\n\n\n<p class=\"has-text-align-center animated pulse slower\"><mark style=\"background-color:rgba(0, 0, 0, 0);color:#ff0000\" class=\"has-inline-color\">La demande doit \u00eatre faite au moins <strong>2 mois<\/strong> avant la manifestation.<\/mark><\/p>\n\n\n\n<hr class=\"wp-block-separator has-alpha-channel-opacity\"\/>\n\n\n\n<p class=\"animated bounceInLeft\"><strong>Pour tout renseignement<\/strong><\/p>\n\n\n\n<p><br><strong>Adresse<\/strong>: Clermont Auvergne M\u00e9tropole &#8211; Direction des d\u00e9chets P\u00f4le communication\/pr\u00e9vention<\/p>\n\n\n\n<p>64\/66 avenue de l&rsquo;Union Sovi\u00e9tique BP 231<\/p>\n\n\n\n<p>Clermont-Ferrand Cedex<\/p>\n\n\n\n<p><strong>T\u00e9l\u00e9phone<\/strong>: 01 04 63 669 669<\/p>\n\n\n\n<p><strong>E-mail<\/strong>: manifestations.dechets@clermontmetropole.eu<\/p>\n\n\n\n<p><\/p>\n\n\n<div class=\"wp-block-image is-resized\">\n<figure class=\"aligncenter size-large\"><a href=\"https:\/\/www.ville-blanzat.fr\/wp-content\/uploads\/2021\/07\/fiche-de-mise-a%CC%80-disposition-pour-e%CC%81comanif.pdf\"><img fetchpriority=\"high\" decoding=\"async\" width=\"833\" height=\"1023\" src=\"https:\/\/www.ville-blanzat.fr\/wp-content\/uploads\/2021\/03\/833px-PDF_file_icon.svg_.png\" alt=\"\" class=\"wp-image-4932\" style=\"width:102px;height:auto\" srcset=\"https:\/\/www.ville-blanzat.fr\/wp-content\/uploads\/2021\/03\/833px-PDF_file_icon.svg_.png 833w, https:\/\/www.ville-blanzat.fr\/wp-content\/uploads\/2021\/03\/833px-PDF_file_icon.svg_-244x300.png 244w, https:\/\/www.ville-blanzat.fr\/wp-content\/uploads\/2021\/03\/833px-PDF_file_icon.svg_-768x943.png 768w, https:\/\/www.ville-blanzat.fr\/wp-content\/uploads\/2021\/03\/833px-PDF_file_icon.svg_-163x200.png 163w\" sizes=\"(max-width: 833px) 100vw, 833px\" \/><\/a><\/figure><\/div>\n\n\n<div class=\"wp-block-buttons is-content-justification-center is-layout-flex wp-container-core-buttons-is-layout-1 wp-block-buttons-is-layout-flex\">\n<div class=\"wp-block-button\"><a class=\"wp-block-button__link has-accent-1-background-color has-background wp-element-button\" href=\"https:\/\/www.ville-blanzat.fr\/wp-content\/uploads\/2021\/07\/fiche-de-mise-a%CC%80-disposition-pour-e%CC%81comanif.pdf\">T\u00e9l\u00e9charger le formulaire<\/a><\/div>\n<\/div>\n","protected":false},"excerpt":{"rendered":"<p>Afin d&rsquo;aider les organisateurs de manifestations \u00e0 mieux g\u00e9rer leurs d\u00e9chets tant du point de vue de la r\u00e9duction des d\u00e9chets que de l&rsquo;am\u00e9lioration du tri, Clermont Auvergne M\u00e9tropole propose des pr\u00eats gratuits de mat\u00e9riels\u00a0: des bacs de collecte pour papiers et emballages, d\u00e9chets non recyclables, biod\u00e9chets, verre\u00a0et des gobelets &hellip;<\/p>\n","protected":false},"author":1,"featured_media":8114,"parent":0,"menu_order":0,"comment_status":"closed","ping_status":"closed","template":"","meta":{"footnotes":""},"class_list":["post-7534","page","type-page","status-publish","has-post-thumbnail","hentry"],"aioseo_notices":[],"_links":{"self":[{"href":"https:\/\/www.ville-blanzat.fr\/index.php\/wp-json\/wp\/v2\/pages\/7534","targetHints":{"allow":["GET"]}}],"collection":[{"href":"https:\/\/www.ville-blanzat.fr\/index.php\/wp-json\/wp\/v2\/pages"}],"about":[{"href":"https:\/\/www.ville-blanzat.fr\/index.php\/wp-json\/wp\/v2\/types\/page"}],"author":[{"embeddable":true,"href":"https:\/\/www.ville-blanzat.fr\/index.php\/wp-json\/wp\/v2\/users\/1"}],"replies":[{"embeddable":true,"href":"https:\/\/www.ville-blanzat.fr\/index.php\/wp-json\/wp\/v2\/comments?post=7534"}],"version-history":[{"count":11,"href":"https:\/\/www.ville-blanzat.fr\/index.php\/wp-json\/wp\/v2\/pages\/7534\/revisions"}],"predecessor-version":[{"id":8662,"href":"https:\/\/www.ville-blanzat.fr\/index.php\/wp-json\/wp\/v2\/pages\/7534\/revisions\/8662"}],"wp:featuredmedia":[{"embeddable":true,"href":"https:\/\/www.ville-blanzat.fr\/index.php\/wp-json\/wp\/v2\/media\/8114"}],"wp:attachment":[{"href":"https:\/\/www.ville-blanzat.fr\/index.php\/wp-json\/wp\/v2\/media?parent=7534"}],"curies":[{"name":"wp","href":"https:\/\/api.w.org\/{rel}","templated":true}]}}