{"id":7538,"date":"2024-04-05T16:57:32","date_gmt":"2024-04-05T14:57:32","guid":{"rendered":"https:\/\/www.ville-blanzat.fr\/?page_id=7538"},"modified":"2025-09-08T15:08:10","modified_gmt":"2025-09-08T13:08:10","slug":"randonnees","status":"publish","type":"page","link":"https:\/\/www.ville-blanzat.fr\/index.php\/randonnees\/","title":{"rendered":"randonn\u00e9es"},"content":{"rendered":"\n<p class=\"has-text-align-center\"><p>Dans notre environnement pr\u00e9serv\u00e9, explorez les tr\u00e9sors naturels le long de nos sentiers vari\u00e9s ! Que vous soyez un fervent adepte des activit\u00e9s en plein air ou simplement \u00e0 la recherche d&rsquo;une balade tranquille, la commune de Blanzat propose une gamme d&rsquo;itin\u00e9raires adapt\u00e9s \u00e0 tous les niveaux et \u00e0 toutes les pr\u00e9f\u00e9rences.<\/p><\/p>\n\n\n\n<h2 class=\"wp-block-heading\">PLATEAU DE LA BADE<\/h2>\n\n\n\n<p class=\"has-text-align-center\">Le plateau de la Bade offre un espace naturel id\u00e9al pour tous ceux qui souhaitent s\u2019\u00e9vader au c\u0153ur de la nature. Situ\u00e9 \u00e0 proximit\u00e9 de Blanzat, ce site pr\u00e9sente une diversit\u00e9 de paysages, des prairies aux bois\u00e9s, avec des sentiers qui invitent \u00e0 la d\u00e9couverte.<\/p>\n\n\n\n<figure class=\"wp-block-embed is-type-video is-provider-youtube wp-block-embed-youtube wp-embed-aspect-16-9 wp-has-aspect-ratio\"><div class=\"wp-block-embed__wrapper\">\n<iframe title=\"d\u00e9couvrez le plateau de la bade \u00e0 Blanzat\" width=\"1225\" height=\"689\" src=\"https:\/\/www.youtube.com\/embed\/uqCz7giVkic?feature=oembed\" frameborder=\"0\" allow=\"accelerometer; autoplay; clipboard-write; encrypted-media; gyroscope; picture-in-picture; web-share\" referrerpolicy=\"strict-origin-when-cross-origin\" allowfullscreen><\/iframe>\n<\/div><\/figure>\n\n\n\n<h2 class=\"wp-block-heading\">MASSIF DES C\u00d4TES<\/h2>\n\n\n\n<p>Le massif des C\u00f4tes vous invitent \u00e0 d\u00e9couvrir des paysages d\u2019une beaut\u00e9 exceptionnelle. Ce site offre une diversit\u00e9 de parcours adapt\u00e9s \u00e0 toutes les envies, que vous soyez randonneur passionn\u00e9 ou simple amateur de promenades tranquilles.<\/p>\n\n\n\n<figure class=\"wp-block-embed is-type-video is-provider-youtube wp-block-embed-youtube wp-embed-aspect-16-9 wp-has-aspect-ratio\"><div class=\"wp-block-embed__wrapper\">\n<iframe title=\"massif des co\u0302tes, l&#039;un des plus grands espaces naturels sensibles du Puy de Do\u0302me\" width=\"1225\" height=\"689\" src=\"https:\/\/www.youtube.com\/embed\/ZuA7nhM8mew?feature=oembed\" frameborder=\"0\" allow=\"accelerometer; autoplay; clipboard-write; encrypted-media; gyroscope; picture-in-picture; web-share\" referrerpolicy=\"strict-origin-when-cross-origin\" allowfullscreen><\/iframe>\n<\/div><\/figure>\n\n\n\n\n\n<p>&nbsp;<\/p>\n","protected":false},"excerpt":{"rendered":"<p>Dans notre environnement pr\u00e9serv\u00e9, explorez les tr\u00e9sors naturels le long de nos sentiers vari\u00e9s ! Que vous soyez un fervent adepte des activit\u00e9s en plein air ou simplement \u00e0 la recherche d&rsquo;une balade tranquille, la commune de Blanzat propose une gamme d&rsquo;itin\u00e9raires adapt\u00e9s \u00e0 tous les niveaux et \u00e0 toutes &hellip;<\/p>\n","protected":false},"author":1,"featured_media":0,"parent":0,"menu_order":0,"comment_status":"closed","ping_status":"closed","template":"","meta":{"footnotes":""},"class_list":["post-7538","page","type-page","status-publish","hentry"],"aioseo_notices":[],"_links":{"self":[{"href":"https:\/\/www.ville-blanzat.fr\/index.php\/wp-json\/wp\/v2\/pages\/7538","targetHints":{"allow":["GET"]}}],"collection":[{"href":"https:\/\/www.ville-blanzat.fr\/index.php\/wp-json\/wp\/v2\/pages"}],"about":[{"href":"https:\/\/www.ville-blanzat.fr\/index.php\/wp-json\/wp\/v2\/types\/page"}],"author":[{"embeddable":true,"href":"https:\/\/www.ville-blanzat.fr\/index.php\/wp-json\/wp\/v2\/users\/1"}],"replies":[{"embeddable":true,"href":"https:\/\/www.ville-blanzat.fr\/index.php\/wp-json\/wp\/v2\/comments?post=7538"}],"version-history":[{"count":15,"href":"https:\/\/www.ville-blanzat.fr\/index.php\/wp-json\/wp\/v2\/pages\/7538\/revisions"}],"predecessor-version":[{"id":9968,"href":"https:\/\/www.ville-blanzat.fr\/index.php\/wp-json\/wp\/v2\/pages\/7538\/revisions\/9968"}],"wp:attachment":[{"href":"https:\/\/www.ville-blanzat.fr\/index.php\/wp-json\/wp\/v2\/media?parent=7538"}],"curies":[{"name":"wp","href":"https:\/\/api.w.org\/{rel}","templated":true}]}}