{"id":7643,"date":"2024-04-11T16:34:04","date_gmt":"2024-04-11T14:34:04","guid":{"rendered":"https:\/\/www.ville-blanzat.fr\/?page_id=7643"},"modified":"2024-05-06T15:52:00","modified_gmt":"2024-05-06T13:52:00","slug":"collecte-des-dechets","status":"publish","type":"page","link":"https:\/\/www.ville-blanzat.fr\/index.php\/collecte-des-dechets\/","title":{"rendered":"COLLECTE DES DECHETS"},"content":{"rendered":"\n<h2 class=\"wp-block-heading animated backInLeft faster\"><strong>Collecte des d\u00e9chets non tri\u00e9s<\/strong><\/h2>\n\n\n\n<p>Que vous habitiez dans une maison individuelle ou dans un appartement, il est toujours utile de savoir quand passent les camions qui viennent collecter les d\u00e9chetsLa direction gestion des d\u00e9chets \u00e9tudie actuellement les tourn\u00e9es de collecte afin de les optimiser et de les organiser en p\u00e9riode de jours f\u00e9ri\u00e9s.<\/p>\n\n\n\n<p><strong>Pour conna\u00eetre les jours de collecte<\/strong><\/p>\n\n\n\n<p><a href=\"https:\/\/www.clermontmetropole.eu\/preserver-recycler\/gestion-des-dechets\/jours-de-collecte\/?tx_einfodechets_listemode%5Baction%5D=list&amp;tx_einfodechets_listemode%5Bcontroller%5D=Jcollecte&amp;cHash=dc8a41d1399ce9c4022bb9df4b4900b5\">https:\/\/www.clermontmetropole.eu\/preserver-recycler\/gestion-des-dechets\/jours-de-collecte\/?tx_einfodechets_listemode%5Baction%5D=list&amp;tx_einfodechets_listemode%5Bcontroller%5D=Jcollecte&amp;cHash=dc8a41d1399ce9c4022bb9df4b4900b5<\/a><\/p>\n\n\n\n<h2 class=\"wp-block-heading animated backInLeft slow\"><strong>D\u00e9ch<\/strong><strong>etterie<\/strong><\/h2>\n\n\n\n<p>Les d\u00e9chetteries sont accessibles \u00e0 tous mais avec des conditions diff\u00e9rentes selon la nature du d\u00e9positaire.<\/p>\n\n\n\n<p><strong>Pour les particuliers et les associations<\/strong>, le d\u00e9p\u00f4t est gratuit jusqu\u2019\u00e0 50 d\u00e9p\u00f4ts par an, au-del\u00e0 il sera factur\u00e9 <mark style=\"background-color:rgba(0, 0, 0, 0);color:#ff0000\" class=\"has-inline-color\"><strong>10 \u20ac<\/strong><\/mark> par d\u00e9p\u00f4t suppl\u00e9mentaire.<\/p>\n\n\n\n<p><strong>Pour les professionnels<\/strong>, le montant est de <strong><mark style=\"background-color:rgba(0, 0, 0, 0);color:#ff0000\" class=\"has-inline-color\">48 \u20ac<\/mark><\/strong> par d\u00e9p\u00f4t.<\/p>\n\n\n\n<p style=\"text-decoration:underline\">Remarques :<\/p>\n\n\n\n<p>L\u2019acc\u00e8s est interdit aux v\u00e9hicules de plus de 3,5 tonnes et les apports sont limit\u00e9s \u00e0 2 voyages par jour pour un m\u00eame type de d\u00e9chet, et \u00e0 2 m3 par apport.<\/p>\n\n\n\n<p>L&rsquo;acc\u00e8s aux d\u00e9chetteries est possible sur pr\u00e9sentation du Pass D\u00e9chetteries au gardien.<\/p>\n\n\n\n<hr class=\"wp-block-separator has-alpha-channel-opacity\"\/>\n\n\n\n<p><strong>Si vous \u00eates un particulier<\/strong>, scannez un justificatif de domicile et <a href=\"https:\/\/pass-dechetteries.clermontmetropole.eu\/authentification\">cliquez ici<\/a>.<\/p>\n\n\n\n<p><strong>Si vous \u00eates une association<\/strong>, vous devez effectuer une demande \u00e9crite \u00e0 Clermont Communaut\u00e9 (en joignant un r\u00e9c\u00e9piss\u00e9 d&rsquo;enregistrement en Pr\u00e9fecture).<\/p>\n\n\n\n<p><strong>Si vous \u00eates un professionnel<\/strong>, scannez un extrait KBIS et <a href=\"https:\/\/pass-dechetteries.clermontmetropole.eu\/authentification\">cliquez ici<\/a>.<br>Remarque : vous pouvez demander jusqu&rsquo;\u00e0 5 cartes par entreprise.<\/p>\n\n\n\n<p>Consultez votre compte en ligne.<\/p>\n\n\n\n<p>Le pass permet de consulter votre compte et de visualiser l\u2019ensemble de vos d\u00e9p\u00f4ts sur l\u2019ann\u00e9e d\u00e8s le lendemain de votre passage en d\u00e9chetterie. Votre compte doit \u00eatre r\u00e9activ\u00e9 tous les 2 ans. A \u00e9ch\u00e9ance, vous recevrez une information indiquant la marche \u00e0 suivre.<\/p>\n\n\n\n<p>Pour consulter votre compte, <a href=\"https:\/\/pass-dechetteries.clermontmetropole.eu\/authentification\">cliquez ici<\/a>.<\/p>\n\n\n\n<h2 class=\"wp-block-heading animated backInLeft\"><strong>R\u00e8glement int\u00e9rieur<\/strong><\/h2>\n\n\n\n<div class=\"wp-block-buttons is-layout-flex wp-block-buttons-is-layout-flex\">\n<div class=\"wp-block-button\"><a class=\"wp-block-button__link wp-element-button\" href=\"http:\/\/www.clermontcommunaute.net\/images\/stories\/Environnement\/dechetteries\/reglement.pdf\">T\u00e9l\u00e9charger<\/a><\/div>\n<\/div>\n\n\n\n<h2 class=\"wp-block-heading animated fadeIn\"><strong>Contact<\/strong><\/h2>\n\n\n\n<p><strong>T\u00e9l\u00e9phone<\/strong>: 04.63.66.95.30<\/p>\n","protected":false},"excerpt":{"rendered":"<p>Collecte des d\u00e9chets non tri\u00e9s Que vous habitiez dans une maison individuelle ou dans un appartement, il est toujours utile de savoir quand passent les camions qui viennent collecter les d\u00e9chetsLa direction gestion des d\u00e9chets \u00e9tudie actuellement les tourn\u00e9es de collecte afin de les optimiser et de les organiser en &hellip;<\/p>\n","protected":false},"author":1,"featured_media":8101,"parent":0,"menu_order":0,"comment_status":"closed","ping_status":"closed","template":"","meta":{"footnotes":""},"class_list":["post-7643","page","type-page","status-publish","has-post-thumbnail","hentry"],"aioseo_notices":[],"_links":{"self":[{"href":"https:\/\/www.ville-blanzat.fr\/index.php\/wp-json\/wp\/v2\/pages\/7643","targetHints":{"allow":["GET"]}}],"collection":[{"href":"https:\/\/www.ville-blanzat.fr\/index.php\/wp-json\/wp\/v2\/pages"}],"about":[{"href":"https:\/\/www.ville-blanzat.fr\/index.php\/wp-json\/wp\/v2\/types\/page"}],"author":[{"embeddable":true,"href":"https:\/\/www.ville-blanzat.fr\/index.php\/wp-json\/wp\/v2\/users\/1"}],"replies":[{"embeddable":true,"href":"https:\/\/www.ville-blanzat.fr\/index.php\/wp-json\/wp\/v2\/comments?post=7643"}],"version-history":[{"count":9,"href":"https:\/\/www.ville-blanzat.fr\/index.php\/wp-json\/wp\/v2\/pages\/7643\/revisions"}],"predecessor-version":[{"id":8891,"href":"https:\/\/www.ville-blanzat.fr\/index.php\/wp-json\/wp\/v2\/pages\/7643\/revisions\/8891"}],"wp:featuredmedia":[{"embeddable":true,"href":"https:\/\/www.ville-blanzat.fr\/index.php\/wp-json\/wp\/v2\/media\/8101"}],"wp:attachment":[{"href":"https:\/\/www.ville-blanzat.fr\/index.php\/wp-json\/wp\/v2\/media?parent=7643"}],"curies":[{"name":"wp","href":"https:\/\/api.w.org\/{rel}","templated":true}]}}