{"id":7844,"date":"2024-04-15T08:53:50","date_gmt":"2024-04-15T06:53:50","guid":{"rendered":"https:\/\/www.ville-blanzat.fr\/?page_id=7844"},"modified":"2025-09-30T08:51:59","modified_gmt":"2025-09-30T06:51:59","slug":"nous-contacter-2","status":"publish","type":"page","link":"https:\/\/www.ville-blanzat.fr\/index.php\/nous-contacter-2\/","title":{"rendered":"Nous Contacter"},"content":{"rendered":"<p>\n\n\n<\/p>\n<p>Si vous avez des questions, des commentaires ou des pr\u00e9occupations, n&rsquo;h\u00e9sitez pas \u00e0 nous contacter, nous sommes l\u00e0 pour vous aider !<\/p>\n<p>\n\n\n<\/p>\n<p>\n\n\n<\/p>\n<h2 class=\"wp-block-heading\">Coordonn\u00e9es<\/h2>\n<p>\n\n\n<\/p>\n<p>\n\n\n<\/p>\n<h3 class=\"wp-block-heading\">Adresse<\/h3>\n<p>\n\n\n<\/p>\n<p>\n\n\n<\/p>\n<p>Mairie de Blanzat<\/p>\n<p>\n\n\n<\/p>\n<p>\n\n\n<\/p>\n<p>149 rue R\u00e9publique, 63112, BLANZAT, FRANCE<\/p>\n<p>\n\n\n<\/p>\n<p>\n\n\n<\/p>\n<h3 class=\"wp-block-heading\">Num\u00e9ro de t\u00e9l\u00e9phone<\/h3>\n<p>\n\n\n<\/p>\n<p>\n\n\n<\/p>\n<p>T\u00e9l\u00e9phone : 04 73 87 40 40<\/p>\n<p>\n\n\n<\/p>\n<p>\n\n\n<\/p>\n<h3 class=\"wp-block-heading\">Adresse email<\/h3>\n<p>\n\n\n<\/p>\n<p>\n\n\n<\/p>\n<p>Email : contact@ville-blanzat.fr<\/p>\n<p>\n\n\n<\/p>\n<p>\n\n\n<\/p>\n<h2 class=\"wp-block-heading\">Heures d&rsquo;ouverture<\/h2>\n<p>\n\n\n<\/p>\n<p>\n\n\n<\/p>\n<p>Nos bureaux sont ouverts du lundi au vendredi, de 8h30 \u00e0 12h et de 14h \u00e0 17h.<\/p>\n<p>\n\n\n<\/p>\n<p>\n\n\n<\/p>\n<p>Egalement, nous sommes ouvert les samedis matin de 10h \u00e0 12h.<\/p>\n<p>\n\n\n<\/p>\n<p>\n\n\n<\/p>\n<p>\n\n\n<\/p>\n<p>\n\n\n<\/p>\n<h2 class=\"wp-block-heading\">R\u00e9seaux sociaux<\/h2>\n<p>\n\n\n<\/p>\n<p>\n\n\n<\/p>\n<p>Restez connect\u00e9 avec nous sur nos r\u00e9seaux sociaux :<\/p>\n<p>\n\n\n<\/p>\n<p>\n\n\n<\/p>\n<p>YouTube: <a href=\"https:\/\/www.youtube.com\/@ubced\">ville de Blanzat<\/a><\/p>\n<p>\n\n\n<\/p>\n<p>\n\n\n<\/p>\n<p>\n\n\n<\/p>\n<p>\n\n\n<\/p>\n<p>N&rsquo;h\u00e9sitez pas \u00e0 nous suivre pour les derni\u00e8res mises \u00e0 jour et \u00e9v\u00e9nements de la ville ! \ud83d\ude42<\/p>\n<p>\n\n\n<h2>\u00a0<\/h2>\n<p>\u00a0<\/p>","protected":false},"excerpt":{"rendered":"<p>Si vous avez des questions, des commentaires ou des pr\u00e9occupations, n&rsquo;h\u00e9sitez pas \u00e0 nous contacter, nous sommes l\u00e0 pour vous aider ! Coordonn\u00e9es Adresse Mairie de Blanzat 149 rue R\u00e9publique, 63112, BLANZAT, FRANCE Num\u00e9ro de t\u00e9l\u00e9phone T\u00e9l\u00e9phone : 04 73 87 40 40 Adresse email Email : contact@ville-blanzat.fr Heures d&rsquo;ouverture &hellip;<\/p>\n","protected":false},"author":1,"featured_media":0,"parent":0,"menu_order":0,"comment_status":"closed","ping_status":"closed","template":"","meta":{"footnotes":""},"class_list":["post-7844","page","type-page","status-publish","hentry"],"aioseo_notices":[],"_links":{"self":[{"href":"https:\/\/www.ville-blanzat.fr\/index.php\/wp-json\/wp\/v2\/pages\/7844","targetHints":{"allow":["GET"]}}],"collection":[{"href":"https:\/\/www.ville-blanzat.fr\/index.php\/wp-json\/wp\/v2\/pages"}],"about":[{"href":"https:\/\/www.ville-blanzat.fr\/index.php\/wp-json\/wp\/v2\/types\/page"}],"author":[{"embeddable":true,"href":"https:\/\/www.ville-blanzat.fr\/index.php\/wp-json\/wp\/v2\/users\/1"}],"replies":[{"embeddable":true,"href":"https:\/\/www.ville-blanzat.fr\/index.php\/wp-json\/wp\/v2\/comments?post=7844"}],"version-history":[{"count":18,"href":"https:\/\/www.ville-blanzat.fr\/index.php\/wp-json\/wp\/v2\/pages\/7844\/revisions"}],"predecessor-version":[{"id":10007,"href":"https:\/\/www.ville-blanzat.fr\/index.php\/wp-json\/wp\/v2\/pages\/7844\/revisions\/10007"}],"wp:attachment":[{"href":"https:\/\/www.ville-blanzat.fr\/index.php\/wp-json\/wp\/v2\/media?parent=7844"}],"curies":[{"name":"wp","href":"https:\/\/api.w.org\/{rel}","templated":true}]}}