{"id":9289,"date":"2024-10-29T15:42:25","date_gmt":"2024-10-29T14:42:25","guid":{"rendered":"https:\/\/www.ville-blanzat.fr\/?page_id=9289"},"modified":"2024-10-29T15:48:23","modified_gmt":"2024-10-29T14:48:23","slug":"conciliateur-de-justice","status":"publish","type":"page","link":"https:\/\/www.ville-blanzat.fr\/index.php\/conciliateur-de-justice\/","title":{"rendered":"Conciliateur de justice"},"content":{"rendered":"\n<h4 class=\"wp-block-heading\">UN LITIGE ?<\/h4>\n\n\n\n<h2 class=\"wp-block-heading animated bounceInLeft\">Qu&rsquo;est-ce qu&rsquo;un Conciliateur de justice ?&nbsp; <\/h2>\n\n\n\n<p>Le conciliateur intervient aupr\u00e8s des citoyens pour r\u00e9gler des conflits :<\/p>\n\n\n\n<ul class=\"wp-block-list\">\n<li>Conflits individuels (entre particuliers, avec les entreprises, les artisans, les impay\u00e9s, malfa\u00e7ons\u2026). Ces litiges en g\u00e9n\u00e9ral rel\u00e8vent du Tribunal d\u2019Instance ou de la juridiction de proximit\u00e9, toutefois, le conciliateur peut intervenir au Tribunal de Grande Instance pour les litiges de copropri\u00e9t\u00e9 sup\u00e9rieurs \u00e0 10 000 euros.<\/li>\n\n\n\n<li>Conflits d\u00e9l\u00e9gu\u00e9s par les tribunaux de commerce et tribunaux paritaires des baux ruraux (art 860-2 CPC)<\/li>\n<\/ul>\n\n\n\n<p>Le Conciliateur de justice exerce ses fonctions dans le respect de la confidentialit\u00e9 et de l&rsquo;impartialit\u00e9. Il est tenu au secret professionnel et ne peut en aucun cas prendre parti pour l&rsquo;une ou l&rsquo;autre des parties en conflit.<\/p>\n\n\n\n<p>Le conciliateur ne peut en aucun cas traiter des questions concernant<\/p>\n\n\n\n<ul class=\"wp-block-list\">\n<li>L\u2019\u00e9tat des personnes, droit de la famille<\/li>\n\n\n\n<li>Litiges avec l\u2019administration<\/li>\n\n\n\n<li>Litiges en mati\u00e8re de droit du travail<\/li>\n<\/ul>\n\n\n\n<h2 class=\"wp-block-heading animated bounceInLeft\">Pour r\u00e9gler les conflits il met en \u0153uvre 3 modes d\u2019action<\/h2>\n\n\n\n<p>\u2013 La m\u00e9diation<br>\u2013 La conciliation<br>\u2013 La proc\u00e9dure participative avec avocats.<\/p>\n\n\n\n<h3 class=\"wp-block-heading animated bounceInLeft\">Les avantages de la conciliation<\/h3>\n\n\n\n<p>Faire appel \u00e0 un Conciliateur de justice pr\u00e9sente de nombreux avantages. Tout d&rsquo;abord, c&rsquo;est une d\u00e9marche simple, rapide et gratuite. Ensuite, elle permet aux parties en conflit de pr\u00e9server leur relation et de trouver une solution qui leur convient mutuellement. De plus, les accords conclus devant un Conciliateur de justice ont la m\u00eame valeur qu&rsquo;un jugement rendu par un tribunal.<\/p>\n\n\n\n<hr class=\"wp-block-separator has-alpha-channel-opacity\"\/>\n\n\n\n<h2 class=\"wp-block-heading\"><strong>Contact conciliateur de justice<\/strong><\/h2>\n\n\n\n<p>Alain MESURE et Michel PINET : Permanence sur rendez-vous &#8211; Mardi matin \u00e0 la Mairie de Royat<\/p>\n\n\n\n<p><strong>Tel :<\/strong> 06 67 30 13 44<\/p>\n\n\n\n<p><strong>E-mail :<\/strong> <a href=\"alain.mesure@conciliateurdejustice.fr\">alain.mesure@conciliateurdejustice.fr<\/a><\/p>\n\n\n\n<p><strong>Adresse :<\/strong> 43 boulevard Barrieu<\/p>\n\n\n\n<p>Pour en savoir plus, veuillez consulter le site suivant :<a href=\"https:\/\/www.conciliateurs.fr\/\"> www.conciliateurs.fr<\/a><\/p>\n\n\n\n<div class=\"wp-block-buttons is-layout-flex wp-block-buttons-is-layout-flex\">\n<div class=\"wp-block-button\"><a class=\"wp-block-button__link wp-element-button\" href=\"https:\/\/www.ville-blanzat.fr\/wp-content\/uploads\/2024\/01\/25012024_conciliation-de-justice.pdf\">Fiche d&rsquo;information conciliateur<\/a><\/div>\n\n\n\n<div class=\"wp-block-button\"><a class=\"wp-block-button__link wp-element-button\" href=\"https:\/\/www.ville-blanzat.fr\/wp-content\/uploads\/2024\/01\/25012024_La-conciliation-de-justice.pdf\">Fiche conciliateur Blanzat<\/a><\/div>\n<\/div>\n","protected":false},"excerpt":{"rendered":"<p>UN LITIGE ? Qu&rsquo;est-ce qu&rsquo;un Conciliateur de justice ?&nbsp; Le conciliateur intervient aupr\u00e8s des citoyens pour r\u00e9gler des conflits : Le Conciliateur de justice exerce ses fonctions dans le respect de la confidentialit\u00e9 et de l&rsquo;impartialit\u00e9. Il est tenu au secret professionnel et ne peut en aucun cas prendre parti &hellip;<\/p>\n","protected":false},"author":1,"featured_media":0,"parent":0,"menu_order":0,"comment_status":"closed","ping_status":"closed","template":"","meta":{"footnotes":""},"class_list":["post-9289","page","type-page","status-publish","hentry"],"aioseo_notices":[],"_links":{"self":[{"href":"https:\/\/www.ville-blanzat.fr\/index.php\/wp-json\/wp\/v2\/pages\/9289","targetHints":{"allow":["GET"]}}],"collection":[{"href":"https:\/\/www.ville-blanzat.fr\/index.php\/wp-json\/wp\/v2\/pages"}],"about":[{"href":"https:\/\/www.ville-blanzat.fr\/index.php\/wp-json\/wp\/v2\/types\/page"}],"author":[{"embeddable":true,"href":"https:\/\/www.ville-blanzat.fr\/index.php\/wp-json\/wp\/v2\/users\/1"}],"replies":[{"embeddable":true,"href":"https:\/\/www.ville-blanzat.fr\/index.php\/wp-json\/wp\/v2\/comments?post=9289"}],"version-history":[{"count":6,"href":"https:\/\/www.ville-blanzat.fr\/index.php\/wp-json\/wp\/v2\/pages\/9289\/revisions"}],"predecessor-version":[{"id":9312,"href":"https:\/\/www.ville-blanzat.fr\/index.php\/wp-json\/wp\/v2\/pages\/9289\/revisions\/9312"}],"wp:attachment":[{"href":"https:\/\/www.ville-blanzat.fr\/index.php\/wp-json\/wp\/v2\/media?parent=9289"}],"curies":[{"name":"wp","href":"https:\/\/api.w.org\/{rel}","templated":true}]}}